{"id":96,"date":"2013-06-07T11:37:23","date_gmt":"2013-06-07T11:37:23","guid":{"rendered":"https:\/\/yesilyurtyay.com.tr\/?post_type=product&#038;p=96"},"modified":"2020-03-20T11:24:09","modified_gmt":"2020-03-20T08:24:09","slug":"clips-spring","status":"publish","type":"product","link":"https:\/\/yesilyurtyay.com.tr\/en\/product\/clips-spring\/","title":{"rendered":"Clips Spring &#8211; Yesilyurt Spring Turkey"},"content":{"rendered":"<p><\/p>\n<h2>Clips Spring-Quality<\/h2>\n<p><strong>Clips Spring<\/strong>, which show great deformation due to force and which are machine elements that accumulate mechanical energy during this time, have a wide usage area today. Press spring, <strong>form spring<\/strong>, pull and disc springs can be given as examples. <strong>Clip Spring<\/strong> have many tasks within the system such as controlling movement, applying force, changing frequency. For this reason, they are an indispensable part for many products produced today. The shape and loading characteristics of the springs vary according to the area of use.<\/p>\n<p>Duties Of Form Springs<\/p>\n<p>In order to meet many tasks, the form Sagittarius, which has many designs in various sizes, is offered to consumers by many companies. Parts of\u00a0 <strong>clips Spring<\/strong> include tasks such as fixing, holding, locking, routing. Form Sagittarius is sometimes able to perform only one of these tasks and sometimes more than one. They have the opportunity to be mass-produced according to the demands of consumers.<\/p>\n<p><strong>Design Of Springs<\/strong><\/p>\n<p>Engineers often needed bow design during their professional lives. But for the most part the design of the bow is not given much importance. If the springs used do not work as desired, it is not possible to get efficient results from the product. Therefore, it is important to make the design of the springs right. In this way, it can be achieved to reduce the cost and increase the efficiency of the product longevity.<\/p>\n<p>Advantages Of <strong>Clips Spring<\/strong><\/p>\n<p>Different materials allow for rusting, high or low temperature work, high stress, a narrower bending radius and many other design advantages. It is possible to produce a flat <strong>Clips spring<\/strong> from a wide variety of materials in order to provide the highest flexibility.<\/p>\n<p>Contact us if you have any question or order <a href=\"https:\/\/yesilyurtyay.com.tr\/iletisim\/\">form that link<\/a><\/p>\n<p>Yesil yurt yay Spring produces quality for the world<\/p>\n<p>&nbsp;<\/p>","protected":false},"excerpt":{"rendered":"<p><strong>FORM SPRINGS<\/strong><br \/>\nThe tasks of form springs can sometimes be holding, fixing, routing, locking, and triggering parts.<\/p>\n<p>&#8211;<br \/>\n<strong>Yesilyurt Yay<\/strong> produces the springs and varieties you need with 0 error systems that are subject to optional measurements with different needs with machines with technology to process almost all kinds of wire types.<br \/>\n&#8211;<br \/>\nYou can send us the measurements of your project by filling out your custom orders in the order <a href=\"https:\/\/yesilyurtyay.com.tr\/iletisim\/\">FORM<\/a> on our mail or contact page.<\/p>\n","protected":false},"featured_media":1020,"comment_status":"open","ping_status":"closed","template":"","meta":{"_joinchat":[]},"product_cat":[63],"product_tag":[82,78,79,83,76,77,75,74,85,84,80,81],"yoast_head":"<!-- This site is optimized with the Yoast SEO plugin v21.5 - https:\/\/yoast.com\/wordpress\/plugins\/seo\/ -->\n<title>(English) Clips Spring - Yesilyurt Spring Turkey - Clips Spring Export from Turkey<\/title>\n<meta name=\"description\" content=\"Form yay Kuvvet etkisiyle b\u00fcy\u00fck deformasyon g\u00f6steren ve bu s\u0131rada mekanik enerji biriktiren makina elemanlar\u0131 olan yaylar g\u00fcn\u00fcm\u00fczde geni\u015f ............\" \/>\n<meta name=\"robots\" content=\"index, follow, max-snippet:-1, max-image-preview:large, max-video-preview:-1\" \/>\n<link rel=\"canonical\" href=\"https:\/\/yesilyurtyay.com.tr\/product\/clips-spring\/\" \/>\n<meta property=\"og:locale\" content=\"en_US\" \/>\n<meta property=\"og:type\" content=\"article\" \/>\n<meta property=\"og:title\" content=\"(English) Clips Spring - Yesilyurt Spring Turkey - Clips Spring Export from Turkey\" \/>\n<meta property=\"og:description\" content=\"Form yay Kuvvet etkisiyle b\u00fcy\u00fck deformasyon g\u00f6steren ve bu s\u0131rada mekanik enerji biriktiren makina elemanlar\u0131 olan yaylar g\u00fcn\u00fcm\u00fczde geni\u015f ............\" \/>\n<meta property=\"og:url\" content=\"https:\/\/yesilyurtyay.com.tr\/product\/clips-spring\/\" \/>\n<meta property=\"og:site_name\" content=\"Ye\u015fil Yurt Yay\" \/>\n<meta property=\"article:modified_time\" content=\"2020-03-20T08:24:09+00:00\" \/>\n<meta property=\"og:image\" content=\"https:\/\/yesilyurtyay.com.tr\/wp-content\/uploads\/2013\/06\/formlu-yay-1.jpg\" \/>\n\t<meta property=\"og:image:width\" content=\"570\" \/>\n\t<meta property=\"og:image:height\" content=\"570\" \/>\n\t<meta property=\"og:image:type\" content=\"image\/jpeg\" \/>\n<meta name=\"twitter:card\" content=\"summary_large_image\" \/>\n<meta name=\"twitter:label1\" content=\"Est. reading time\" \/>\n\t<meta name=\"twitter:data1\" content=\"4 minutes\" \/>\n<script type=\"application\/ld+json\" class=\"yoast-schema-graph\">{\"@context\":\"https:\/\/schema.org\",\"@graph\":[{\"@type\":\"WebPage\",\"@id\":\"https:\/\/yesilyurtyay.com.tr\/product\/clips-spring\/\",\"url\":\"https:\/\/yesilyurtyay.com.tr\/product\/clips-spring\/\",\"name\":\"(English) Clips Spring - Yesilyurt Spring Turkey - Clips Spring Export from Turkey\",\"isPartOf\":{\"@id\":\"https:\/\/yesilyurtyay.com.tr\/en\/#website\"},\"datePublished\":\"2013-06-07T11:37:23+00:00\",\"dateModified\":\"2020-03-20T08:24:09+00:00\",\"description\":\"Form yay Kuvvet etkisiyle b\u00fcy\u00fck deformasyon g\u00f6steren ve bu s\u0131rada mekanik enerji biriktiren makina elemanlar\u0131 olan yaylar g\u00fcn\u00fcm\u00fczde geni\u015f ............\",\"breadcrumb\":{\"@id\":\"https:\/\/yesilyurtyay.com.tr\/product\/clips-spring\/#breadcrumb\"},\"inLanguage\":\"en-US\",\"potentialAction\":[{\"@type\":\"ReadAction\",\"target\":[\"https:\/\/yesilyurtyay.com.tr\/product\/clips-spring\/\"]}]},{\"@type\":\"BreadcrumbList\",\"@id\":\"https:\/\/yesilyurtyay.com.tr\/product\/clips-spring\/#breadcrumb\",\"itemListElement\":[{\"@type\":\"ListItem\",\"position\":1,\"name\":\"Ana sayfa\",\"item\":\"https:\/\/yesilyurtyay.com.tr\/en\/\"},{\"@type\":\"ListItem\",\"position\":2,\"name\":\"Shop\",\"item\":\"https:\/\/yesilyurtyay.com.tr\/ar\/shop\/\"},{\"@type\":\"ListItem\",\"position\":3,\"name\":\"FORM YAY- Ye\u015filyurt Yay \u0130malat\u0131 San Tic.\"}]},{\"@type\":\"WebSite\",\"@id\":\"https:\/\/yesilyurtyay.com.tr\/en\/#website\",\"url\":\"https:\/\/yesilyurtyay.com.tr\/en\/\",\"name\":\"Ye\u015fil Yurt Yay\",\"description\":\"Yayl\u0131 Kalite\",\"potentialAction\":[{\"@type\":\"SearchAction\",\"target\":{\"@type\":\"EntryPoint\",\"urlTemplate\":\"https:\/\/yesilyurtyay.com.tr\/en\/?s={search_term_string}\"},\"query-input\":\"required name=search_term_string\"}],\"inLanguage\":\"en-US\"}]}<\/script>\n<!-- \/ Yoast SEO plugin. -->","yoast_head_json":{"title":"(English) Clips Spring - Yesilyurt Spring Turkey - Clips Spring Export from Turkey","description":"Form yay Kuvvet etkisiyle b\u00fcy\u00fck deformasyon g\u00f6steren ve bu s\u0131rada mekanik enerji biriktiren makina elemanlar\u0131 olan yaylar g\u00fcn\u00fcm\u00fczde geni\u015f ............","robots":{"index":"index","follow":"follow","max-snippet":"max-snippet:-1","max-image-preview":"max-image-preview:large","max-video-preview":"max-video-preview:-1"},"canonical":"https:\/\/yesilyurtyay.com.tr\/product\/clips-spring\/","og_locale":"en_US","og_type":"article","og_title":"(English) Clips Spring - Yesilyurt Spring Turkey - Clips Spring Export from Turkey","og_description":"Form yay Kuvvet etkisiyle b\u00fcy\u00fck deformasyon g\u00f6steren ve bu s\u0131rada mekanik enerji biriktiren makina elemanlar\u0131 olan yaylar g\u00fcn\u00fcm\u00fczde geni\u015f ............","og_url":"https:\/\/yesilyurtyay.com.tr\/product\/clips-spring\/","og_site_name":"Ye\u015fil Yurt Yay","article_modified_time":"2020-03-20T08:24:09+00:00","og_image":[{"width":570,"height":570,"url":"https:\/\/yesilyurtyay.com.tr\/wp-content\/uploads\/2013\/06\/formlu-yay-1.jpg","type":"image\/jpeg"}],"twitter_card":"summary_large_image","twitter_misc":{"Est. reading time":"4 minutes"},"schema":{"@context":"https:\/\/schema.org","@graph":[{"@type":"WebPage","@id":"https:\/\/yesilyurtyay.com.tr\/product\/clips-spring\/","url":"https:\/\/yesilyurtyay.com.tr\/product\/clips-spring\/","name":"(English) Clips Spring - Yesilyurt Spring Turkey - Clips Spring Export from Turkey","isPartOf":{"@id":"https:\/\/yesilyurtyay.com.tr\/en\/#website"},"datePublished":"2013-06-07T11:37:23+00:00","dateModified":"2020-03-20T08:24:09+00:00","description":"Form yay Kuvvet etkisiyle b\u00fcy\u00fck deformasyon g\u00f6steren ve bu s\u0131rada mekanik enerji biriktiren makina elemanlar\u0131 olan yaylar g\u00fcn\u00fcm\u00fczde geni\u015f ............","breadcrumb":{"@id":"https:\/\/yesilyurtyay.com.tr\/product\/clips-spring\/#breadcrumb"},"inLanguage":"en-US","potentialAction":[{"@type":"ReadAction","target":["https:\/\/yesilyurtyay.com.tr\/product\/clips-spring\/"]}]},{"@type":"BreadcrumbList","@id":"https:\/\/yesilyurtyay.com.tr\/product\/clips-spring\/#breadcrumb","itemListElement":[{"@type":"ListItem","position":1,"name":"Ana sayfa","item":"https:\/\/yesilyurtyay.com.tr\/en\/"},{"@type":"ListItem","position":2,"name":"Shop","item":"https:\/\/yesilyurtyay.com.tr\/ar\/shop\/"},{"@type":"ListItem","position":3,"name":"FORM YAY- Ye\u015filyurt Yay \u0130malat\u0131 San Tic."}]},{"@type":"WebSite","@id":"https:\/\/yesilyurtyay.com.tr\/en\/#website","url":"https:\/\/yesilyurtyay.com.tr\/en\/","name":"Ye\u015fil Yurt Yay","description":"Yayl\u0131 Kalite","potentialAction":[{"@type":"SearchAction","target":{"@type":"EntryPoint","urlTemplate":"https:\/\/yesilyurtyay.com.tr\/en\/?s={search_term_string}"},"query-input":"required name=search_term_string"}],"inLanguage":"en-US"}]}},"_links":{"self":[{"href":"https:\/\/yesilyurtyay.com.tr\/en\/wp-json\/wp\/v2\/product\/96"}],"collection":[{"href":"https:\/\/yesilyurtyay.com.tr\/en\/wp-json\/wp\/v2\/product"}],"about":[{"href":"https:\/\/yesilyurtyay.com.tr\/en\/wp-json\/wp\/v2\/types\/product"}],"replies":[{"embeddable":true,"href":"https:\/\/yesilyurtyay.com.tr\/en\/wp-json\/wp\/v2\/comments?post=96"}],"wp:featuredmedia":[{"embeddable":true,"href":"https:\/\/yesilyurtyay.com.tr\/en\/wp-json\/wp\/v2\/media\/1020"}],"wp:attachment":[{"href":"https:\/\/yesilyurtyay.com.tr\/en\/wp-json\/wp\/v2\/media?parent=96"}],"wp:term":[{"taxonomy":"product_cat","embeddable":true,"href":"https:\/\/yesilyurtyay.com.tr\/en\/wp-json\/wp\/v2\/product_cat?post=96"},{"taxonomy":"product_tag","embeddable":true,"href":"https:\/\/yesilyurtyay.com.tr\/en\/wp-json\/wp\/v2\/product_tag?post=96"}],"curies":[{"name":"wp","href":"https:\/\/api.w.org\/{rel}","templated":true}]}}