{"id":56,"date":"2013-06-07T11:07:19","date_gmt":"2013-06-07T11:07:19","guid":{"rendered":"https:\/\/yesilyurtyay.com.tr\/?post_type=product&#038;p=56"},"modified":"2020-03-20T11:56:27","modified_gmt":"2020-03-20T08:56:27","slug":"mold-spring","status":"publish","type":"product","link":"https:\/\/yesilyurtyay.com.tr\/en\/product\/mold-spring\/","title":{"rendered":"Mold Spring- Export from Turkey"},"content":{"rendered":"<p><\/p>\n<h2>Mold Springs<\/h2>\n<p>Mold spring is a solid helical compression spring consisting of rectangular wire commonly used in die sets. For the same value deviations, die Springs carry thirty percent more load. The die spring is designed to carry very high compression loads in hostile environments. Die Springs and derivatives made mainly for staple presses to provide consistent and reliable resistance can also be used in other industries.<\/p>\n<h3>How Do Such Springs Work?<\/h3>\n<p>The die spring works similarly to standard compression springs, where energy is stored when a load is applied, and the spring tries to keep the two components separate. A tighter spring wrap provides a higher spring ratio for springs produced from the same wire.<\/p>\n<h4>Ingredients<\/h4>\n<p>Steel spring wire tempered in oil is a common material for mold spring. Chromium alloys are also among the common materials used for mold spring due to the chrome layer, which adds wear and corrosion resistance. Chromium silicon or chromium vanadium, which increases size accuracy, minimizes individual stress points, and can operate at higher temperatures, are less common. These metals allow the pedestrian application of a flexible colored layer indicating the working load of a publication.<\/p>\n<p>Bow tips and general features<\/p>\n<p>It has two basic configurations: closed and open end for coil ends.<\/p>\n<p>Closed-end die spring: Closed-End mold spring\u00a0 are reduced to the point where the wire end of the coil range remains on the adjacent coil. This makes the broadcast final winding incomplete and ineffective. It might change the broadcast jamming a bit.<\/p>\n<p>Open end die spring: there is no step reduction at the wire termination point in open end die Springs. This creates a rough surface unless it is grounded. However, this may be insignificant in mold machines. Mold spring<\/p>\n<p><a href=\"https:\/\/yesilyurtyay.com.tr\/iletisim\/\">Please contact us when you need..\u00a0<\/a><br \/>\nAny question try out live chat<\/p>\n<p>&nbsp;<\/p>\n<p>&nbsp;<\/p>\n<p>&nbsp;<\/p>\n<p>&nbsp;<\/p>","protected":false},"excerpt":{"rendered":"<table style=\"width: 80%; font-size: 9px; font-weight: bold;\">\n<tbody style=\"border: 1px solid black;\">\n<tr style=\"background-color: #ffb600;\">\n<th>SER\u0130<\/th>\n<th>Y\u00dcK<\/th>\n<th>UZUN \u00d6M\u00dcR \u0130\u00c7\u0130N KAPANMA ORANI<\/th>\n<th>MAKS\u0130MUM KAPANMA ORANI<\/th>\n<th>D\u0130KKAT KIRILMA ORANI<\/th>\n<\/tr>\n<tr>\n<td style=\"color: #ffb600; height: 30px;\">ISO 10243<\/td>\n<td style=\"text-align: center; height: 30px;\">1s<\/td>\n<td style=\"text-align: center; height: 30px;\">Hafif Y\u00fck<\/td>\n<th>30% (10 milyon)<\/th>\n<th>40%( Birka\u00e7 Y\u00fczbin )-50%<\/th>\n<\/tr>\n<tr>\n<td style=\"color: #ffb600; height: 30px;\">ISO 10243<\/td>\n<td style=\"text-align: center; height: 30px;\">2s<\/td>\n<td style=\"text-align: center; height: 30px;\">Orta y\u00fck<\/td>\n<th>25% (6 milyon)<\/th>\n<th>37.5% ( Y\u00fczbin civar\u0131 )-45%<\/th>\n<\/tr>\n<tr>\n<td style=\"color: #ffb600; height: 30px;\">ISO 10243<\/td>\n<td style=\"text-align: center; height: 30px;\">3s<\/td>\n<td style=\"text-align: center; height: 30px;\">A\u011f\u0131r y\u00fck<\/td>\n<th>20% (4 milyon)<\/th>\n<th>30% ( Y\u00fczbin civar\u0131 )-40%<\/th>\n<\/tr>\n<tr>\n<td style=\"color: #ffb600; height: 30px;\">ISO 10243<\/td>\n<td style=\"text-align: center; height: 30px;\">4s<\/td>\n<td style=\"text-align: center;\">Ekstra a\u011f\u0131r<\/td>\n<th>17% (3 milyon)<\/th>\n<th>25% ( Y\u00fczbin civar\u0131 )-35%<\/th>\n<\/tr>\n<tr>\n<td style=\"color: #ffb600; height: 30px;\">ISO 10243<\/td>\n<td style=\"text-align: center; height: 30px;\">5s<\/td>\n<td style=\"text-align: center;\">S\u00fcper a\u011f\u0131r<\/td>\n<th>10% (Birka\u00e7 y\u00fczbin)<\/th>\n<th>15% (Elli bin civar\u0131 )-20%<\/th>\n<\/tr>\n<\/tbody>\n<\/table>\n<p><strong>Yesilyurt Yay<\/strong> produces the springs and varieties you need with 0 error systems that are subject to optional measurements with different needs with machines with technology to process almost all kinds of wire types.<br \/>\n&#8211;<br \/>\nYou can send us the measurements of your project by filling out your custom orders in the order <a href=\"https:\/\/yesilyurtyay.com.tr\/iletisim\/\">FORM<\/a> on our mail or contact page.<\/p>\n","protected":false},"featured_media":1012,"comment_status":"open","ping_status":"closed","template":"","meta":{"_joinchat":[]},"product_cat":[58],"product_tag":[82,78,79,83,76,77,86,92,80,81],"yoast_head":"<!-- This site is optimized with the Yoast SEO plugin v21.5 - https:\/\/yoast.com\/wordpress\/plugins\/seo\/ -->\n<title>Mold Spring- Export from Turkey - Ye\u015filyurt Yay Kaliteli imalat<\/title>\n<meta name=\"description\" content=\"Kal\u0131p yay, kal\u0131p setlerde yayg\u0131n olarak kullan\u0131lan dikd\u00f6rtgen telden olu\u015fan sa\u011flam bir helisel s\u0131k\u0131\u015ft\u0131rma yay\u0131d\u0131r. Daha fazla bilgi i\u00e7in ileti\u015fime ge\u00e7iniz.\" \/>\n<meta name=\"robots\" content=\"index, follow, max-snippet:-1, max-image-preview:large, max-video-preview:-1\" \/>\n<link rel=\"canonical\" href=\"https:\/\/yesilyurtyay.com.tr\/en\/product\/mold-spring\/\" \/>\n<meta property=\"og:locale\" content=\"en_US\" \/>\n<meta property=\"og:type\" content=\"article\" \/>\n<meta property=\"og:title\" content=\"Mold Spring- Export from Turkey - Ye\u015filyurt Yay Kaliteli imalat\" \/>\n<meta property=\"og:description\" content=\"Kal\u0131p yay, kal\u0131p setlerde yayg\u0131n olarak kullan\u0131lan dikd\u00f6rtgen telden olu\u015fan sa\u011flam bir helisel s\u0131k\u0131\u015ft\u0131rma yay\u0131d\u0131r. Daha fazla bilgi i\u00e7in ileti\u015fime ge\u00e7iniz.\" \/>\n<meta property=\"og:url\" content=\"https:\/\/yesilyurtyay.com.tr\/en\/product\/mold-spring\/\" \/>\n<meta property=\"og:site_name\" content=\"Ye\u015fil Yurt Yay\" \/>\n<meta property=\"article:modified_time\" content=\"2020-03-20T08:56:27+00:00\" \/>\n<meta property=\"og:image\" content=\"https:\/\/yesilyurtyay.com.tr\/wp-content\/uploads\/2013\/06\/kalip-yay-1.jpg\" \/>\n\t<meta property=\"og:image:width\" content=\"570\" \/>\n\t<meta property=\"og:image:height\" content=\"570\" \/>\n\t<meta property=\"og:image:type\" content=\"image\/jpeg\" \/>\n<meta name=\"twitter:card\" content=\"summary_large_image\" \/>\n<meta name=\"twitter:label1\" content=\"Est. reading time\" \/>\n\t<meta name=\"twitter:data1\" content=\"4 minutes\" \/>\n<script type=\"application\/ld+json\" class=\"yoast-schema-graph\">{\"@context\":\"https:\/\/schema.org\",\"@graph\":[{\"@type\":\"WebPage\",\"@id\":\"https:\/\/yesilyurtyay.com.tr\/en\/product\/mold-spring\/\",\"url\":\"https:\/\/yesilyurtyay.com.tr\/en\/product\/mold-spring\/\",\"name\":\"Mold Spring- Export from Turkey - Ye\u015filyurt Yay Kaliteli imalat\",\"isPartOf\":{\"@id\":\"https:\/\/yesilyurtyay.com.tr\/en\/#website\"},\"datePublished\":\"2013-06-07T11:07:19+00:00\",\"dateModified\":\"2020-03-20T08:56:27+00:00\",\"description\":\"Kal\u0131p yay, kal\u0131p setlerde yayg\u0131n olarak kullan\u0131lan dikd\u00f6rtgen telden olu\u015fan sa\u011flam bir helisel s\u0131k\u0131\u015ft\u0131rma yay\u0131d\u0131r. Daha fazla bilgi i\u00e7in ileti\u015fime ge\u00e7iniz.\",\"breadcrumb\":{\"@id\":\"https:\/\/yesilyurtyay.com.tr\/en\/product\/mold-spring\/#breadcrumb\"},\"inLanguage\":\"en-US\",\"potentialAction\":[{\"@type\":\"ReadAction\",\"target\":[\"https:\/\/yesilyurtyay.com.tr\/en\/product\/mold-spring\/\"]}]},{\"@type\":\"BreadcrumbList\",\"@id\":\"https:\/\/yesilyurtyay.com.tr\/en\/product\/mold-spring\/#breadcrumb\",\"itemListElement\":[{\"@type\":\"ListItem\",\"position\":1,\"name\":\"Ana sayfa\",\"item\":\"https:\/\/yesilyurtyay.com.tr\/en\/\"},{\"@type\":\"ListItem\",\"position\":2,\"name\":\"Shop\",\"item\":\"https:\/\/yesilyurtyay.com.tr\/ar\/shop\/\"},{\"@type\":\"ListItem\",\"position\":3,\"name\":\"KALIP YAY &#8211; Yesilyurt yay kalitesiyle\"}]},{\"@type\":\"WebSite\",\"@id\":\"https:\/\/yesilyurtyay.com.tr\/en\/#website\",\"url\":\"https:\/\/yesilyurtyay.com.tr\/en\/\",\"name\":\"Ye\u015fil Yurt Yay\",\"description\":\"Yayl\u0131 Kalite\",\"potentialAction\":[{\"@type\":\"SearchAction\",\"target\":{\"@type\":\"EntryPoint\",\"urlTemplate\":\"https:\/\/yesilyurtyay.com.tr\/en\/?s={search_term_string}\"},\"query-input\":\"required name=search_term_string\"}],\"inLanguage\":\"en-US\"}]}<\/script>\n<!-- \/ Yoast SEO plugin. -->","yoast_head_json":{"title":"Mold Spring- Export from Turkey - Ye\u015filyurt Yay Kaliteli imalat","description":"Kal\u0131p yay, kal\u0131p setlerde yayg\u0131n olarak kullan\u0131lan dikd\u00f6rtgen telden olu\u015fan sa\u011flam bir helisel s\u0131k\u0131\u015ft\u0131rma yay\u0131d\u0131r. Daha fazla bilgi i\u00e7in ileti\u015fime ge\u00e7iniz.","robots":{"index":"index","follow":"follow","max-snippet":"max-snippet:-1","max-image-preview":"max-image-preview:large","max-video-preview":"max-video-preview:-1"},"canonical":"https:\/\/yesilyurtyay.com.tr\/en\/product\/mold-spring\/","og_locale":"en_US","og_type":"article","og_title":"Mold Spring- Export from Turkey - Ye\u015filyurt Yay Kaliteli imalat","og_description":"Kal\u0131p yay, kal\u0131p setlerde yayg\u0131n olarak kullan\u0131lan dikd\u00f6rtgen telden olu\u015fan sa\u011flam bir helisel s\u0131k\u0131\u015ft\u0131rma yay\u0131d\u0131r. Daha fazla bilgi i\u00e7in ileti\u015fime ge\u00e7iniz.","og_url":"https:\/\/yesilyurtyay.com.tr\/en\/product\/mold-spring\/","og_site_name":"Ye\u015fil Yurt Yay","article_modified_time":"2020-03-20T08:56:27+00:00","og_image":[{"width":570,"height":570,"url":"https:\/\/yesilyurtyay.com.tr\/wp-content\/uploads\/2013\/06\/kalip-yay-1.jpg","type":"image\/jpeg"}],"twitter_card":"summary_large_image","twitter_misc":{"Est. reading time":"4 minutes"},"schema":{"@context":"https:\/\/schema.org","@graph":[{"@type":"WebPage","@id":"https:\/\/yesilyurtyay.com.tr\/en\/product\/mold-spring\/","url":"https:\/\/yesilyurtyay.com.tr\/en\/product\/mold-spring\/","name":"Mold Spring- Export from Turkey - Ye\u015filyurt Yay Kaliteli imalat","isPartOf":{"@id":"https:\/\/yesilyurtyay.com.tr\/en\/#website"},"datePublished":"2013-06-07T11:07:19+00:00","dateModified":"2020-03-20T08:56:27+00:00","description":"Kal\u0131p yay, kal\u0131p setlerde yayg\u0131n olarak kullan\u0131lan dikd\u00f6rtgen telden olu\u015fan sa\u011flam bir helisel s\u0131k\u0131\u015ft\u0131rma yay\u0131d\u0131r. Daha fazla bilgi i\u00e7in ileti\u015fime ge\u00e7iniz.","breadcrumb":{"@id":"https:\/\/yesilyurtyay.com.tr\/en\/product\/mold-spring\/#breadcrumb"},"inLanguage":"en-US","potentialAction":[{"@type":"ReadAction","target":["https:\/\/yesilyurtyay.com.tr\/en\/product\/mold-spring\/"]}]},{"@type":"BreadcrumbList","@id":"https:\/\/yesilyurtyay.com.tr\/en\/product\/mold-spring\/#breadcrumb","itemListElement":[{"@type":"ListItem","position":1,"name":"Ana sayfa","item":"https:\/\/yesilyurtyay.com.tr\/en\/"},{"@type":"ListItem","position":2,"name":"Shop","item":"https:\/\/yesilyurtyay.com.tr\/ar\/shop\/"},{"@type":"ListItem","position":3,"name":"KALIP YAY &#8211; Yesilyurt yay kalitesiyle"}]},{"@type":"WebSite","@id":"https:\/\/yesilyurtyay.com.tr\/en\/#website","url":"https:\/\/yesilyurtyay.com.tr\/en\/","name":"Ye\u015fil Yurt Yay","description":"Yayl\u0131 Kalite","potentialAction":[{"@type":"SearchAction","target":{"@type":"EntryPoint","urlTemplate":"https:\/\/yesilyurtyay.com.tr\/en\/?s={search_term_string}"},"query-input":"required name=search_term_string"}],"inLanguage":"en-US"}]}},"_links":{"self":[{"href":"https:\/\/yesilyurtyay.com.tr\/en\/wp-json\/wp\/v2\/product\/56"}],"collection":[{"href":"https:\/\/yesilyurtyay.com.tr\/en\/wp-json\/wp\/v2\/product"}],"about":[{"href":"https:\/\/yesilyurtyay.com.tr\/en\/wp-json\/wp\/v2\/types\/product"}],"replies":[{"embeddable":true,"href":"https:\/\/yesilyurtyay.com.tr\/en\/wp-json\/wp\/v2\/comments?post=56"}],"wp:featuredmedia":[{"embeddable":true,"href":"https:\/\/yesilyurtyay.com.tr\/en\/wp-json\/wp\/v2\/media\/1012"}],"wp:attachment":[{"href":"https:\/\/yesilyurtyay.com.tr\/en\/wp-json\/wp\/v2\/media?parent=56"}],"wp:term":[{"taxonomy":"product_cat","embeddable":true,"href":"https:\/\/yesilyurtyay.com.tr\/en\/wp-json\/wp\/v2\/product_cat?post=56"},{"taxonomy":"product_tag","embeddable":true,"href":"https:\/\/yesilyurtyay.com.tr\/en\/wp-json\/wp\/v2\/product_tag?post=56"}],"curies":[{"name":"wp","href":"https:\/\/api.w.org\/{rel}","templated":true}]}}