{"id":40,"date":"2013-06-07T11:00:28","date_gmt":"2013-06-07T11:00:28","guid":{"rendered":"https:\/\/yesilyurtyay.com.tr\/?post_type=product&#038;p=40"},"modified":"2022-05-24T08:35:06","modified_gmt":"2022-05-24T05:35:06","slug":"extension-spring","status":"publish","type":"product","link":"https:\/\/yesilyurtyay.com.tr\/en\/product\/extension-spring\/","title":{"rendered":"Extension Spring- Exporting from Turkey"},"content":{"rendered":"<p><\/p>\n<h2>Extension Spring Quality<\/h2>\n<p>The Extension Spring is made of wire in a circular, rectangular or square cross-section wrapped around a specific axis and in a specific step in the left or right direction.\u00a0 It is a type of spring that can resist a tensile force and form an inverse force.<\/p>\n<p>And its yellows are produced adjacent to each other. Since the hooks at the End are subject to both bending and torsion, the stresses of the hooks must be kept to a minimum level.<\/p>\n<p>The application of heat treatment, which is of great importance for the tensile spring to reach a maximum strength.<strong>Extension Spring<\/strong><\/p>\n<p>Is kept under constant control as time and degree. Thus, customer satisfaction is ensured at maximum level by not sacrificing quality.<\/p>\n<p>With today&#8217;s high technology, the production of the drawing spring suitable for the desired drawing forces, with the desired paint and tension degrees can be made. Drawing Springs, which are resistance to tensile forces, are generally produced with their winding closed. In addition to the standard type hooks, the desired type of hooks can be designed according to customer demands.<\/p>\n<h3><strong>Details of springs<\/strong><\/h3>\n<p>In addition, the calibration of the firms &#8216;<strong>Extension Spring\u00a0<\/strong> furnaces by the Turkish Standards Institute must be done periodically. In order for the towing springs to work smoothly, the bending and torsional stresses encountered by the end and hook parts of the springs must be kept at an optimum level.<\/p>\n<p>Bending and torsional stresses, Springs may interfere with the work of the other parts of the system outside .<strong>Extension Spring<\/strong><\/p>\n<p>The springs that the source or sources of these problems by searching for, it is necessary to change the parts.<\/p>\n<p>For any question of your order please contact with us via mail. Or you can use our live chat\u00a0 \u00a0support form website in work time . <a href=\"https:\/\/yesilyurtyay.com.tr\/iletisim\/\">L\u0130NK CONTACT<\/a><\/p>\n<p>&nbsp;<\/p>\n<p>&nbsp;<\/p>","protected":false},"excerpt":{"rendered":"<p><strong>Extension Spring<\/strong><\/p>\n<div id=\"translation_text\"><strong>Yesilyurt yay<\/strong> and machinery Industry continuously uses the regeneration of the loadsen technology, the towing springs of all sizes and tension degrees, the desired towing force produces in accordance with the desired tensile force.The way it works, these springs, which resist ingenue, are generally produced with their yellowing closed.<\/div>\n<p>&#8211;<br \/>\n<strong>Yesilyurt Yay<\/strong> produces the springs and varieties you need with 0 error systems that are subject to optional measurements with different needs with machines with technology to process almost all kinds of wire types.<br \/>\n&#8211;<br \/>\nYou can send us the measurements of your project by filling out your custom orders in the order <a href=\"https:\/\/yesilyurtyay.com.tr\/iletisim\/\">FORM<\/a> on our mail or contact page.<\/p>\n","protected":false},"featured_media":1010,"comment_status":"open","ping_status":"closed","template":"","meta":{"_joinchat":[]},"product_cat":[65,60],"product_tag":[82,93,78,79,83,76,77,86,80,81],"yoast_head":"<!-- This site is optimized with the Yoast SEO plugin v21.5 - https:\/\/yoast.com\/wordpress\/plugins\/seo\/ -->\n<title>Extension Spring- Exporting from Turkey - \u0130malat sanayi<\/title>\n<meta name=\"description\" content=\"\u00c7ekme yay, belirli bir eksen etraf\u0131nda ve belirli ad\u0131mlarla sol ya da sa\u011f y\u00f6nde sar\u0131lm\u0131\u015f dairesel, dikd\u00f6rtgen ya da kare kesitte ki telden imal edilir.\" \/>\n<meta name=\"robots\" content=\"index, follow, max-snippet:-1, max-image-preview:large, max-video-preview:-1\" \/>\n<link rel=\"canonical\" href=\"https:\/\/yesilyurtyay.com.tr\/en\/product\/extension-spring\/\" \/>\n<meta property=\"og:locale\" content=\"en_US\" \/>\n<meta property=\"og:type\" content=\"article\" \/>\n<meta property=\"og:title\" content=\"Extension Spring- Exporting from Turkey - \u0130malat sanayi\" \/>\n<meta property=\"og:description\" content=\"\u00c7ekme yay, belirli bir eksen etraf\u0131nda ve belirli ad\u0131mlarla sol ya da sa\u011f y\u00f6nde sar\u0131lm\u0131\u015f dairesel, dikd\u00f6rtgen ya da kare kesitte ki telden imal edilir.\" \/>\n<meta property=\"og:url\" content=\"https:\/\/yesilyurtyay.com.tr\/en\/product\/extension-spring\/\" \/>\n<meta property=\"og:site_name\" content=\"Ye\u015fil Yurt Yay\" \/>\n<meta property=\"article:modified_time\" content=\"2022-05-24T05:35:06+00:00\" \/>\n<meta property=\"og:image\" content=\"https:\/\/yesilyurtyay.com.tr\/wp-content\/uploads\/2013\/06\/cekme-yay-1.jpg\" \/>\n\t<meta property=\"og:image:width\" content=\"570\" \/>\n\t<meta property=\"og:image:height\" content=\"570\" \/>\n\t<meta property=\"og:image:type\" content=\"image\/jpeg\" \/>\n<meta name=\"twitter:card\" content=\"summary_large_image\" \/>\n<meta name=\"twitter:label1\" content=\"Est. reading time\" \/>\n\t<meta name=\"twitter:data1\" content=\"4 minutes\" \/>\n<script type=\"application\/ld+json\" class=\"yoast-schema-graph\">{\"@context\":\"https:\/\/schema.org\",\"@graph\":[{\"@type\":\"WebPage\",\"@id\":\"https:\/\/yesilyurtyay.com.tr\/en\/product\/extension-spring\/\",\"url\":\"https:\/\/yesilyurtyay.com.tr\/en\/product\/extension-spring\/\",\"name\":\"Extension Spring- Exporting from Turkey - \u0130malat sanayi\",\"isPartOf\":{\"@id\":\"https:\/\/yesilyurtyay.com.tr\/en\/#website\"},\"datePublished\":\"2013-06-07T11:00:28+00:00\",\"dateModified\":\"2022-05-24T05:35:06+00:00\",\"description\":\"\u00c7ekme yay, belirli bir eksen etraf\u0131nda ve belirli ad\u0131mlarla sol ya da sa\u011f y\u00f6nde sar\u0131lm\u0131\u015f dairesel, dikd\u00f6rtgen ya da kare kesitte ki telden imal edilir.\",\"breadcrumb\":{\"@id\":\"https:\/\/yesilyurtyay.com.tr\/en\/product\/extension-spring\/#breadcrumb\"},\"inLanguage\":\"en-US\",\"potentialAction\":[{\"@type\":\"ReadAction\",\"target\":[\"https:\/\/yesilyurtyay.com.tr\/en\/product\/extension-spring\/\"]}]},{\"@type\":\"BreadcrumbList\",\"@id\":\"https:\/\/yesilyurtyay.com.tr\/en\/product\/extension-spring\/#breadcrumb\",\"itemListElement\":[{\"@type\":\"ListItem\",\"position\":1,\"name\":\"Ana sayfa\",\"item\":\"https:\/\/yesilyurtyay.com.tr\/en\/\"},{\"@type\":\"ListItem\",\"position\":2,\"name\":\"Shop\",\"item\":\"https:\/\/yesilyurtyay.com.tr\/ar\/shop\/\"},{\"@type\":\"ListItem\",\"position\":3,\"name\":\"\u00c7EKME YAY- Ye\u015filyurt yay Kaliteli imalat\"}]},{\"@type\":\"WebSite\",\"@id\":\"https:\/\/yesilyurtyay.com.tr\/en\/#website\",\"url\":\"https:\/\/yesilyurtyay.com.tr\/en\/\",\"name\":\"Ye\u015fil Yurt Yay\",\"description\":\"Yayl\u0131 Kalite\",\"potentialAction\":[{\"@type\":\"SearchAction\",\"target\":{\"@type\":\"EntryPoint\",\"urlTemplate\":\"https:\/\/yesilyurtyay.com.tr\/en\/?s={search_term_string}\"},\"query-input\":\"required name=search_term_string\"}],\"inLanguage\":\"en-US\"}]}<\/script>\n<!-- \/ Yoast SEO plugin. -->","yoast_head_json":{"title":"Extension Spring- Exporting from Turkey - \u0130malat sanayi","description":"\u00c7ekme yay, belirli bir eksen etraf\u0131nda ve belirli ad\u0131mlarla sol ya da sa\u011f y\u00f6nde sar\u0131lm\u0131\u015f dairesel, dikd\u00f6rtgen ya da kare kesitte ki telden imal edilir.","robots":{"index":"index","follow":"follow","max-snippet":"max-snippet:-1","max-image-preview":"max-image-preview:large","max-video-preview":"max-video-preview:-1"},"canonical":"https:\/\/yesilyurtyay.com.tr\/en\/product\/extension-spring\/","og_locale":"en_US","og_type":"article","og_title":"Extension Spring- Exporting from Turkey - \u0130malat sanayi","og_description":"\u00c7ekme yay, belirli bir eksen etraf\u0131nda ve belirli ad\u0131mlarla sol ya da sa\u011f y\u00f6nde sar\u0131lm\u0131\u015f dairesel, dikd\u00f6rtgen ya da kare kesitte ki telden imal edilir.","og_url":"https:\/\/yesilyurtyay.com.tr\/en\/product\/extension-spring\/","og_site_name":"Ye\u015fil Yurt Yay","article_modified_time":"2022-05-24T05:35:06+00:00","og_image":[{"width":570,"height":570,"url":"https:\/\/yesilyurtyay.com.tr\/wp-content\/uploads\/2013\/06\/cekme-yay-1.jpg","type":"image\/jpeg"}],"twitter_card":"summary_large_image","twitter_misc":{"Est. reading time":"4 minutes"},"schema":{"@context":"https:\/\/schema.org","@graph":[{"@type":"WebPage","@id":"https:\/\/yesilyurtyay.com.tr\/en\/product\/extension-spring\/","url":"https:\/\/yesilyurtyay.com.tr\/en\/product\/extension-spring\/","name":"Extension Spring- Exporting from Turkey - \u0130malat sanayi","isPartOf":{"@id":"https:\/\/yesilyurtyay.com.tr\/en\/#website"},"datePublished":"2013-06-07T11:00:28+00:00","dateModified":"2022-05-24T05:35:06+00:00","description":"\u00c7ekme yay, belirli bir eksen etraf\u0131nda ve belirli ad\u0131mlarla sol ya da sa\u011f y\u00f6nde sar\u0131lm\u0131\u015f dairesel, dikd\u00f6rtgen ya da kare kesitte ki telden imal edilir.","breadcrumb":{"@id":"https:\/\/yesilyurtyay.com.tr\/en\/product\/extension-spring\/#breadcrumb"},"inLanguage":"en-US","potentialAction":[{"@type":"ReadAction","target":["https:\/\/yesilyurtyay.com.tr\/en\/product\/extension-spring\/"]}]},{"@type":"BreadcrumbList","@id":"https:\/\/yesilyurtyay.com.tr\/en\/product\/extension-spring\/#breadcrumb","itemListElement":[{"@type":"ListItem","position":1,"name":"Ana sayfa","item":"https:\/\/yesilyurtyay.com.tr\/en\/"},{"@type":"ListItem","position":2,"name":"Shop","item":"https:\/\/yesilyurtyay.com.tr\/ar\/shop\/"},{"@type":"ListItem","position":3,"name":"\u00c7EKME YAY- Ye\u015filyurt yay Kaliteli imalat"}]},{"@type":"WebSite","@id":"https:\/\/yesilyurtyay.com.tr\/en\/#website","url":"https:\/\/yesilyurtyay.com.tr\/en\/","name":"Ye\u015fil Yurt Yay","description":"Yayl\u0131 Kalite","potentialAction":[{"@type":"SearchAction","target":{"@type":"EntryPoint","urlTemplate":"https:\/\/yesilyurtyay.com.tr\/en\/?s={search_term_string}"},"query-input":"required name=search_term_string"}],"inLanguage":"en-US"}]}},"_links":{"self":[{"href":"https:\/\/yesilyurtyay.com.tr\/en\/wp-json\/wp\/v2\/product\/40"}],"collection":[{"href":"https:\/\/yesilyurtyay.com.tr\/en\/wp-json\/wp\/v2\/product"}],"about":[{"href":"https:\/\/yesilyurtyay.com.tr\/en\/wp-json\/wp\/v2\/types\/product"}],"replies":[{"embeddable":true,"href":"https:\/\/yesilyurtyay.com.tr\/en\/wp-json\/wp\/v2\/comments?post=40"}],"wp:featuredmedia":[{"embeddable":true,"href":"https:\/\/yesilyurtyay.com.tr\/en\/wp-json\/wp\/v2\/media\/1010"}],"wp:attachment":[{"href":"https:\/\/yesilyurtyay.com.tr\/en\/wp-json\/wp\/v2\/media?parent=40"}],"wp:term":[{"taxonomy":"product_cat","embeddable":true,"href":"https:\/\/yesilyurtyay.com.tr\/en\/wp-json\/wp\/v2\/product_cat?post=40"},{"taxonomy":"product_tag","embeddable":true,"href":"https:\/\/yesilyurtyay.com.tr\/en\/wp-json\/wp\/v2\/product_tag?post=40"}],"curies":[{"name":"wp","href":"https:\/\/api.w.org\/{rel}","templated":true}]}}