{"id":15,"date":"2013-06-07T10:35:51","date_gmt":"2013-06-07T10:35:51","guid":{"rendered":"https:\/\/yesilyurtyay.com.tr\/?post_type=product&#038;p=15"},"modified":"2020-03-20T14:55:43","modified_gmt":"2020-03-20T11:55:43","slug":"tasiyici-helezon-yay","status":"publish","type":"product","link":"https:\/\/yesilyurtyay.com.tr\/en\/product\/tasiyici-helezon-yay\/","title":{"rendered":"Carrier Coil Spring &#8211; Export From turkey"},"content":{"rendered":"<p><\/p>\n<h2>Carrier Coil Springs-Ye\u015filyurt Spring<\/h2>\n<p>The types of <strong>carrier coil spring<\/strong>, which are of great importance for heavy duty work. S<\/p>\n<p>hould give durability and ease of use in all aspects.<\/p>\n<p>Within the scope of the quality production we handle in this direction, you can set up messagesim with us for the <strong>carrier coil spring<\/strong>.<\/p>\n<p>The types of coil springs used in a wide range of different fields represent an important potential, especially when it comes to heavy work and instruments.<\/p>\n<p>Carrier Helices<\/p>\n<p>These types of coil springs, which have high bearing capacity, pass through production with Quality Tool-material structure. Designs that will provide evaluation opportunities in many different areas in accordance with the purpose are presented to you within our company as a <strong>carrier coil spring\u00a0<\/strong><\/p>\n<p>Carrier spring with different uses<\/p>\n<p>On behalf of the carrier coil spring. Which is a step forward for heavy duty work.<\/p>\n<p>We offer you designs that will meet your needs in the best way possible. In this context, carrier coil springs are evaluated especially for large instruments used in<br \/>\nHeavy Duty Automobile type. Therefore, in accordance with the tonages of different instruments, we produce strong bearing coil springs that achieve high resistance.<\/p>\n<p><a href=\"https:\/\/yesilyurtyay.com.tr\/iletisim\/\">Please contact us when you need any help\u00a0 or if you have an question<\/a><\/p>\n<p>With the corporate service approach, we provide production based on the original dimensions through different dimensions and designs for the needs. It is sufficient for this through different ways with us through our site. In this context, you can pass the required measurements at the time of the order.<\/p>\n<p>So it should have the structure to provide resistance and carry potential for whatever heavy services.<\/p>\n<p>We are aware of this and we offer you the best service within the scope of Special Planning and project design, with the measures for your needs.<\/p>","protected":false},"excerpt":{"rendered":"<p><strong>CARR\u0130ER CO\u0130L SPR\u0130NG<\/strong><br \/>\n<strong>Carrier spiral springs<\/strong> are usually used in car-type vehicles and scissors in pain service vehicles.Springs take on the impact vibrations from the road. The shock absorber controls the release of springs. Sports (short and hard) springs: we use it in our vehicles to increase the stability of the car.<br \/>\n&#8211;<br \/>\n<strong>Yesilyurt Yay<\/strong> produces the springs and varieties you need with 0 error systems that are subject to optional measurements with different needs with machines with technology to process almost all kinds of wire types.<br \/>\n&#8211;<br \/>\nYou can send us the measurements of your project by filling out your custom orders in the order <a href=\"https:\/\/yesilyurtyay.com.tr\/iletisim\/\">FORM<\/a> on our mail or contact page.<\/p>\n","protected":false},"featured_media":1024,"comment_status":"open","ping_status":"closed","template":"","meta":{"_joinchat":[]},"product_cat":[64,62],"product_tag":[82,78,79,83,76,77,86,97,80,98,81,96],"yoast_head":"<!-- This site is optimized with the Yoast SEO plugin v21.5 - https:\/\/yoast.com\/wordpress\/plugins\/seo\/ -->\n<title>Carrier Coil Spring - Export From turkey - Ye\u015fil Yurt Yay Kaliteli imalat<\/title>\n<meta name=\"description\" content=\"A\u011f\u0131r i\u015fler i\u00e7in b\u00fcy\u00fck \u00f6neme sahip olan Ta\u015f\u0131y\u0131c\u0131 helezon yay \u00e7e\u015fitleri, her a\u00e7\u0131dan dayan\u0131kl\u0131l\u0131k ve rahat kullan\u0131m olana\u011f\u0131 vermelidir. Bu do\u011frultuda ele ....\" \/>\n<meta name=\"robots\" content=\"index, follow, max-snippet:-1, max-image-preview:large, max-video-preview:-1\" \/>\n<link rel=\"canonical\" href=\"https:\/\/yesilyurtyay.com.tr\/en\/product\/tasiyici-helezon-yay\/\" \/>\n<meta property=\"og:locale\" content=\"en_US\" \/>\n<meta property=\"og:type\" content=\"article\" \/>\n<meta property=\"og:title\" content=\"Carrier Coil Spring - Export From turkey - Ye\u015fil Yurt Yay Kaliteli imalat\" \/>\n<meta property=\"og:description\" content=\"A\u011f\u0131r i\u015fler i\u00e7in b\u00fcy\u00fck \u00f6neme sahip olan Ta\u015f\u0131y\u0131c\u0131 helezon yay \u00e7e\u015fitleri, her a\u00e7\u0131dan dayan\u0131kl\u0131l\u0131k ve rahat kullan\u0131m olana\u011f\u0131 vermelidir. Bu do\u011frultuda ele ....\" \/>\n<meta property=\"og:url\" content=\"https:\/\/yesilyurtyay.com.tr\/en\/product\/tasiyici-helezon-yay\/\" \/>\n<meta property=\"og:site_name\" content=\"Ye\u015fil Yurt Yay\" \/>\n<meta property=\"article:modified_time\" content=\"2020-03-20T11:55:43+00:00\" \/>\n<meta property=\"og:image\" content=\"https:\/\/yesilyurtyay.com.tr\/wp-content\/uploads\/2013\/06\/tasiyici-helezon-yay-1.jpg\" \/>\n\t<meta property=\"og:image:width\" content=\"570\" \/>\n\t<meta property=\"og:image:height\" content=\"570\" \/>\n\t<meta property=\"og:image:type\" content=\"image\/jpeg\" \/>\n<meta name=\"twitter:card\" content=\"summary_large_image\" \/>\n<meta name=\"twitter:label1\" content=\"Est. reading time\" \/>\n\t<meta name=\"twitter:data1\" content=\"4 minutes\" \/>\n<script type=\"application\/ld+json\" class=\"yoast-schema-graph\">{\"@context\":\"https:\/\/schema.org\",\"@graph\":[{\"@type\":\"WebPage\",\"@id\":\"https:\/\/yesilyurtyay.com.tr\/en\/product\/tasiyici-helezon-yay\/\",\"url\":\"https:\/\/yesilyurtyay.com.tr\/en\/product\/tasiyici-helezon-yay\/\",\"name\":\"Carrier Coil Spring - Export From turkey - Ye\u015fil Yurt Yay Kaliteli imalat\",\"isPartOf\":{\"@id\":\"https:\/\/yesilyurtyay.com.tr\/en\/#website\"},\"datePublished\":\"2013-06-07T10:35:51+00:00\",\"dateModified\":\"2020-03-20T11:55:43+00:00\",\"description\":\"A\u011f\u0131r i\u015fler i\u00e7in b\u00fcy\u00fck \u00f6neme sahip olan Ta\u015f\u0131y\u0131c\u0131 helezon yay \u00e7e\u015fitleri, her a\u00e7\u0131dan dayan\u0131kl\u0131l\u0131k ve rahat kullan\u0131m olana\u011f\u0131 vermelidir. Bu do\u011frultuda ele ....\",\"breadcrumb\":{\"@id\":\"https:\/\/yesilyurtyay.com.tr\/en\/product\/tasiyici-helezon-yay\/#breadcrumb\"},\"inLanguage\":\"en-US\",\"potentialAction\":[{\"@type\":\"ReadAction\",\"target\":[\"https:\/\/yesilyurtyay.com.tr\/en\/product\/tasiyici-helezon-yay\/\"]}]},{\"@type\":\"BreadcrumbList\",\"@id\":\"https:\/\/yesilyurtyay.com.tr\/en\/product\/tasiyici-helezon-yay\/#breadcrumb\",\"itemListElement\":[{\"@type\":\"ListItem\",\"position\":1,\"name\":\"Ana sayfa\",\"item\":\"https:\/\/yesilyurtyay.com.tr\/en\/\"},{\"@type\":\"ListItem\",\"position\":2,\"name\":\"Shop\",\"item\":\"https:\/\/yesilyurtyay.com.tr\/ar\/shop\/\"},{\"@type\":\"ListItem\",\"position\":3,\"name\":\"Ta\u015f\u0131y\u0131c\u0131 Helezon Yay\"}]},{\"@type\":\"WebSite\",\"@id\":\"https:\/\/yesilyurtyay.com.tr\/en\/#website\",\"url\":\"https:\/\/yesilyurtyay.com.tr\/en\/\",\"name\":\"Ye\u015fil Yurt Yay\",\"description\":\"Yayl\u0131 Kalite\",\"potentialAction\":[{\"@type\":\"SearchAction\",\"target\":{\"@type\":\"EntryPoint\",\"urlTemplate\":\"https:\/\/yesilyurtyay.com.tr\/en\/?s={search_term_string}\"},\"query-input\":\"required name=search_term_string\"}],\"inLanguage\":\"en-US\"}]}<\/script>\n<!-- \/ Yoast SEO plugin. -->","yoast_head_json":{"title":"Carrier Coil Spring - Export From turkey - Ye\u015fil Yurt Yay Kaliteli imalat","description":"A\u011f\u0131r i\u015fler i\u00e7in b\u00fcy\u00fck \u00f6neme sahip olan Ta\u015f\u0131y\u0131c\u0131 helezon yay \u00e7e\u015fitleri, her a\u00e7\u0131dan dayan\u0131kl\u0131l\u0131k ve rahat kullan\u0131m olana\u011f\u0131 vermelidir. Bu do\u011frultuda ele ....","robots":{"index":"index","follow":"follow","max-snippet":"max-snippet:-1","max-image-preview":"max-image-preview:large","max-video-preview":"max-video-preview:-1"},"canonical":"https:\/\/yesilyurtyay.com.tr\/en\/product\/tasiyici-helezon-yay\/","og_locale":"en_US","og_type":"article","og_title":"Carrier Coil Spring - Export From turkey - Ye\u015fil Yurt Yay Kaliteli imalat","og_description":"A\u011f\u0131r i\u015fler i\u00e7in b\u00fcy\u00fck \u00f6neme sahip olan Ta\u015f\u0131y\u0131c\u0131 helezon yay \u00e7e\u015fitleri, her a\u00e7\u0131dan dayan\u0131kl\u0131l\u0131k ve rahat kullan\u0131m olana\u011f\u0131 vermelidir. Bu do\u011frultuda ele ....","og_url":"https:\/\/yesilyurtyay.com.tr\/en\/product\/tasiyici-helezon-yay\/","og_site_name":"Ye\u015fil Yurt Yay","article_modified_time":"2020-03-20T11:55:43+00:00","og_image":[{"width":570,"height":570,"url":"https:\/\/yesilyurtyay.com.tr\/wp-content\/uploads\/2013\/06\/tasiyici-helezon-yay-1.jpg","type":"image\/jpeg"}],"twitter_card":"summary_large_image","twitter_misc":{"Est. reading time":"4 minutes"},"schema":{"@context":"https:\/\/schema.org","@graph":[{"@type":"WebPage","@id":"https:\/\/yesilyurtyay.com.tr\/en\/product\/tasiyici-helezon-yay\/","url":"https:\/\/yesilyurtyay.com.tr\/en\/product\/tasiyici-helezon-yay\/","name":"Carrier Coil Spring - Export From turkey - Ye\u015fil Yurt Yay Kaliteli imalat","isPartOf":{"@id":"https:\/\/yesilyurtyay.com.tr\/en\/#website"},"datePublished":"2013-06-07T10:35:51+00:00","dateModified":"2020-03-20T11:55:43+00:00","description":"A\u011f\u0131r i\u015fler i\u00e7in b\u00fcy\u00fck \u00f6neme sahip olan Ta\u015f\u0131y\u0131c\u0131 helezon yay \u00e7e\u015fitleri, her a\u00e7\u0131dan dayan\u0131kl\u0131l\u0131k ve rahat kullan\u0131m olana\u011f\u0131 vermelidir. Bu do\u011frultuda ele ....","breadcrumb":{"@id":"https:\/\/yesilyurtyay.com.tr\/en\/product\/tasiyici-helezon-yay\/#breadcrumb"},"inLanguage":"en-US","potentialAction":[{"@type":"ReadAction","target":["https:\/\/yesilyurtyay.com.tr\/en\/product\/tasiyici-helezon-yay\/"]}]},{"@type":"BreadcrumbList","@id":"https:\/\/yesilyurtyay.com.tr\/en\/product\/tasiyici-helezon-yay\/#breadcrumb","itemListElement":[{"@type":"ListItem","position":1,"name":"Ana sayfa","item":"https:\/\/yesilyurtyay.com.tr\/en\/"},{"@type":"ListItem","position":2,"name":"Shop","item":"https:\/\/yesilyurtyay.com.tr\/ar\/shop\/"},{"@type":"ListItem","position":3,"name":"Ta\u015f\u0131y\u0131c\u0131 Helezon Yay"}]},{"@type":"WebSite","@id":"https:\/\/yesilyurtyay.com.tr\/en\/#website","url":"https:\/\/yesilyurtyay.com.tr\/en\/","name":"Ye\u015fil Yurt Yay","description":"Yayl\u0131 Kalite","potentialAction":[{"@type":"SearchAction","target":{"@type":"EntryPoint","urlTemplate":"https:\/\/yesilyurtyay.com.tr\/en\/?s={search_term_string}"},"query-input":"required name=search_term_string"}],"inLanguage":"en-US"}]}},"_links":{"self":[{"href":"https:\/\/yesilyurtyay.com.tr\/en\/wp-json\/wp\/v2\/product\/15"}],"collection":[{"href":"https:\/\/yesilyurtyay.com.tr\/en\/wp-json\/wp\/v2\/product"}],"about":[{"href":"https:\/\/yesilyurtyay.com.tr\/en\/wp-json\/wp\/v2\/types\/product"}],"replies":[{"embeddable":true,"href":"https:\/\/yesilyurtyay.com.tr\/en\/wp-json\/wp\/v2\/comments?post=15"}],"wp:featuredmedia":[{"embeddable":true,"href":"https:\/\/yesilyurtyay.com.tr\/en\/wp-json\/wp\/v2\/media\/1024"}],"wp:attachment":[{"href":"https:\/\/yesilyurtyay.com.tr\/en\/wp-json\/wp\/v2\/media?parent=15"}],"wp:term":[{"taxonomy":"product_cat","embeddable":true,"href":"https:\/\/yesilyurtyay.com.tr\/en\/wp-json\/wp\/v2\/product_cat?post=15"},{"taxonomy":"product_tag","embeddable":true,"href":"https:\/\/yesilyurtyay.com.tr\/en\/wp-json\/wp\/v2\/product_tag?post=15"}],"curies":[{"name":"wp","href":"https:\/\/api.w.org\/{rel}","templated":true}]}}