{"id":117,"date":"2015-07-18T09:24:53","date_gmt":"2015-07-18T09:24:53","guid":{"rendered":"https:\/\/yesilyurtyay.com.tr\/?page_id=117"},"modified":"2022-10-17T11:18:16","modified_gmt":"2022-10-17T08:18:16","slug":"iletisim","status":"publish","type":"page","link":"https:\/\/yesilyurtyay.com.tr\/en\/iletisim\/","title":{"rendered":"Contact"},"content":{"rendered":"<section class=\"wpb-content-wrapper\"><p>[vc_row layout=&#8221;boxed&#8221; parallax_style=&#8221;none&#8221; parallax_scroll_effect=&#8221;fixed&#8221; el_class=&#8221;margin-bottom-90&#8243;][vc_column width=&#8221;1\/3&#8243; el_class=&#8221;col-md-4 col-sm-12&#8243;]\t\t\t<div\n\t\t\t\tclass=\"darna-icon-box style4 \" >\n\t\t\t\t<a class=\"ibox-icon\" title=\"\"\n\t\t\t\t   target=\"_self\" href=\"#\">\n\t\t\t\t\t\t\t\t\t\t\t<i class=\"fa fa-road\"><\/i>\n\t\t\t\t\t\t\t\t\t<\/a>\n\t\t\t\t\t\t\t\t\t<h3><a title=\"\" target=\"_self\"\n\t\t\t\t\t       href=\"#\">Adres<\/a><\/h3>\n\t\t\t\t\t\t\t\t\t<p>K\u00f6\u015fkl\u00fc \u00c7e\u015fme Mah, Yeni ba\u011fdat cad.<br \/>\nNo:132 41400<br \/>\nGebze\/Kocaeli<\/p>\n\t\t\t\t\t\t\t<\/div>\n\t\t\t[\/vc_column][vc_column width=&#8221;1\/3&#8243; el_class=&#8221;col-md-4 col-sm-12&#8243;]\t\t\t<div\n\t\t\t\tclass=\"darna-icon-box style4 \" >\n\t\t\t\t<a class=\"ibox-icon\" title=\"\"\n\t\t\t\t   target=\"_self\" href=\"#\">\n\t\t\t\t\t\t\t\t\t\t\t<i class=\"fa fa-phone\"><\/i>\n\t\t\t\t\t\t\t\t\t<\/a>\n\t\t\t\t\t\t\t\t\t<h3><a title=\"\" target=\"_self\"\n\t\t\t\t\t       href=\"#\">Telefon<\/a><\/h3>\n\t\t\t\t\t\t\t\t\t<p>0262 643 21 85<\/p>\n\t\t\t\t\t\t\t<\/div>\n\t\t\t[\/vc_column][vc_column width=&#8221;1\/3&#8243; el_class=&#8221;col-md-4 col-sm-12&#8243;]\t\t\t<div\n\t\t\t\tclass=\"darna-icon-box style4 \" >\n\t\t\t\t<a class=\"ibox-icon\" title=\"\"\n\t\t\t\t   target=\"_self\" href=\"#\">\n\t\t\t\t\t\t\t\t\t\t\t<i class=\"fa fa-envelope\"><\/i>\n\t\t\t\t\t\t\t\t\t<\/a>\n\t\t\t\t\t\t\t\t\t<h3><a title=\"\" target=\"_self\"\n\t\t\t\t\t       href=\"#\">e-mail<\/a><\/h3>\n\t\t\t\t\t\t\t\t\t<p>info@yesilyurtyay.com.tr<br \/>\nsatis@yesilyurtyay.com.tr<br \/>\nmuhasebe@yesilyurtyay.com.tr<br \/>\nteknik@yesilyurtyay.com.tr<\/p>\n\t\t\t\t\t\t\t<\/div>\n\t\t\t[\/vc_column][\/vc_row][vc_row parallax_style=&#8221;none&#8221; parallax_scroll_effect=&#8221;fixed&#8221; el_class=&#8221;margin-bottom-100&#8243;][vc_column][vc_gmaps link=&#8221;#E-8_JTNDaWZyYW1lJTIwc3JjJTNEJTIyaHR0cHMlM0ElMkYlMkZ3d3cuZ29vZ2xlLmNvbSUyRm1hcHMlMkZlbWJlZCUzRnBiJTNEJTIxMW0xOCUyMTFtMTIlMjExbTMlMjExZDMwMjAuNDU4ODM0ODAwMDEwNyUyMTJkMjkuMzk2OTI2MzE1MzY3NjM3JTIxM2Q0MC43OTU5MDk5NzkzMjI5MzYlMjEybTMlMjExZjAlMjEyZjAlMjEzZjAlMjEzbTIlMjExaTEwMjQlMjEyaTc2OCUyMTRmMTMuMSUyMTNtMyUyMTFtMiUyMTFzMHgxNGNhZGY5OTk1OWFiMGVmJTI1M0EweDkxZmFkNGY0OTYyOWQ4YzclMjEyelM4TzJ4WjlyYk1POElNT0haY1dmYldVc0lGbGxibWtnUW1IRW4yUmhkQ0JEWkM0Z1RtODZNVE15TENBME1UUXdNQ0JIWldKNlpTOUxiMk5oWld4cCUyMTVlMCUyMTNtMiUyMTFzdHIlMjEyc3RyJTIxNHYxNTgxNjA5MTQxMDUzJTIxNW0yJTIxMXN0ciUyMTJzdHIlMjIlMjB3aWR0aCUzRCUyMjYwMCUyMiUyMGhlaWdodCUzRCUyMjQ1MCUyMiUyMGZyYW1lYm9yZGVyJTNEJTIyMCUyMiUyMHN0eWxlJTNEJTIyYm9yZGVyJTNBMCUzQiUyMiUyMGFsbG93ZnVsbHNjcmVlbiUzRCUyMiUyMiUzRSUzQyUyRmlmcmFtZSUzRQ==&#8221; size=&#8221;540&#8243;][\/vc_column][\/vc_row][vc_row layout=&#8221;boxed&#8221; parallax_style=&#8221;none&#8221; parallax_scroll_effect=&#8221;fixed&#8221; el_class=&#8221;margin-bottom-100&#8243;][vc_column]\t\t\t<div\n\t\t\t\tclass=\"darna-heading style1 margin-bottom-40\" >\n\t\t\t\t\t\t\t\t\t<h2>Send message<\/h2>\n\t\t\t\t\t\t\t\t\t\t\t\t\t<p>Ye\u015fil Yurt Yay<\/p>\n\t\t\t\t\t\t\t<\/div>\n\t\t\t[vc_row_inner parallax_style=&#8221;none&#8221; video_link=&#8221;&#8221; parallax_scroll_effect=&#8221;fixed&#8221;][vc_column_inner el_class=&#8221;col-md-8 col-md-push-2&#8243;]\n<div class=\"wpcf7 no-js\" id=\"wpcf7-f830-o2\" lang=\"en-US\" dir=\"ltr\">\n<div class=\"screen-reader-response\"><p role=\"status\" aria-live=\"polite\" aria-atomic=\"true\"><\/p> <ul><\/ul><\/div>\n<form action=\"\/en\/wp-json\/wp\/v2\/pages\/117#wpcf7-f830-o2\" method=\"post\" class=\"wpcf7-form init\" aria-label=\"Contact form\" enctype=\"multipart\/form-data\" novalidate=\"novalidate\" data-status=\"init\">\n<div style=\"display: none;\">\n<input type=\"hidden\" name=\"_wpcf7\" value=\"830\" \/>\n<input type=\"hidden\" name=\"_wpcf7_version\" value=\"5.8.3\" \/>\n<input type=\"hidden\" name=\"_wpcf7_locale\" value=\"en_US\" \/>\n<input type=\"hidden\" name=\"_wpcf7_unit_tag\" value=\"wpcf7-f830-o2\" \/>\n<input type=\"hidden\" name=\"_wpcf7_container_post\" value=\"0\" \/>\n<input type=\"hidden\" name=\"_wpcf7_posted_data_hash\" value=\"\" \/>\n<\/div>\n<div class=\"darna-contact-form row\">\n\t<h3> F\u0130YAT TEKL\u0130F FORMU\n\t<\/h3>\n\t<div class=\"col-md-12\">\n\t\t<p><span class=\"wpcf7-form-control-wrap\" data-name=\"your-name\"><input size=\"40\" class=\"wpcf7-form-control wpcf7-text wpcf7-validates-as-required\" aria-required=\"true\" aria-invalid=\"false\" placeholder=\"\u0130S\u0130M \/ NAME\" value=\"\" type=\"text\" name=\"your-name\" \/><\/span>\n\t\t<\/p>\n\t<\/div>\n\t<div class=\"col-md-12\">\n\t\t<p><span class=\"wpcf7-form-control-wrap\" data-name=\"your-name\"><input size=\"40\" class=\"wpcf7-form-control wpcf7-text wpcf7-validates-as-required\" aria-required=\"true\" aria-invalid=\"false\" placeholder=\"Telefon \/ Telephone\" value=\"\" type=\"text\" name=\"your-name\" \/><\/span>\n\t\t<\/p>\n\t<\/div>\n\t<div class=\"col-md-12\">\n\t\t<p><span class=\"wpcf7-form-control-wrap\" data-name=\"your-email\"><input size=\"40\" class=\"wpcf7-form-control wpcf7-email wpcf7-validates-as-required wpcf7-text wpcf7-validates-as-email\" aria-required=\"true\" aria-invalid=\"false\" placeholder=\"EMAIL \/\" value=\"\" type=\"email\" name=\"your-email\" \/><\/span>\n\t\t<\/p>\n\t<\/div>\n\t<div class=\"col-md-12\" style=\"float:left;\">\n\t\t<p><span class=\"wpcf7-form-control-wrap\" data-name=\"menu-316\"><select class=\"wpcf7-form-control wpcf7-select wpcf7-validates-as-required\" aria-required=\"true\" aria-invalid=\"false\" name=\"menu-316\"><option value=\"Adana\">Adana<\/option><option value=\"Ad\u0131yaman\">Ad\u0131yaman<\/option><option value=\"Afyonkarahisar\">Afyonkarahisar<\/option><option value=\"A\u011fr\u0131\">A\u011fr\u0131<\/option><option value=\"Amasya\">Amasya<\/option><option value=\"Ankara\">Ankara<\/option><option value=\"Antalya\">Antalya<\/option><option value=\"Artvin\">Artvin<\/option><option value=\"Ayd\u0131n\">Ayd\u0131n<\/option><option value=\"Bal\u0131kesir\">Bal\u0131kesir<\/option><option value=\"Bilecik\">Bilecik<\/option><option value=\"Bing\u00f6l\">Bing\u00f6l<\/option><option value=\"Bitlis\">Bitlis<\/option><option value=\"Bolu\">Bolu<\/option><option value=\"Burdur\">Burdur<\/option><option value=\"Bursa\">Bursa<\/option><option value=\"\u00c7anakkale\">\u00c7anakkale<\/option><option value=\"\u00c7ank\u0131r\u0131\">\u00c7ank\u0131r\u0131<\/option><option value=\"\u00c7orum\">\u00c7orum<\/option><option value=\"Denizli\">Denizli<\/option><option value=\"Diyarbak\u0131r\">Diyarbak\u0131r<\/option><option value=\"Edirne\">Edirne<\/option><option value=\"Elaz\u0131\u011f\">Elaz\u0131\u011f<\/option><option value=\"Erzincan\">Erzincan<\/option><option value=\"Erzurum\">Erzurum<\/option><option value=\"Eski\u015fehir\">Eski\u015fehir<\/option><option value=\"Gaziantep\">Gaziantep<\/option><option value=\"Giresun\">Giresun<\/option><option value=\"G\u00fcm\u00fc\u015fhane\">G\u00fcm\u00fc\u015fhane<\/option><option value=\"Hakk\u00e2ri\">Hakk\u00e2ri<\/option><option value=\"Hatay\">Hatay<\/option><option value=\"Isparta\">Isparta<\/option><option value=\"Mersin\">Mersin<\/option><option value=\"\u0130stanbul\">\u0130stanbul<\/option><option value=\"\u0130zmir\">\u0130zmir<\/option><option value=\"Kars\">Kars<\/option><option value=\"Kastamonu\">Kastamonu<\/option><option value=\"Kayseri\">Kayseri<\/option><option value=\"K\u0131rklareli\">K\u0131rklareli<\/option><option value=\"K\u0131r\u015fehir\">K\u0131r\u015fehir<\/option><option value=\"Kocaeli\">Kocaeli<\/option><option value=\"Konya\">Konya<\/option><option value=\"K\u00fctahya\">K\u00fctahya<\/option><option value=\"Malatya\">Malatya<\/option><option value=\"Manisa\">Manisa<\/option><option value=\"Kahramanmara\u015f\">Kahramanmara\u015f<\/option><option value=\"Mardin\">Mardin<\/option><option value=\"Mu\u011fla\">Mu\u011fla<\/option><option value=\"Mu\u015f\">Mu\u015f<\/option><option value=\"Nev\u015fehir\">Nev\u015fehir<\/option><option value=\"Ni\u011fde\">Ni\u011fde<\/option><option value=\"Ordu\">Ordu<\/option><option value=\"Rize\">Rize<\/option><option value=\"Sakarya\">Sakarya<\/option><option value=\"Samsun\">Samsun<\/option><option value=\"Siirt\">Siirt<\/option><option value=\"Sinop\">Sinop<\/option><option value=\"Sivas\">Sivas<\/option><option value=\"Tekirda\u011f\">Tekirda\u011f<\/option><option value=\"Tokat\">Tokat<\/option><option value=\"Trabzon\">Trabzon<\/option><option value=\"Tunceli\">Tunceli<\/option><option value=\"\u015eanl\u0131urfa\">\u015eanl\u0131urfa<\/option><option value=\"U\u015fak\">U\u015fak<\/option><option value=\"Van\">Van<\/option><option value=\"Yozgat\">Yozgat<\/option><option value=\"Zonguldak\">Zonguldak<\/option><option value=\"Aksaray\">Aksaray<\/option><option value=\"Bayburt\">Bayburt<\/option><option value=\"Karaman\">Karaman<\/option><option value=\"K\u0131r\u0131kkale\">K\u0131r\u0131kkale<\/option><option value=\"Batman\">Batman<\/option><option value=\"\u015e\u0131rnak\">\u015e\u0131rnak<\/option><option value=\"Bart\u0131n\">Bart\u0131n<\/option><option value=\"Ardahan\">Ardahan<\/option><option value=\"I\u011fd\u0131r\">I\u011fd\u0131r<\/option><option value=\"Yalova\">Yalova<\/option><option value=\"Karab\u00fck\">Karab\u00fck<\/option><option value=\"Kilis\">Kilis<\/option><option value=\"Osmaniye\">Osmaniye<\/option><option value=\"D\u00fczce\">D\u00fczce<\/option><\/select><\/span>\n\t\t<\/p>\n\t<\/div>\n\t<div class=\"col-md-12\">\n\t\t<p><span class=\"wpcf7-form-control-wrap\" data-name=\"file-915\"><input size=\"40\" class=\"wpcf7-form-control wpcf7-file\" accept=\".pdf,.jpg,.png,.zip\" aria-invalid=\"false\" type=\"file\" name=\"file-915\" \/><\/span>\n\t\t<\/p>\n\t<\/div>\n\t<div class=\"col-md-12\">\n\t\t<p><span class=\"wpcf7-form-control-wrap\" data-name=\"your-message\"><textarea cols=\"4\" rows=\"10\" class=\"wpcf7-form-control wpcf7-textarea wpcf7-validates-as-required\" aria-required=\"true\" aria-invalid=\"false\" placeholder=\"Fiyat almak istedi\u011finiz adet say\u0131s\u0131n\u0131 buraya yaz\u0131n\u0131z.\" name=\"your-message\"><\/textarea><\/span>\n\t\t<\/p>\n\t<\/div>\n\t<div class=\"col-md-12\">\n\t\t<p><input class=\"wpcf7-form-control wpcf7-submit has-spinner darna-button size-md style3\" type=\"submit\" value=\"G\u00d6NDER \/ SEND\" \/>\n\t\t<\/p>\n\t<\/div>\n<\/div><p style=\"display: none !important;\"><label>&#916;<textarea name=\"_wpcf7_ak_hp_textarea\" cols=\"45\" rows=\"8\" maxlength=\"100\"><\/textarea><\/label><input type=\"hidden\" id=\"ak_js_2\" name=\"_wpcf7_ak_js\" value=\"66\"\/><script>document.getElementById( \"ak_js_2\" ).setAttribute( \"value\", ( new Date() ).getTime() );<\/script><\/p><div class=\"wpcf7-response-output\" aria-hidden=\"true\"><\/div>\n<\/form>\n<\/div>\n[\/vc_column_inner][\/vc_row_inner][\/vc_column][\/vc_row]<\/p>\n<\/section>","protected":false},"excerpt":{"rendered":"<p>[vc_row layout=&#8221;boxed&#8221; parallax_style=&#8221;none&#8221; parallax_scroll_effect=&#8221;fixed&#8221; el_class=&#8221;margin-bottom-90&#8243;][vc_column width=&#8221;1\/3&#8243; el_class=&#8221;col-md-4 col-sm-12&#8243;][\/vc_column][vc_column width=&#8221;1\/3&#8243; el_class=&#8221;col-md-4 col-sm-12&#8243;][\/vc_column][vc_column width=&#8221;1\/3&#8243; el_class=&#8221;col-md-4 col-sm-12&#8243;][\/vc_column][\/vc_row][vc_row parallax_style=&#8221;none&#8221; parallax_scroll_effect=&#8221;fixed&#8221; el_class=&#8221;margin-bottom-100&#8243;][vc_column][vc_gmaps link=&#8221;#E-8_JTNDaWZyYW1lJTIwc3JjJTNEJTIyaHR0cHMlM0ElMkYlMkZ3d3cuZ29vZ2xlLmNvbSUyRm1hcHMlMkZlbWJlZCUzRnBiJTNEJTIxMW0xOCUyMTFtMTIlMjExbTMlMjExZDMwMjAuNDU4ODM0ODAwMDEwNyUyMTJkMjkuMzk2OTI2MzE1MzY3NjM3JTIxM2Q0MC43OTU5MDk5NzkzMjI5MzYlMjEybTMlMjExZjAlMjEyZjAlMjEzZjAlMjEzbTIlMjExaTEwMjQlMjEyaTc2OCUyMTRmMTMuMSUyMTNtMyUyMTFtMiUyMTFzMHgxNGNhZGY5OTk1OWFiMGVmJTI1M0EweDkxZmFkNGY0OTYyOWQ4YzclMjEyelM4TzJ4WjlyYk1POElNT0haY1dmYldVc0lGbGxibWtnUW1IRW4yUmhkQ0JEWkM0Z1RtODZNVE15TENBME1UUXdNQ0JIWldKNlpTOUxiMk5oWld4cCUyMTVlMCUyMTNtMiUyMTFzdHIlMjEyc3RyJTIxNHYxNTgxNjA5MTQxMDUzJTIxNW0yJTIxMXN0ciUyMTJzdHIlMjIlMjB3aWR0aCUzRCUyMjYwMCUyMiUyMGhlaWdodCUzRCUyMjQ1MCUyMiUyMGZyYW1lYm9yZGVyJTNEJTIyMCUyMiUyMHN0eWxlJTNEJTIyYm9yZGVyJTNBMCUzQiUyMiUyMGFsbG93ZnVsbHNjcmVlbiUzRCUyMiUyMiUzRSUzQyUyRmlmcmFtZSUzRQ==&#8221; size=&#8221;540&#8243;][\/vc_column][\/vc_row][vc_row layout=&#8221;boxed&#8221; parallax_style=&#8221;none&#8221; parallax_scroll_effect=&#8221;fixed&#8221; el_class=&#8221;margin-bottom-100&#8243;][vc_column][vc_row_inner parallax_style=&#8221;none&#8221; video_link=&#8221;&#8221; parallax_scroll_effect=&#8221;fixed&#8221;][vc_column_inner el_class=&#8221;col-md-8 col-md-push-2&#8243;][\/vc_column_inner][\/vc_row_inner][\/vc_column][\/vc_row]<\/p>\n","protected":false},"author":1,"featured_media":0,"parent":0,"menu_order":0,"comment_status":"closed","ping_status":"closed","template":"","meta":{"footnotes":"","_joinchat":[]},"yoast_head":"<!-- This site is optimized with the Yoast SEO plugin v21.5 - https:\/\/yoast.com\/wordpress\/plugins\/seo\/ -->\n<title>Contact - Ye\u015fil Yurt Yay<\/title>\n<meta name=\"robots\" content=\"index, follow, max-snippet:-1, max-image-preview:large, max-video-preview:-1\" \/>\n<link rel=\"canonical\" href=\"https:\/\/yesilyurtyay.com.tr\/iletisim\/\" \/>\n<meta property=\"og:locale\" content=\"en_US\" \/>\n<meta property=\"og:type\" content=\"article\" \/>\n<meta property=\"og:title\" content=\"Contact - Ye\u015fil Yurt Yay\" \/>\n<meta property=\"og:description\" content=\"[vc_row layout=&#8221;boxed&#8221; parallax_style=&#8221;none&#8221; parallax_scroll_effect=&#8221;fixed&#8221; el_class=&#8221;margin-bottom-90&#8243;][vc_column width=&#8221;1\/3&#8243; el_class=&#8221;col-md-4 col-sm-12&#8243;][\/vc_column][vc_column width=&#8221;1\/3&#8243; el_class=&#8221;col-md-4 col-sm-12&#8243;][\/vc_column][vc_column width=&#8221;1\/3&#8243; el_class=&#8221;col-md-4 col-sm-12&#8243;][\/vc_column][\/vc_row][vc_row parallax_style=&#8221;none&#8221; parallax_scroll_effect=&#8221;fixed&#8221; el_class=&#8221;margin-bottom-100&#8243;][vc_column][vc_gmaps link=&#8221;#E-8_JTNDaWZyYW1lJTIwc3JjJTNEJTIyaHR0cHMlM0ElMkYlMkZ3d3cuZ29vZ2xlLmNvbSUyRm1hcHMlMkZlbWJlZCUzRnBiJTNEJTIxMW0xOCUyMTFtMTIlMjExbTMlMjExZDMwMjAuNDU4ODM0ODAwMDEwNyUyMTJkMjkuMzk2OTI2MzE1MzY3NjM3JTIxM2Q0MC43OTU5MDk5NzkzMjI5MzYlMjEybTMlMjExZjAlMjEyZjAlMjEzZjAlMjEzbTIlMjExaTEwMjQlMjEyaTc2OCUyMTRmMTMuMSUyMTNtMyUyMTFtMiUyMTFzMHgxNGNhZGY5OTk1OWFiMGVmJTI1M0EweDkxZmFkNGY0OTYyOWQ4YzclMjEyelM4TzJ4WjlyYk1POElNT0haY1dmYldVc0lGbGxibWtnUW1IRW4yUmhkQ0JEWkM0Z1RtODZNVE15TENBME1UUXdNQ0JIWldKNlpTOUxiMk5oWld4cCUyMTVlMCUyMTNtMiUyMTFzdHIlMjEyc3RyJTIxNHYxNTgxNjA5MTQxMDUzJTIxNW0yJTIxMXN0ciUyMTJzdHIlMjIlMjB3aWR0aCUzRCUyMjYwMCUyMiUyMGhlaWdodCUzRCUyMjQ1MCUyMiUyMGZyYW1lYm9yZGVyJTNEJTIyMCUyMiUyMHN0eWxlJTNEJTIyYm9yZGVyJTNBMCUzQiUyMiUyMGFsbG93ZnVsbHNjcmVlbiUzRCUyMiUyMiUzRSUzQyUyRmlmcmFtZSUzRQ==&#8221; size=&#8221;540&#8243;][\/vc_column][\/vc_row][vc_row layout=&#8221;boxed&#8221; parallax_style=&#8221;none&#8221; parallax_scroll_effect=&#8221;fixed&#8221; el_class=&#8221;margin-bottom-100&#8243;][vc_column][vc_row_inner parallax_style=&#8221;none&#8221; video_link=&#8221;&#8221; parallax_scroll_effect=&#8221;fixed&#8221;][vc_column_inner el_class=&#8221;col-md-8 col-md-push-2&#8243;][\/vc_column_inner][\/vc_row_inner][\/vc_column][\/vc_row]\" \/>\n<meta property=\"og:url\" content=\"https:\/\/yesilyurtyay.com.tr\/iletisim\/\" \/>\n<meta property=\"og:site_name\" content=\"Ye\u015fil Yurt Yay\" \/>\n<meta property=\"article:modified_time\" content=\"2022-10-17T08:18:16+00:00\" \/>\n<meta name=\"twitter:card\" content=\"summary_large_image\" \/>\n<meta name=\"twitter:label1\" content=\"Est. reading time\" \/>\n\t<meta name=\"twitter:data1\" content=\"4 minutes\" \/>\n<script type=\"application\/ld+json\" class=\"yoast-schema-graph\">{\"@context\":\"https:\/\/schema.org\",\"@graph\":[{\"@type\":\"WebPage\",\"@id\":\"https:\/\/yesilyurtyay.com.tr\/iletisim\/\",\"url\":\"https:\/\/yesilyurtyay.com.tr\/iletisim\/\",\"name\":\"Contact - Ye\u015fil Yurt Yay\",\"isPartOf\":{\"@id\":\"https:\/\/yesilyurtyay.com.tr\/en\/#website\"},\"datePublished\":\"2015-07-18T09:24:53+00:00\",\"dateModified\":\"2022-10-17T08:18:16+00:00\",\"breadcrumb\":{\"@id\":\"https:\/\/yesilyurtyay.com.tr\/iletisim\/#breadcrumb\"},\"inLanguage\":\"en-US\",\"potentialAction\":[{\"@type\":\"ReadAction\",\"target\":[\"https:\/\/yesilyurtyay.com.tr\/iletisim\/\"]}]},{\"@type\":\"BreadcrumbList\",\"@id\":\"https:\/\/yesilyurtyay.com.tr\/iletisim\/#breadcrumb\",\"itemListElement\":[{\"@type\":\"ListItem\",\"position\":1,\"name\":\"Ana sayfa\",\"item\":\"https:\/\/yesilyurtyay.com.tr\/en\/\"},{\"@type\":\"ListItem\",\"position\":2,\"name\":\"\u0130leti\u015fim\"}]},{\"@type\":\"WebSite\",\"@id\":\"https:\/\/yesilyurtyay.com.tr\/en\/#website\",\"url\":\"https:\/\/yesilyurtyay.com.tr\/en\/\",\"name\":\"Ye\u015fil Yurt Yay\",\"description\":\"Yayl\u0131 Kalite\",\"potentialAction\":[{\"@type\":\"SearchAction\",\"target\":{\"@type\":\"EntryPoint\",\"urlTemplate\":\"https:\/\/yesilyurtyay.com.tr\/en\/?s={search_term_string}\"},\"query-input\":\"required name=search_term_string\"}],\"inLanguage\":\"en-US\"}]}<\/script>\n<!-- \/ Yoast SEO plugin. -->","yoast_head_json":{"title":"Contact - Ye\u015fil Yurt Yay","robots":{"index":"index","follow":"follow","max-snippet":"max-snippet:-1","max-image-preview":"max-image-preview:large","max-video-preview":"max-video-preview:-1"},"canonical":"https:\/\/yesilyurtyay.com.tr\/iletisim\/","og_locale":"en_US","og_type":"article","og_title":"Contact - Ye\u015fil Yurt Yay","og_description":"[vc_row layout=&#8221;boxed&#8221; parallax_style=&#8221;none&#8221; parallax_scroll_effect=&#8221;fixed&#8221; el_class=&#8221;margin-bottom-90&#8243;][vc_column width=&#8221;1\/3&#8243; el_class=&#8221;col-md-4 col-sm-12&#8243;][\/vc_column][vc_column width=&#8221;1\/3&#8243; el_class=&#8221;col-md-4 col-sm-12&#8243;][\/vc_column][vc_column width=&#8221;1\/3&#8243; el_class=&#8221;col-md-4 col-sm-12&#8243;][\/vc_column][\/vc_row][vc_row parallax_style=&#8221;none&#8221; parallax_scroll_effect=&#8221;fixed&#8221; el_class=&#8221;margin-bottom-100&#8243;][vc_column][vc_gmaps link=&#8221;#E-8_JTNDaWZyYW1lJTIwc3JjJTNEJTIyaHR0cHMlM0ElMkYlMkZ3d3cuZ29vZ2xlLmNvbSUyRm1hcHMlMkZlbWJlZCUzRnBiJTNEJTIxMW0xOCUyMTFtMTIlMjExbTMlMjExZDMwMjAuNDU4ODM0ODAwMDEwNyUyMTJkMjkuMzk2OTI2MzE1MzY3NjM3JTIxM2Q0MC43OTU5MDk5NzkzMjI5MzYlMjEybTMlMjExZjAlMjEyZjAlMjEzZjAlMjEzbTIlMjExaTEwMjQlMjEyaTc2OCUyMTRmMTMuMSUyMTNtMyUyMTFtMiUyMTFzMHgxNGNhZGY5OTk1OWFiMGVmJTI1M0EweDkxZmFkNGY0OTYyOWQ4YzclMjEyelM4TzJ4WjlyYk1POElNT0haY1dmYldVc0lGbGxibWtnUW1IRW4yUmhkQ0JEWkM0Z1RtODZNVE15TENBME1UUXdNQ0JIWldKNlpTOUxiMk5oWld4cCUyMTVlMCUyMTNtMiUyMTFzdHIlMjEyc3RyJTIxNHYxNTgxNjA5MTQxMDUzJTIxNW0yJTIxMXN0ciUyMTJzdHIlMjIlMjB3aWR0aCUzRCUyMjYwMCUyMiUyMGhlaWdodCUzRCUyMjQ1MCUyMiUyMGZyYW1lYm9yZGVyJTNEJTIyMCUyMiUyMHN0eWxlJTNEJTIyYm9yZGVyJTNBMCUzQiUyMiUyMGFsbG93ZnVsbHNjcmVlbiUzRCUyMiUyMiUzRSUzQyUyRmlmcmFtZSUzRQ==&#8221; size=&#8221;540&#8243;][\/vc_column][\/vc_row][vc_row layout=&#8221;boxed&#8221; parallax_style=&#8221;none&#8221; parallax_scroll_effect=&#8221;fixed&#8221; el_class=&#8221;margin-bottom-100&#8243;][vc_column][vc_row_inner parallax_style=&#8221;none&#8221; video_link=&#8221;&#8221; parallax_scroll_effect=&#8221;fixed&#8221;][vc_column_inner el_class=&#8221;col-md-8 col-md-push-2&#8243;][\/vc_column_inner][\/vc_row_inner][\/vc_column][\/vc_row]","og_url":"https:\/\/yesilyurtyay.com.tr\/iletisim\/","og_site_name":"Ye\u015fil Yurt Yay","article_modified_time":"2022-10-17T08:18:16+00:00","twitter_card":"summary_large_image","twitter_misc":{"Est. reading time":"4 minutes"},"schema":{"@context":"https:\/\/schema.org","@graph":[{"@type":"WebPage","@id":"https:\/\/yesilyurtyay.com.tr\/iletisim\/","url":"https:\/\/yesilyurtyay.com.tr\/iletisim\/","name":"Contact - Ye\u015fil Yurt Yay","isPartOf":{"@id":"https:\/\/yesilyurtyay.com.tr\/en\/#website"},"datePublished":"2015-07-18T09:24:53+00:00","dateModified":"2022-10-17T08:18:16+00:00","breadcrumb":{"@id":"https:\/\/yesilyurtyay.com.tr\/iletisim\/#breadcrumb"},"inLanguage":"en-US","potentialAction":[{"@type":"ReadAction","target":["https:\/\/yesilyurtyay.com.tr\/iletisim\/"]}]},{"@type":"BreadcrumbList","@id":"https:\/\/yesilyurtyay.com.tr\/iletisim\/#breadcrumb","itemListElement":[{"@type":"ListItem","position":1,"name":"Ana sayfa","item":"https:\/\/yesilyurtyay.com.tr\/en\/"},{"@type":"ListItem","position":2,"name":"\u0130leti\u015fim"}]},{"@type":"WebSite","@id":"https:\/\/yesilyurtyay.com.tr\/en\/#website","url":"https:\/\/yesilyurtyay.com.tr\/en\/","name":"Ye\u015fil Yurt Yay","description":"Yayl\u0131 Kalite","potentialAction":[{"@type":"SearchAction","target":{"@type":"EntryPoint","urlTemplate":"https:\/\/yesilyurtyay.com.tr\/en\/?s={search_term_string}"},"query-input":"required name=search_term_string"}],"inLanguage":"en-US"}]}},"_links":{"self":[{"href":"https:\/\/yesilyurtyay.com.tr\/en\/wp-json\/wp\/v2\/pages\/117"}],"collection":[{"href":"https:\/\/yesilyurtyay.com.tr\/en\/wp-json\/wp\/v2\/pages"}],"about":[{"href":"https:\/\/yesilyurtyay.com.tr\/en\/wp-json\/wp\/v2\/types\/page"}],"author":[{"embeddable":true,"href":"https:\/\/yesilyurtyay.com.tr\/en\/wp-json\/wp\/v2\/users\/1"}],"replies":[{"embeddable":true,"href":"https:\/\/yesilyurtyay.com.tr\/en\/wp-json\/wp\/v2\/comments?post=117"}],"version-history":[{"count":15,"href":"https:\/\/yesilyurtyay.com.tr\/en\/wp-json\/wp\/v2\/pages\/117\/revisions"}],"predecessor-version":[{"id":1368,"href":"https:\/\/yesilyurtyay.com.tr\/en\/wp-json\/wp\/v2\/pages\/117\/revisions\/1368"}],"wp:attachment":[{"href":"https:\/\/yesilyurtyay.com.tr\/en\/wp-json\/wp\/v2\/media?parent=117"}],"curies":[{"name":"wp","href":"https:\/\/api.w.org\/{rel}","templated":true}]}}