{"id":115,"date":"2015-07-18T09:24:26","date_gmt":"2015-07-18T09:24:26","guid":{"rendered":"https:\/\/yesilyurtyay.com.tr\/?page_id=115"},"modified":"2020-03-20T19:24:47","modified_gmt":"2020-03-20T16:24:47","slug":"hakkimizda","status":"publish","type":"page","link":"https:\/\/yesilyurtyay.com.tr\/en\/hakkimizda\/","title":{"rendered":"About us"},"content":{"rendered":"<section class=\"wpb-content-wrapper\"><p>[vc_row layout=&#8221;boxed&#8221; parallax_style=&#8221;none&#8221; parallax_scroll_effect=&#8221;fixed&#8221; el_class=&#8221;margin-bottom-100&#8243;][vc_column width=&#8221;1\/2&#8243;][vc_row_inner parallax_style=&#8221;none&#8221; video_link=&#8221;&#8221; parallax_scroll_effect=&#8221;fixed&#8221;][vc_column_inner width=&#8221;1\/2&#8243;][vc_single_image image=&#8221;973&#8243; img_size=&#8221;full&#8221; alignment=&#8221;center&#8221; el_class=&#8221;darna-single-image-style xs-margin-bottom-15&#8243;][\/vc_column_inner][vc_column_inner width=&#8221;1\/2&#8243;][vc_single_image image=&#8221;975&#8243; img_size=&#8221;full&#8221; alignment=&#8221;center&#8221; el_class=&#8221;darna-single-image-style&#8221; css=&#8221;.vc_custom_1581275571188{margin-bottom: 18px !important;}&#8221;][vc_single_image image=&#8221;974&#8243; img_size=&#8221;full&#8221; alignment=&#8221;center&#8221; el_class=&#8221;darna-single-image-style xs-margin-bottom-15&#8243;][\/vc_column_inner][\/vc_row_inner][\/vc_column][vc_column width=&#8221;1\/2&#8243;]\t\t\t<div\n\t\t\t\tclass=\"darna-icon-box style3 \" >\n\t\t\t\t<a class=\"ibox-icon\" title=\"\"\n\t\t\t\t   target=\"_self\" href=\"#\">\n\t\t\t\t\t\t\t\t\t\t\t<i class=\"fa fa-suitcase\"><\/i>\n\t\t\t\t\t\t\t\t\t<\/a>\n\t\t\t\t\t\t\t\t\t<h3><a title=\"\" target=\"_self\"\n\t\t\t\t\t       href=\"#\">WHO WE ARE<\/a><\/h3>\n\t\t\t\t\t\t\t\t\t<p>Our company was established as a small workshop in GEBZE\/ KOCAELI in 2000 and has replaced production of 850 square meters with the power of customer satisfaction in a short time.In the last quarter of 2019, our company strengthened its production in its new site with a closed area of 3000 square meters, and managed to produce the machine in its own need with the personnel it has incorporated into to develop products, and its young and dynamic energy in production, it has developed production capacity and machine technology in a short time.Our company has adopted the principle of producing at the right time at an affordable price with the least error in the latest model cnc spring machines used in automotive sub-industry, electronics, defense, white goods, textile and agriculture sectors with computer-aided spring and form machines Our company produces products with its experienced team using print springs, pull springs, winding springs, battery springs, disc and strip springs, wire and hair forms, pressprinted parts and optionally the latest possibilities of technology spring production...<\/p>\n\t\t\t\t\t\t\t<\/div>\n\t\t\t\t\t\t\t\t\t<a class=\"darna-button size-sm style1 icon-left  margin-right-7 xs-margin-bottom-15\"\n\t\t\t   href=\"https:\/\/yesilyurtyay.com.tr\/projeler\/\"\n\t\t\t   title=\"PROJECKT\"\n\t\t\t   target=\"_self\"\n\t\t\t\t>\n\t\t\t\tPROJECKT\t\t\t<\/a>\n\t\t\t\t\t\t\t\t\t\t\t<a class=\"darna-button size-sm style4 icon-left  xs-margin-bottom-15\"\n\t\t\t   href=\"https:\/\/yesilyurtyay.com.tr\/iletisim\/\"\n\t\t\t   title=\"CONTACT US\"\n\t\t\t   target=\"_self\"\n\t\t\t\t>\n\t\t\t\tCONTACT US\t\t\t<\/a>\n\t\t\t\t\t[\/vc_column][\/vc_row][vc_row layout=&#8221;boxed&#8221; parallax_style=&#8221;none&#8221; parallax_scroll_effect=&#8221;fixed&#8221; el_class=&#8221;bg-gray&#8221;][vc_column width=&#8221;1\/2&#8243; el_class=&#8221;margin-top-100 md-margin-bottom-100 col-md-6 col-sm-12 col-xs-12&#8243;][vc_tta_tabs shape=&#8221;square&#8221; color=&#8221;white&#8221; spacing=&#8221;&#8221; active_section=&#8221;1&#8243; title=&#8221;WHY CHOOSEN US ?&#8221;][vc_tta_section title=&#8221;Management&#8221; tab_id=&#8221;1444103651337-71628a74-5509&#8243;][vc_column_text]<\/p>\n<div class=\"darna-content-right\"><img loading=\"lazy\" decoding=\"async\" class=\"alignnone size-full wp-image-977\" src=\"https:\/\/yesilyurtyay.com.tr\/wp-content\/uploads\/2020\/02\/tab-images-1.png\" alt=\"\" width=\"167\" height=\"167\" srcset=\"https:\/\/yesilyurtyay.com.tr\/wp-content\/uploads\/2020\/02\/tab-images-1.png 167w, https:\/\/yesilyurtyay.com.tr\/wp-content\/uploads\/2020\/02\/tab-images-1-150x150.png 150w, https:\/\/yesilyurtyay.com.tr\/wp-content\/uploads\/2020\/02\/tab-images-1-100x100.png 100w\" sizes=\"(max-width: 167px) 100vw, 167px\" \/><\/div>\n<div class=\"darna-content-right\"><\/div>\n<p>[\/vc_column_text][\/vc_tta_section][vc_tta_section title=&#8221;Support&#8221; tab_id=&#8221;1444103691601-d09efe5d-f35a&#8221;][vc_column_text]<\/p>\n<div class=\"darna-content-right\"><img loading=\"lazy\" decoding=\"async\" class=\"alignnone size-full wp-image-978\" src=\"https:\/\/yesilyurtyay.com.tr\/wp-content\/uploads\/2020\/02\/tab-images-1-1.png\" alt=\"\" width=\"167\" height=\"167\" srcset=\"https:\/\/yesilyurtyay.com.tr\/wp-content\/uploads\/2020\/02\/tab-images-1-1.png 167w, https:\/\/yesilyurtyay.com.tr\/wp-content\/uploads\/2020\/02\/tab-images-1-1-150x150.png 150w, https:\/\/yesilyurtyay.com.tr\/wp-content\/uploads\/2020\/02\/tab-images-1-1-100x100.png 100w\" sizes=\"(max-width: 167px) 100vw, 167px\" \/><\/div>\n<div class=\"darna-content-right\"><\/div>\n<p>[\/vc_column_text][\/vc_tta_section][vc_tta_section title=&#8221;Solution&#8221; tab_id=&#8221;1444103690080-e4d46e0a-4340&#8243;][vc_column_text]<\/p>\n<div class=\"darna-content-left\"><\/div>\n<div class=\"darna-content-right\"><img loading=\"lazy\" decoding=\"async\" class=\"alignnone size-full wp-image-979\" src=\"https:\/\/yesilyurtyay.com.tr\/wp-content\/uploads\/2020\/02\/tab-images-1-2.png\" alt=\"\" width=\"167\" height=\"167\" srcset=\"https:\/\/yesilyurtyay.com.tr\/wp-content\/uploads\/2020\/02\/tab-images-1-2.png 167w, https:\/\/yesilyurtyay.com.tr\/wp-content\/uploads\/2020\/02\/tab-images-1-2-150x150.png 150w, https:\/\/yesilyurtyay.com.tr\/wp-content\/uploads\/2020\/02\/tab-images-1-2-100x100.png 100w\" sizes=\"(max-width: 167px) 100vw, 167px\" \/><\/div>\n<div class=\"darna-content-right\"><\/div>\n<p>[\/vc_column_text][\/vc_tta_section][\/vc_tta_tabs][\/vc_column][vc_column width=&#8221;1\/2&#8243; el_class=&#8221;margin-top-100 margin-bottom-100 col-md-6 col-sm-12 col-xs-12&#8243;][vc_tta_accordion shape=&#8221;square&#8221; color=&#8221;white&#8221; gap=&#8221;10&#8243; c_icon=&#8221;&#8221; active_section=&#8221;1&#8243; title=&#8221;QUALITY PRODUCTION WITH THE LATEST TECHNOLOGY&#8221;][vc_tta_section i_icon_fontawesome=&#8221;fa fa-cog&#8221; add_icon=&#8221;true&#8221; title=&#8221;SUPER\u0130OR QUAL\u0130TY&#8221; tab_id=&#8221;1444103863706-3a922692-8ed9&#8243;][vc_column_text]<span style=\"color: #575757; font-family: 'helvetica neue', Helvetica, Arial, sans-serif; font-size: 14px; letter-spacing: 0.2px;\">We as our company, we take into principle that we will act with the awareness that superior quality occurs not by controlling the product, but as a result of the chain of anti-errors processes.<\/span>[\/vc_column_text][\/vc_tta_section][vc_tta_section i_icon_fontawesome=&#8221;fa fa-futbol-o&#8221; add_icon=&#8221;true&#8221; title=&#8221;CONT\u0130NU\u0130TY AND \u0130MPROVEMENT&#8221; tab_id=&#8221;1444103874575-08062cb4-6f8d&#8221;][vc_column_text]We ensure that we will lead continuous improvement activities consistently and visibly and ensure the participation of all employees.[\/vc_column_text][\/vc_tta_section][vc_tta_section i_icon_fontawesome=&#8221;fa fa-compass&#8221; add_icon=&#8221;true&#8221; title=&#8221;ENV\u0130RONMEnTAL SENS\u0130T\u0130V\u0130TY&#8221; tab_id=&#8221;1444103873449-3ab62325-480d&#8221;][vc_column_text]<\/p>\n<p><span style=\"color: #575757; font-family: 'helvetica neue', Helvetica, Arial, sans-serif; font-size: 16px; letter-spacing: 0.2px;\">The work undertakes to regulate the location and conditions of the human-environment factor at all times.<\/span><\/p>\n<p>[\/vc_column_text][\/vc_tta_section][\/vc_tta_accordion][\/vc_column][\/vc_row][vc_row parallax_style=&#8221;none&#8221; parallax_scroll_effect=&#8221;fixed&#8221; css=&#8221;.vc_custom_1437797244022{background-color: #f8f8f8 !important;}&#8221;][vc_column][vc_row_inner layout=&#8221;boxed&#8221; parallax_style=&#8221;none&#8221; parallax_scroll_effect=&#8221;fixed&#8221;][vc_column_inner]\t\t\t<div class=\"darna-partner-carousel opacity80   wpb_animate_when_almost_visible g5plus-css-animation wpb_flipInX\" >\n\t\t\t    <div class=\"owl-carousel\" data-plugin-options='{\"items\" : 4, \"autoPlay\": false,\"pagination\": false,\"navigation\": false}'>\n                                        <div class=\"content-middle-inner\"><img loading=\"lazy\" decoding=\"async\" width=\"150\" height=\"131\" src=\"https:\/\/yesilyurtyay.com.tr\/wp-content\/uploads\/2020\/02\/honda-logo-150x131.png\" class=\"attachment-thumbnail\" alt=\"\" title=\"honda-logo\" \/><\/div>\n                                            <div class=\"content-middle-inner\"><img loading=\"lazy\" decoding=\"async\" width=\"150\" height=\"131\" src=\"https:\/\/yesilyurtyay.com.tr\/wp-content\/uploads\/2020\/02\/arcelik-150x131.png\" class=\"attachment-thumbnail\" alt=\"\" title=\"arcelik\" \/><\/div>\n                                            <div class=\"content-middle-inner\"><img loading=\"lazy\" decoding=\"async\" width=\"150\" height=\"131\" src=\"https:\/\/yesilyurtyay.com.tr\/wp-content\/uploads\/2020\/02\/dogus-cay-150x131.png\" class=\"attachment-thumbnail\" alt=\"\" title=\"dogus-cay\" \/><\/div>\n                                            <div class=\"content-middle-inner\"><img loading=\"lazy\" decoding=\"async\" width=\"150\" height=\"131\" src=\"https:\/\/yesilyurtyay.com.tr\/wp-content\/uploads\/2020\/02\/pelsan-150x131.png\" class=\"attachment-thumbnail\" alt=\"\" title=\"pelsan\" \/><\/div>\n                                            <div class=\"content-middle-inner\"><img loading=\"lazy\" decoding=\"async\" width=\"150\" height=\"131\" src=\"https:\/\/yesilyurtyay.com.tr\/wp-content\/uploads\/2020\/02\/sisecam-150x131.png\" class=\"attachment-thumbnail\" alt=\"\" title=\"sisecam\" \/><\/div>\n                                            <div class=\"content-middle-inner\"><img loading=\"lazy\" decoding=\"async\" width=\"150\" height=\"131\" src=\"https:\/\/yesilyurtyay.com.tr\/wp-content\/uploads\/2020\/02\/flormar-150x131.png\" class=\"attachment-thumbnail\" alt=\"\" title=\"flormar\" \/><\/div>\n                                            <div class=\"content-middle-inner\"><img loading=\"lazy\" decoding=\"async\" width=\"150\" height=\"131\" src=\"https:\/\/yesilyurtyay.com.tr\/wp-content\/uploads\/2020\/02\/yucel-boru-150x131.png\" class=\"attachment-thumbnail\" alt=\"\" title=\"yucel-boru\" \/><\/div>\n                                            <div class=\"content-middle-inner\"><img loading=\"lazy\" decoding=\"async\" width=\"150\" height=\"131\" src=\"https:\/\/yesilyurtyay.com.tr\/wp-content\/uploads\/2020\/02\/zf-sa-150x131.png\" class=\"attachment-thumbnail\" alt=\"\" title=\"zf-sa\" \/><\/div>\n                                            <div class=\"content-middle-inner\"><img loading=\"lazy\" decoding=\"async\" width=\"150\" height=\"109\" src=\"https:\/\/yesilyurtyay.com.tr\/wp-content\/uploads\/2020\/02\/piksel-vadisi-1-150x109.png\" class=\"attachment-thumbnail\" alt=\"\" title=\"piksel-vadisi\" \/><\/div>\n                    \t\t\t    <\/div>\n            <\/div>\n            [\/vc_column_inner][\/vc_row_inner][\/vc_column][\/vc_row]<\/p>\n<\/section>","protected":false},"excerpt":{"rendered":"<p>[vc_row layout=&#8221;boxed&#8221; parallax_style=&#8221;none&#8221; parallax_scroll_effect=&#8221;fixed&#8221; el_class=&#8221;margin-bottom-100&#8243;][vc_column width=&#8221;1\/2&#8243;][vc_row_inner parallax_style=&#8221;none&#8221; video_link=&#8221;&#8221; parallax_scroll_effect=&#8221;fixed&#8221;][vc_column_inner width=&#8221;1\/2&#8243;][vc_single_image image=&#8221;973&#8243; img_size=&#8221;full&#8221; alignment=&#8221;center&#8221; el_class=&#8221;darna-single-image-style xs-margin-bottom-15&#8243;][\/vc_column_inner][vc_column_inner width=&#8221;1\/2&#8243;][vc_single_image image=&#8221;975&#8243; img_size=&#8221;full&#8221; alignment=&#8221;center&#8221; el_class=&#8221;darna-single-image-style&#8221; css=&#8221;.vc_custom_1581275571188{margin-bottom: 18px !important;}&#8221;][vc_single_image image=&#8221;974&#8243; img_size=&#8221;full&#8221; alignment=&#8221;center&#8221; el_class=&#8221;darna-single-image-style xs-margin-bottom-15&#8243;][\/vc_column_inner][\/vc_row_inner][\/vc_column][vc_column width=&#8221;1\/2&#8243;][\/vc_column][\/vc_row][vc_row layout=&#8221;boxed&#8221; parallax_style=&#8221;none&#8221; parallax_scroll_effect=&#8221;fixed&#8221; el_class=&#8221;bg-gray&#8221;][vc_column width=&#8221;1\/2&#8243; el_class=&#8221;margin-top-100 md-margin-bottom-100 col-md-6 col-sm-12 col-xs-12&#8243;][vc_tta_tabs shape=&#8221;square&#8221; color=&#8221;white&#8221; spacing=&#8221;&#8221; active_section=&#8221;1&#8243; title=&#8221;WHY CHOOSEN US ?&#8221;][vc_tta_section title=&#8221;Management&#8221; tab_id=&#8221;1444103651337-71628a74-5509&#8243;][vc_column_text] [\/vc_column_text][\/vc_tta_section][vc_tta_section title=&#8221;Support&#8221; tab_id=&#8221;1444103691601-d09efe5d-f35a&#8221;][vc_column_text] [\/vc_column_text][\/vc_tta_section][vc_tta_section title=&#8221;Solution&#8221; tab_id=&#8221;1444103690080-e4d46e0a-4340&#8243;][vc_column_text] [&hellip;]<\/p>\n","protected":false},"author":1,"featured_media":0,"parent":0,"menu_order":0,"comment_status":"closed","ping_status":"closed","template":"","meta":{"footnotes":"","_joinchat":[]},"yoast_head":"<!-- This site is optimized with the Yoast SEO plugin v21.5 - https:\/\/yoast.com\/wordpress\/plugins\/seo\/ -->\n<title>About us - Ye\u015fil Yurt Yay<\/title>\n<meta name=\"robots\" content=\"index, follow, max-snippet:-1, max-image-preview:large, max-video-preview:-1\" \/>\n<link rel=\"canonical\" href=\"https:\/\/yesilyurtyay.com.tr\/en\/hakkimizda\/\" \/>\n<meta property=\"og:locale\" content=\"en_US\" \/>\n<meta property=\"og:type\" content=\"article\" \/>\n<meta property=\"og:title\" content=\"About us - Ye\u015fil Yurt Yay\" \/>\n<meta property=\"og:description\" content=\"[vc_row layout=&#8221;boxed&#8221; parallax_style=&#8221;none&#8221; parallax_scroll_effect=&#8221;fixed&#8221; el_class=&#8221;margin-bottom-100&#8243;][vc_column width=&#8221;1\/2&#8243;][vc_row_inner parallax_style=&#8221;none&#8221; video_link=&#8221;&#8221; parallax_scroll_effect=&#8221;fixed&#8221;][vc_column_inner width=&#8221;1\/2&#8243;][vc_single_image image=&#8221;973&#8243; img_size=&#8221;full&#8221; alignment=&#8221;center&#8221; el_class=&#8221;darna-single-image-style xs-margin-bottom-15&#8243;][\/vc_column_inner][vc_column_inner width=&#8221;1\/2&#8243;][vc_single_image image=&#8221;975&#8243; img_size=&#8221;full&#8221; alignment=&#8221;center&#8221; el_class=&#8221;darna-single-image-style&#8221; css=&#8221;.vc_custom_1581275571188{margin-bottom: 18px !important;}&#8221;][vc_single_image image=&#8221;974&#8243; img_size=&#8221;full&#8221; alignment=&#8221;center&#8221; el_class=&#8221;darna-single-image-style xs-margin-bottom-15&#8243;][\/vc_column_inner][\/vc_row_inner][\/vc_column][vc_column width=&#8221;1\/2&#8243;][\/vc_column][\/vc_row][vc_row layout=&#8221;boxed&#8221; parallax_style=&#8221;none&#8221; parallax_scroll_effect=&#8221;fixed&#8221; el_class=&#8221;bg-gray&#8221;][vc_column width=&#8221;1\/2&#8243; el_class=&#8221;margin-top-100 md-margin-bottom-100 col-md-6 col-sm-12 col-xs-12&#8243;][vc_tta_tabs shape=&#8221;square&#8221; color=&#8221;white&#8221; spacing=&#8221;&#8221; active_section=&#8221;1&#8243; title=&#8221;WHY CHOOSEN US ?&#8221;][vc_tta_section title=&#8221;Management&#8221; tab_id=&#8221;1444103651337-71628a74-5509&#8243;][vc_column_text] [\/vc_column_text][\/vc_tta_section][vc_tta_section title=&#8221;Support&#8221; tab_id=&#8221;1444103691601-d09efe5d-f35a&#8221;][vc_column_text] [\/vc_column_text][\/vc_tta_section][vc_tta_section title=&#8221;Solution&#8221; tab_id=&#8221;1444103690080-e4d46e0a-4340&#8243;][vc_column_text] [&hellip;]\" \/>\n<meta property=\"og:url\" content=\"https:\/\/yesilyurtyay.com.tr\/en\/hakkimizda\/\" \/>\n<meta property=\"og:site_name\" content=\"Ye\u015fil Yurt Yay\" \/>\n<meta property=\"article:modified_time\" content=\"2020-03-20T16:24:47+00:00\" \/>\n<meta property=\"og:image\" content=\"https:\/\/yesilyurtyay.com.tr\/wp-content\/uploads\/2020\/02\/tab-images-1.png\" \/>\n<meta name=\"twitter:card\" content=\"summary_large_image\" \/>\n<meta name=\"twitter:label1\" content=\"Est. reading time\" \/>\n\t<meta name=\"twitter:data1\" content=\"11 minutes\" \/>\n<script type=\"application\/ld+json\" class=\"yoast-schema-graph\">{\"@context\":\"https:\/\/schema.org\",\"@graph\":[{\"@type\":\"WebPage\",\"@id\":\"https:\/\/yesilyurtyay.com.tr\/en\/hakkimizda\/\",\"url\":\"https:\/\/yesilyurtyay.com.tr\/en\/hakkimizda\/\",\"name\":\"About us - Ye\u015fil Yurt Yay\",\"isPartOf\":{\"@id\":\"https:\/\/yesilyurtyay.com.tr\/en\/#website\"},\"datePublished\":\"2015-07-18T09:24:26+00:00\",\"dateModified\":\"2020-03-20T16:24:47+00:00\",\"breadcrumb\":{\"@id\":\"https:\/\/yesilyurtyay.com.tr\/en\/hakkimizda\/#breadcrumb\"},\"inLanguage\":\"en-US\",\"potentialAction\":[{\"@type\":\"ReadAction\",\"target\":[\"https:\/\/yesilyurtyay.com.tr\/en\/hakkimizda\/\"]}]},{\"@type\":\"BreadcrumbList\",\"@id\":\"https:\/\/yesilyurtyay.com.tr\/en\/hakkimizda\/#breadcrumb\",\"itemListElement\":[{\"@type\":\"ListItem\",\"position\":1,\"name\":\"Ana sayfa\",\"item\":\"https:\/\/yesilyurtyay.com.tr\/en\/\"},{\"@type\":\"ListItem\",\"position\":2,\"name\":\"About us\"}]},{\"@type\":\"WebSite\",\"@id\":\"https:\/\/yesilyurtyay.com.tr\/en\/#website\",\"url\":\"https:\/\/yesilyurtyay.com.tr\/en\/\",\"name\":\"Ye\u015fil Yurt Yay\",\"description\":\"Yayl\u0131 Kalite\",\"potentialAction\":[{\"@type\":\"SearchAction\",\"target\":{\"@type\":\"EntryPoint\",\"urlTemplate\":\"https:\/\/yesilyurtyay.com.tr\/en\/?s={search_term_string}\"},\"query-input\":\"required name=search_term_string\"}],\"inLanguage\":\"en-US\"}]}<\/script>\n<!-- \/ Yoast SEO plugin. -->","yoast_head_json":{"title":"About us - Ye\u015fil Yurt Yay","robots":{"index":"index","follow":"follow","max-snippet":"max-snippet:-1","max-image-preview":"max-image-preview:large","max-video-preview":"max-video-preview:-1"},"canonical":"https:\/\/yesilyurtyay.com.tr\/en\/hakkimizda\/","og_locale":"en_US","og_type":"article","og_title":"About us - Ye\u015fil Yurt Yay","og_description":"[vc_row layout=&#8221;boxed&#8221; parallax_style=&#8221;none&#8221; parallax_scroll_effect=&#8221;fixed&#8221; el_class=&#8221;margin-bottom-100&#8243;][vc_column width=&#8221;1\/2&#8243;][vc_row_inner parallax_style=&#8221;none&#8221; video_link=&#8221;&#8221; parallax_scroll_effect=&#8221;fixed&#8221;][vc_column_inner width=&#8221;1\/2&#8243;][vc_single_image image=&#8221;973&#8243; img_size=&#8221;full&#8221; alignment=&#8221;center&#8221; el_class=&#8221;darna-single-image-style xs-margin-bottom-15&#8243;][\/vc_column_inner][vc_column_inner width=&#8221;1\/2&#8243;][vc_single_image image=&#8221;975&#8243; img_size=&#8221;full&#8221; alignment=&#8221;center&#8221; el_class=&#8221;darna-single-image-style&#8221; css=&#8221;.vc_custom_1581275571188{margin-bottom: 18px !important;}&#8221;][vc_single_image image=&#8221;974&#8243; img_size=&#8221;full&#8221; alignment=&#8221;center&#8221; el_class=&#8221;darna-single-image-style xs-margin-bottom-15&#8243;][\/vc_column_inner][\/vc_row_inner][\/vc_column][vc_column width=&#8221;1\/2&#8243;][\/vc_column][\/vc_row][vc_row layout=&#8221;boxed&#8221; parallax_style=&#8221;none&#8221; parallax_scroll_effect=&#8221;fixed&#8221; el_class=&#8221;bg-gray&#8221;][vc_column width=&#8221;1\/2&#8243; el_class=&#8221;margin-top-100 md-margin-bottom-100 col-md-6 col-sm-12 col-xs-12&#8243;][vc_tta_tabs shape=&#8221;square&#8221; color=&#8221;white&#8221; spacing=&#8221;&#8221; active_section=&#8221;1&#8243; title=&#8221;WHY CHOOSEN US ?&#8221;][vc_tta_section title=&#8221;Management&#8221; tab_id=&#8221;1444103651337-71628a74-5509&#8243;][vc_column_text] [\/vc_column_text][\/vc_tta_section][vc_tta_section title=&#8221;Support&#8221; tab_id=&#8221;1444103691601-d09efe5d-f35a&#8221;][vc_column_text] [\/vc_column_text][\/vc_tta_section][vc_tta_section title=&#8221;Solution&#8221; tab_id=&#8221;1444103690080-e4d46e0a-4340&#8243;][vc_column_text] [&hellip;]","og_url":"https:\/\/yesilyurtyay.com.tr\/en\/hakkimizda\/","og_site_name":"Ye\u015fil Yurt Yay","article_modified_time":"2020-03-20T16:24:47+00:00","og_image":[{"url":"https:\/\/yesilyurtyay.com.tr\/wp-content\/uploads\/2020\/02\/tab-images-1.png"}],"twitter_card":"summary_large_image","twitter_misc":{"Est. reading time":"11 minutes"},"schema":{"@context":"https:\/\/schema.org","@graph":[{"@type":"WebPage","@id":"https:\/\/yesilyurtyay.com.tr\/en\/hakkimizda\/","url":"https:\/\/yesilyurtyay.com.tr\/en\/hakkimizda\/","name":"About us - Ye\u015fil Yurt Yay","isPartOf":{"@id":"https:\/\/yesilyurtyay.com.tr\/en\/#website"},"datePublished":"2015-07-18T09:24:26+00:00","dateModified":"2020-03-20T16:24:47+00:00","breadcrumb":{"@id":"https:\/\/yesilyurtyay.com.tr\/en\/hakkimizda\/#breadcrumb"},"inLanguage":"en-US","potentialAction":[{"@type":"ReadAction","target":["https:\/\/yesilyurtyay.com.tr\/en\/hakkimizda\/"]}]},{"@type":"BreadcrumbList","@id":"https:\/\/yesilyurtyay.com.tr\/en\/hakkimizda\/#breadcrumb","itemListElement":[{"@type":"ListItem","position":1,"name":"Ana sayfa","item":"https:\/\/yesilyurtyay.com.tr\/en\/"},{"@type":"ListItem","position":2,"name":"About us"}]},{"@type":"WebSite","@id":"https:\/\/yesilyurtyay.com.tr\/en\/#website","url":"https:\/\/yesilyurtyay.com.tr\/en\/","name":"Ye\u015fil Yurt Yay","description":"Yayl\u0131 Kalite","potentialAction":[{"@type":"SearchAction","target":{"@type":"EntryPoint","urlTemplate":"https:\/\/yesilyurtyay.com.tr\/en\/?s={search_term_string}"},"query-input":"required name=search_term_string"}],"inLanguage":"en-US"}]}},"_links":{"self":[{"href":"https:\/\/yesilyurtyay.com.tr\/en\/wp-json\/wp\/v2\/pages\/115"}],"collection":[{"href":"https:\/\/yesilyurtyay.com.tr\/en\/wp-json\/wp\/v2\/pages"}],"about":[{"href":"https:\/\/yesilyurtyay.com.tr\/en\/wp-json\/wp\/v2\/types\/page"}],"author":[{"embeddable":true,"href":"https:\/\/yesilyurtyay.com.tr\/en\/wp-json\/wp\/v2\/users\/1"}],"replies":[{"embeddable":true,"href":"https:\/\/yesilyurtyay.com.tr\/en\/wp-json\/wp\/v2\/comments?post=115"}],"version-history":[{"count":43,"href":"https:\/\/yesilyurtyay.com.tr\/en\/wp-json\/wp\/v2\/pages\/115\/revisions"}],"predecessor-version":[{"id":1342,"href":"https:\/\/yesilyurtyay.com.tr\/en\/wp-json\/wp\/v2\/pages\/115\/revisions\/1342"}],"wp:attachment":[{"href":"https:\/\/yesilyurtyay.com.tr\/en\/wp-json\/wp\/v2\/media?parent=115"}],"curies":[{"name":"wp","href":"https:\/\/api.w.org\/{rel}","templated":true}]}}