{"id":99,"date":"2013-06-07T11:38:12","date_gmt":"2013-06-07T11:38:12","guid":{"rendered":"https:\/\/yesilyurtyay.com.tr\/?post_type=product&#038;p=99"},"modified":"2020-03-20T10:56:11","modified_gmt":"2020-03-20T07:56:11","slug":"coil-spring","status":"publish","type":"product","link":"https:\/\/yesilyurtyay.com.tr\/ar\/product\/coil-spring\/","title":{"rendered":"HELEZON YAY-01"},"content":{"rendered":"<p class=\"qtranxs-available-languages-message qtranxs-available-languages-message-ar\">\u0639\u0641\u0648\u0627\u060c \u0647\u0630\u0647 \u0627\u0644\u0645\u062f\u062e\u0644\u0629 \u0645\u0648\u062c\u0648\u062f\u0629 \u0641\u0642\u0637 \u0641\u064a <a href=\"https:\/\/yesilyurtyay.com.tr\/tr\/wp-json\/wp\/v2\/product\/99\" class=\"qtranxs-available-language-link qtranxs-available-language-link-tr\" title=\"T\u00fcrk\u00e7e\">\u0627\u0644\u062a\u0631\u0643\u064a\u0629<\/a> \u0648 <a href=\"https:\/\/yesilyurtyay.com.tr\/en\/wp-json\/wp\/v2\/product\/99\" class=\"qtranxs-available-language-link qtranxs-available-language-link-en\" title=\"English\">\u0627\u0644\u0625\u0646\u062c\u0644\u064a\u0632\u064a\u0629 \u0627\u0644\u0623\u0645\u0631\u064a\u0643\u064a\u0629<\/a>.<\/p>","protected":false},"excerpt":{"rendered":"<p><strong>HELEZON YAYLARI<\/strong><br \/>\nHelezon yaylar\u0131 , spor, amortis\u00f6r,coliover otomobillerimizin yolda stabil kalmas\u0131nda en b\u00fcy\u00fck etkenlerden biridi.<br \/>\n&#8211;<br \/>\n&#8211;<br \/>\n<strong>Ye\u015filyurt Yay<\/strong> hemen her \u00e7e\u015fit tel t\u00fcrlerini i\u015fleyecek teknolojiye sahip makina&#8217;lar\u0131 ile de\u011fi\u015fik ihtiya\u00e7lara iste\u011fe ba\u011fl\u0131 \u00f6l\u00e7\u00fclere gere 0 hata sistemi ile ihtiyac\u0131n\u0131z olan yay ve \u00e7e\u015fitlerini \u00fcretmektedir.<br \/>\n&#8211;<br \/>\n&#8211;<br \/>\n\u00d6zel sipari\u015flerinizi mail veya <a href=\"https:\/\/yesilyurtyay.com.tr\/iletisim\/\"><strong style=\"color: #ffb600;\">ileti\u015fim<\/strong><\/a> sayfam\u0131zdaki sipari\u015f <a href=\"https:\/\/yesilyurtyay.com.tr\/iletisim\/\"><strong style=\"color: #ffb600;\">FORMU&#8217;NU<\/strong><\/a> doldurarak bizlere projenizin \u00f6l\u00e7\u00fclerini g\u00f6nderebilirsiniz.<\/p>\n<p><strong>HELEZON YAYLARI<\/strong><br \/>\nHelezon yaylar\u0131 , spor, amortis\u00f6r,coliover otomobillerimizin yolda stabil kalmas\u0131nda en b\u00fcy\u00fck etkenlerden biridi.<br \/>\n&#8211;<br \/>\n&#8211;<br \/>\n<strong>Ye\u015filyurt Yay<\/strong> hemen her \u00e7e\u015fit tel t\u00fcrlerini i\u015fleyecek teknolojiye sahip makina&#8217;lar\u0131 ile de\u011fi\u015fik ihtiya\u00e7lara iste\u011fe ba\u011fl\u0131 \u00f6l\u00e7\u00fclere gere 0 hata sistemi ile ihtiyac\u0131n\u0131z olan yay ve \u00e7e\u015fitlerini \u00fcretmektedir.<br \/>\n&#8211;<br \/>\n&#8211;<br \/>\n\u00d6zel sipari\u015flerinizi mail veya <a href=\"https:\/\/yesilyurtyay.com.tr\/iletisim\/\"><strong style=\"color:#ffb600;\">ileti\u015fim<\/strong><\/a> sayfam\u0131zdaki sipari\u015f <a href=\"https:\/\/yesilyurtyay.com.tr\/iletisim\/\"><strong style=\"color:#ffb600;\">FORMU&#8217;NU<\/strong><\/a> doldurarak bizlere projenizin \u00f6l\u00e7\u00fclerini g\u00f6nderebilirsiniz.<\/p>\n","protected":false},"featured_media":1061,"comment_status":"open","ping_status":"closed","template":"","meta":{"_joinchat":[]},"product_cat":[64],"product_tag":[82,78,79,83,76,77,86,87,80,81],"yoast_head":"<!-- This site is optimized with the Yoast SEO plugin v21.5 - https:\/\/yoast.com\/wordpress\/plugins\/seo\/ -->\n<title>(English) HELEZON YAY-01 - Coil Spring Turkey<\/title>\n<meta name=\"description\" content=\"(English) Coil spring\u00a0 It is known as\u00a0 used in vehicles, suspension systems and in many places. It operates the system with the potential for compression by vertical...\" \/>\n<meta name=\"robots\" content=\"index, follow, max-snippet:-1, max-image-preview:large, max-video-preview:-1\" \/>\n<link rel=\"canonical\" href=\"https:\/\/yesilyurtyay.com.tr\/en\/product\/coil-spring\/\" \/>\n<meta property=\"og:locale\" content=\"ar_AR\" \/>\n<meta property=\"og:type\" content=\"article\" \/>\n<meta property=\"og:title\" content=\"(English) HELEZON YAY-01 - Coil Spring Turkey\" \/>\n<meta property=\"og:description\" content=\"(English) Coil spring\u00a0 It is known as\u00a0 used in vehicles, suspension systems and in many places. It operates the system with the potential for compression by vertical...\" \/>\n<meta property=\"og:url\" content=\"https:\/\/yesilyurtyay.com.tr\/en\/product\/coil-spring\/\" \/>\n<meta property=\"og:site_name\" content=\"Ye\u015fil Yurt Yay\" \/>\n<meta property=\"article:modified_time\" content=\"2020-03-20T07:56:11+00:00\" \/>\n<meta property=\"og:image\" content=\"https:\/\/yesilyurtyay.com.tr\/wp-content\/uploads\/2013\/06\/helezon-yay-2.jpg\" \/>\n\t<meta property=\"og:image:width\" content=\"570\" \/>\n\t<meta property=\"og:image:height\" content=\"570\" \/>\n\t<meta property=\"og:image:type\" content=\"image\/jpeg\" \/>\n<meta name=\"twitter:card\" content=\"summary_large_image\" \/>\n<meta name=\"twitter:label1\" content=\"\u0648\u0642\u062a \u0627\u0644\u0642\u0631\u0627\u0621\u0629 \u0627\u0644\u0645\u064f\u0642\u062f\u0651\u0631\" \/>\n\t<meta name=\"twitter:data1\" content=\"4 \u062f\u0642\u0627\u0626\u0642\" \/>\n<script type=\"application\/ld+json\" class=\"yoast-schema-graph\">{\"@context\":\"https:\/\/schema.org\",\"@graph\":[{\"@type\":\"WebPage\",\"@id\":\"https:\/\/yesilyurtyay.com.tr\/en\/product\/coil-spring\/\",\"url\":\"https:\/\/yesilyurtyay.com.tr\/en\/product\/coil-spring\/\",\"name\":\"(English) HELEZON YAY-01 - Coil Spring Turkey\",\"isPartOf\":{\"@id\":\"https:\/\/yesilyurtyay.com.tr\/en\/#website\"},\"datePublished\":\"2013-06-07T11:38:12+00:00\",\"dateModified\":\"2020-03-20T07:56:11+00:00\",\"description\":\"(English) Coil spring\u00a0 It is known as\u00a0 used in vehicles, suspension systems and in many places. It operates the system with the potential for compression by vertical...\",\"breadcrumb\":{\"@id\":\"https:\/\/yesilyurtyay.com.tr\/en\/product\/coil-spring\/#breadcrumb\"},\"inLanguage\":\"ar\",\"potentialAction\":[{\"@type\":\"ReadAction\",\"target\":[\"https:\/\/yesilyurtyay.com.tr\/en\/product\/coil-spring\/\"]}]},{\"@type\":\"BreadcrumbList\",\"@id\":\"https:\/\/yesilyurtyay.com.tr\/en\/product\/coil-spring\/#breadcrumb\",\"itemListElement\":[{\"@type\":\"ListItem\",\"position\":1,\"name\":\"Ana sayfa\",\"item\":\"https:\/\/yesilyurtyay.com.tr\/en\/\"},{\"@type\":\"ListItem\",\"position\":2,\"name\":\"Shop\",\"item\":\"https:\/\/yesilyurtyay.com.tr\/ar\/shop\/\"},{\"@type\":\"ListItem\",\"position\":3,\"name\":\"HELEZON YAY\"}]},{\"@type\":\"WebSite\",\"@id\":\"https:\/\/yesilyurtyay.com.tr\/en\/#website\",\"url\":\"https:\/\/yesilyurtyay.com.tr\/en\/\",\"name\":\"Ye\u015fil Yurt Yay\",\"description\":\"Yayl\u0131 Kalite\",\"potentialAction\":[{\"@type\":\"SearchAction\",\"target\":{\"@type\":\"EntryPoint\",\"urlTemplate\":\"https:\/\/yesilyurtyay.com.tr\/en\/?s={search_term_string}\"},\"query-input\":\"required name=search_term_string\"}],\"inLanguage\":\"ar\"}]}<\/script>\n<!-- \/ Yoast SEO plugin. -->","yoast_head_json":{"title":"(English) HELEZON YAY-01 - Coil Spring Turkey","description":"(English) Coil spring\u00a0 It is known as\u00a0 used in vehicles, suspension systems and in many places. It operates the system with the potential for compression by vertical...","robots":{"index":"index","follow":"follow","max-snippet":"max-snippet:-1","max-image-preview":"max-image-preview:large","max-video-preview":"max-video-preview:-1"},"canonical":"https:\/\/yesilyurtyay.com.tr\/en\/product\/coil-spring\/","og_locale":"ar_AR","og_type":"article","og_title":"(English) HELEZON YAY-01 - Coil Spring Turkey","og_description":"(English) Coil spring\u00a0 It is known as\u00a0 used in vehicles, suspension systems and in many places. It operates the system with the potential for compression by vertical...","og_url":"https:\/\/yesilyurtyay.com.tr\/en\/product\/coil-spring\/","og_site_name":"Ye\u015fil Yurt Yay","article_modified_time":"2020-03-20T07:56:11+00:00","og_image":[{"width":570,"height":570,"url":"https:\/\/yesilyurtyay.com.tr\/wp-content\/uploads\/2013\/06\/helezon-yay-2.jpg","type":"image\/jpeg"}],"twitter_card":"summary_large_image","twitter_misc":{"\u0648\u0642\u062a \u0627\u0644\u0642\u0631\u0627\u0621\u0629 \u0627\u0644\u0645\u064f\u0642\u062f\u0651\u0631":"4 \u062f\u0642\u0627\u0626\u0642"},"schema":{"@context":"https:\/\/schema.org","@graph":[{"@type":"WebPage","@id":"https:\/\/yesilyurtyay.com.tr\/en\/product\/coil-spring\/","url":"https:\/\/yesilyurtyay.com.tr\/en\/product\/coil-spring\/","name":"(English) HELEZON YAY-01 - Coil Spring Turkey","isPartOf":{"@id":"https:\/\/yesilyurtyay.com.tr\/en\/#website"},"datePublished":"2013-06-07T11:38:12+00:00","dateModified":"2020-03-20T07:56:11+00:00","description":"(English) Coil spring\u00a0 It is known as\u00a0 used in vehicles, suspension systems and in many places. It operates the system with the potential for compression by vertical...","breadcrumb":{"@id":"https:\/\/yesilyurtyay.com.tr\/en\/product\/coil-spring\/#breadcrumb"},"inLanguage":"ar","potentialAction":[{"@type":"ReadAction","target":["https:\/\/yesilyurtyay.com.tr\/en\/product\/coil-spring\/"]}]},{"@type":"BreadcrumbList","@id":"https:\/\/yesilyurtyay.com.tr\/en\/product\/coil-spring\/#breadcrumb","itemListElement":[{"@type":"ListItem","position":1,"name":"Ana sayfa","item":"https:\/\/yesilyurtyay.com.tr\/en\/"},{"@type":"ListItem","position":2,"name":"Shop","item":"https:\/\/yesilyurtyay.com.tr\/ar\/shop\/"},{"@type":"ListItem","position":3,"name":"HELEZON YAY"}]},{"@type":"WebSite","@id":"https:\/\/yesilyurtyay.com.tr\/en\/#website","url":"https:\/\/yesilyurtyay.com.tr\/en\/","name":"Ye\u015fil Yurt Yay","description":"Yayl\u0131 Kalite","potentialAction":[{"@type":"SearchAction","target":{"@type":"EntryPoint","urlTemplate":"https:\/\/yesilyurtyay.com.tr\/en\/?s={search_term_string}"},"query-input":"required name=search_term_string"}],"inLanguage":"ar"}]}},"_links":{"self":[{"href":"https:\/\/yesilyurtyay.com.tr\/ar\/wp-json\/wp\/v2\/product\/99"}],"collection":[{"href":"https:\/\/yesilyurtyay.com.tr\/ar\/wp-json\/wp\/v2\/product"}],"about":[{"href":"https:\/\/yesilyurtyay.com.tr\/ar\/wp-json\/wp\/v2\/types\/product"}],"replies":[{"embeddable":true,"href":"https:\/\/yesilyurtyay.com.tr\/ar\/wp-json\/wp\/v2\/comments?post=99"}],"wp:featuredmedia":[{"embeddable":true,"href":"https:\/\/yesilyurtyay.com.tr\/ar\/wp-json\/wp\/v2\/media\/1061"}],"wp:attachment":[{"href":"https:\/\/yesilyurtyay.com.tr\/ar\/wp-json\/wp\/v2\/media?parent=99"}],"wp:term":[{"taxonomy":"product_cat","embeddable":true,"href":"https:\/\/yesilyurtyay.com.tr\/ar\/wp-json\/wp\/v2\/product_cat?post=99"},{"taxonomy":"product_tag","embeddable":true,"href":"https:\/\/yesilyurtyay.com.tr\/ar\/wp-json\/wp\/v2\/product_tag?post=99"}],"curies":[{"name":"wp","href":"https:\/\/api.w.org\/{rel}","templated":true}]}}