{"id":40,"date":"2013-06-07T11:00:28","date_gmt":"2013-06-07T11:00:28","guid":{"rendered":"https:\/\/yesilyurtyay.com.tr\/?post_type=product&#038;p=40"},"modified":"2022-05-24T08:35:06","modified_gmt":"2022-05-24T05:35:06","slug":"extension-spring","status":"publish","type":"product","link":"https:\/\/yesilyurtyay.com.tr\/ar\/product\/extension-spring\/","title":{"rendered":"\u00c7ekme Yay-01"},"content":{"rendered":"<p class=\"qtranxs-available-languages-message qtranxs-available-languages-message-ar\">\u0639\u0641\u0648\u0627\u060c \u0647\u0630\u0647 \u0627\u0644\u0645\u062f\u062e\u0644\u0629 \u0645\u0648\u062c\u0648\u062f\u0629 \u0641\u0642\u0637 \u0641\u064a <a href=\"https:\/\/yesilyurtyay.com.tr\/tr\/wp-json\/wp\/v2\/product\/40\" class=\"qtranxs-available-language-link qtranxs-available-language-link-tr\" title=\"T\u00fcrk\u00e7e\">\u0627\u0644\u062a\u0631\u0643\u064a\u0629<\/a> \u0648 <a href=\"https:\/\/yesilyurtyay.com.tr\/en\/wp-json\/wp\/v2\/product\/40\" class=\"qtranxs-available-language-link qtranxs-available-language-link-en\" title=\"English\">\u0627\u0644\u0625\u0646\u062c\u0644\u064a\u0632\u064a\u0629 \u0627\u0644\u0623\u0645\u0631\u064a\u0643\u064a\u0629<\/a>.<\/p>","protected":false},"excerpt":{"rendered":"<p><strong>(\u00c7ekme Yaylar\u0131 Kapal\u0131 yaylar )<\/strong><br \/>\nYe\u015filyurt  Yay ve makine Sanayisi s\u00fcrekli yenilenerek kulland\u0131\u011f\u0131 y\u00fcksen teknolojisi ile \u00e7ekme yaylar\u0131n\u0131 her boyda ve gerginlik derecesinde, istenen \u00e7ekme kuvvetine uygun \u00fcretim yapar.<br \/>\n\u00c7al\u0131\u015fma \u015fekli , \u00e7ekmeye kar\u015f\u0131 diren\u00e7 g\u00f6steren bu yaylar, genel olarak sar\u0131mlar\u0131 kapal\u0131 bir \u015fekilde \u00fcretilir<br \/>\n&#8211;<br \/>\n&#8211;<br \/>\n<strong>Ye\u015filyurt Yay<\/strong> hemen her \u00e7e\u015fit tel t\u00fcrlerini i\u015fleyecek teknolojiye sahip makina&#8217;lar\u0131 ile de\u011fi\u015fik ihtiya\u00e7lara iste\u011fe ba\u011fl\u0131 \u00f6l\u00e7\u00fclere gere 0 hata sistemi ile ihtiyac\u0131n\u0131z olan yay ve \u00e7e\u015fitlerini \u00fcretmektedir.<br \/>\n&#8211;<br \/>\n&#8211;<br \/>\n\u00d6zel sipari\u015flerinizi mail veya <a href=\"https:\/\/yesilyurtyay.com.tr\/iletisim\/\"><strong style=\"color:#ffb600;\">ileti\u015fim<\/strong><\/a> sayfam\u0131zdaki sipari\u015f <a href=\"https:\/\/yesilyurtyay.com.tr\/iletisim\/\"><strong style=\"color:#ffb600;\">FORMU&#8217;NU<\/strong><\/a> doldurarak bizlere projenizin \u00f6l\u00e7\u00fclerini g\u00f6nderebilirsiniz.<\/p>\n","protected":false},"featured_media":1010,"comment_status":"open","ping_status":"closed","template":"","meta":{"_joinchat":[]},"product_cat":[65,60],"product_tag":[82,93,78,79,83,76,77,86,80,81],"yoast_head":"<!-- This site is optimized with the Yoast SEO plugin v21.5 - https:\/\/yoast.com\/wordpress\/plugins\/seo\/ -->\n<title>\u00c7ekme Yay-01 - \u0130malat sanayi<\/title>\n<meta name=\"description\" content=\"\u00c7ekme yay, belirli bir eksen etraf\u0131nda ve belirli ad\u0131mlarla sol ya da sa\u011f y\u00f6nde sar\u0131lm\u0131\u015f dairesel, dikd\u00f6rtgen ya da kare kesitte ki telden imal edilir.\" \/>\n<meta name=\"robots\" content=\"index, follow, max-snippet:-1, max-image-preview:large, max-video-preview:-1\" \/>\n<link rel=\"canonical\" href=\"https:\/\/yesilyurtyay.com.tr\/en\/product\/extension-spring\/\" \/>\n<meta property=\"og:locale\" content=\"ar_AR\" \/>\n<meta property=\"og:type\" content=\"article\" \/>\n<meta property=\"og:title\" content=\"\u00c7ekme Yay-01 - \u0130malat sanayi\" \/>\n<meta property=\"og:description\" content=\"\u00c7ekme yay, belirli bir eksen etraf\u0131nda ve belirli ad\u0131mlarla sol ya da sa\u011f y\u00f6nde sar\u0131lm\u0131\u015f dairesel, dikd\u00f6rtgen ya da kare kesitte ki telden imal edilir.\" \/>\n<meta property=\"og:url\" content=\"https:\/\/yesilyurtyay.com.tr\/en\/product\/extension-spring\/\" \/>\n<meta property=\"og:site_name\" content=\"Ye\u015fil Yurt Yay\" \/>\n<meta property=\"article:modified_time\" content=\"2022-05-24T05:35:06+00:00\" \/>\n<meta property=\"og:image\" content=\"https:\/\/yesilyurtyay.com.tr\/wp-content\/uploads\/2013\/06\/cekme-yay-1.jpg\" \/>\n\t<meta property=\"og:image:width\" content=\"570\" \/>\n\t<meta property=\"og:image:height\" content=\"570\" \/>\n\t<meta property=\"og:image:type\" content=\"image\/jpeg\" \/>\n<meta name=\"twitter:card\" content=\"summary_large_image\" \/>\n<meta name=\"twitter:label1\" content=\"\u0648\u0642\u062a \u0627\u0644\u0642\u0631\u0627\u0621\u0629 \u0627\u0644\u0645\u064f\u0642\u062f\u0651\u0631\" \/>\n\t<meta name=\"twitter:data1\" content=\"4 \u062f\u0642\u0627\u0626\u0642\" \/>\n<script type=\"application\/ld+json\" class=\"yoast-schema-graph\">{\"@context\":\"https:\/\/schema.org\",\"@graph\":[{\"@type\":\"WebPage\",\"@id\":\"https:\/\/yesilyurtyay.com.tr\/en\/product\/extension-spring\/\",\"url\":\"https:\/\/yesilyurtyay.com.tr\/en\/product\/extension-spring\/\",\"name\":\"\u00c7ekme Yay-01 - \u0130malat sanayi\",\"isPartOf\":{\"@id\":\"https:\/\/yesilyurtyay.com.tr\/en\/#website\"},\"datePublished\":\"2013-06-07T11:00:28+00:00\",\"dateModified\":\"2022-05-24T05:35:06+00:00\",\"description\":\"\u00c7ekme yay, belirli bir eksen etraf\u0131nda ve belirli ad\u0131mlarla sol ya da sa\u011f y\u00f6nde sar\u0131lm\u0131\u015f dairesel, dikd\u00f6rtgen ya da kare kesitte ki telden imal edilir.\",\"breadcrumb\":{\"@id\":\"https:\/\/yesilyurtyay.com.tr\/en\/product\/extension-spring\/#breadcrumb\"},\"inLanguage\":\"ar\",\"potentialAction\":[{\"@type\":\"ReadAction\",\"target\":[\"https:\/\/yesilyurtyay.com.tr\/en\/product\/extension-spring\/\"]}]},{\"@type\":\"BreadcrumbList\",\"@id\":\"https:\/\/yesilyurtyay.com.tr\/en\/product\/extension-spring\/#breadcrumb\",\"itemListElement\":[{\"@type\":\"ListItem\",\"position\":1,\"name\":\"Ana sayfa\",\"item\":\"https:\/\/yesilyurtyay.com.tr\/en\/\"},{\"@type\":\"ListItem\",\"position\":2,\"name\":\"Shop\",\"item\":\"https:\/\/yesilyurtyay.com.tr\/ar\/shop\/\"},{\"@type\":\"ListItem\",\"position\":3,\"name\":\"\u00c7EKME YAY- Ye\u015filyurt yay Kaliteli imalat\"}]},{\"@type\":\"WebSite\",\"@id\":\"https:\/\/yesilyurtyay.com.tr\/en\/#website\",\"url\":\"https:\/\/yesilyurtyay.com.tr\/en\/\",\"name\":\"Ye\u015fil Yurt Yay\",\"description\":\"Yayl\u0131 Kalite\",\"potentialAction\":[{\"@type\":\"SearchAction\",\"target\":{\"@type\":\"EntryPoint\",\"urlTemplate\":\"https:\/\/yesilyurtyay.com.tr\/en\/?s={search_term_string}\"},\"query-input\":\"required name=search_term_string\"}],\"inLanguage\":\"ar\"}]}<\/script>\n<!-- \/ Yoast SEO plugin. -->","yoast_head_json":{"title":"\u00c7ekme Yay-01 - \u0130malat sanayi","description":"\u00c7ekme yay, belirli bir eksen etraf\u0131nda ve belirli ad\u0131mlarla sol ya da sa\u011f y\u00f6nde sar\u0131lm\u0131\u015f dairesel, dikd\u00f6rtgen ya da kare kesitte ki telden imal edilir.","robots":{"index":"index","follow":"follow","max-snippet":"max-snippet:-1","max-image-preview":"max-image-preview:large","max-video-preview":"max-video-preview:-1"},"canonical":"https:\/\/yesilyurtyay.com.tr\/en\/product\/extension-spring\/","og_locale":"ar_AR","og_type":"article","og_title":"\u00c7ekme Yay-01 - \u0130malat sanayi","og_description":"\u00c7ekme yay, belirli bir eksen etraf\u0131nda ve belirli ad\u0131mlarla sol ya da sa\u011f y\u00f6nde sar\u0131lm\u0131\u015f dairesel, dikd\u00f6rtgen ya da kare kesitte ki telden imal edilir.","og_url":"https:\/\/yesilyurtyay.com.tr\/en\/product\/extension-spring\/","og_site_name":"Ye\u015fil Yurt Yay","article_modified_time":"2022-05-24T05:35:06+00:00","og_image":[{"width":570,"height":570,"url":"https:\/\/yesilyurtyay.com.tr\/wp-content\/uploads\/2013\/06\/cekme-yay-1.jpg","type":"image\/jpeg"}],"twitter_card":"summary_large_image","twitter_misc":{"\u0648\u0642\u062a \u0627\u0644\u0642\u0631\u0627\u0621\u0629 \u0627\u0644\u0645\u064f\u0642\u062f\u0651\u0631":"4 \u062f\u0642\u0627\u0626\u0642"},"schema":{"@context":"https:\/\/schema.org","@graph":[{"@type":"WebPage","@id":"https:\/\/yesilyurtyay.com.tr\/en\/product\/extension-spring\/","url":"https:\/\/yesilyurtyay.com.tr\/en\/product\/extension-spring\/","name":"\u00c7ekme Yay-01 - \u0130malat sanayi","isPartOf":{"@id":"https:\/\/yesilyurtyay.com.tr\/en\/#website"},"datePublished":"2013-06-07T11:00:28+00:00","dateModified":"2022-05-24T05:35:06+00:00","description":"\u00c7ekme yay, belirli bir eksen etraf\u0131nda ve belirli ad\u0131mlarla sol ya da sa\u011f y\u00f6nde sar\u0131lm\u0131\u015f dairesel, dikd\u00f6rtgen ya da kare kesitte ki telden imal edilir.","breadcrumb":{"@id":"https:\/\/yesilyurtyay.com.tr\/en\/product\/extension-spring\/#breadcrumb"},"inLanguage":"ar","potentialAction":[{"@type":"ReadAction","target":["https:\/\/yesilyurtyay.com.tr\/en\/product\/extension-spring\/"]}]},{"@type":"BreadcrumbList","@id":"https:\/\/yesilyurtyay.com.tr\/en\/product\/extension-spring\/#breadcrumb","itemListElement":[{"@type":"ListItem","position":1,"name":"Ana sayfa","item":"https:\/\/yesilyurtyay.com.tr\/en\/"},{"@type":"ListItem","position":2,"name":"Shop","item":"https:\/\/yesilyurtyay.com.tr\/ar\/shop\/"},{"@type":"ListItem","position":3,"name":"\u00c7EKME YAY- Ye\u015filyurt yay Kaliteli imalat"}]},{"@type":"WebSite","@id":"https:\/\/yesilyurtyay.com.tr\/en\/#website","url":"https:\/\/yesilyurtyay.com.tr\/en\/","name":"Ye\u015fil Yurt Yay","description":"Yayl\u0131 Kalite","potentialAction":[{"@type":"SearchAction","target":{"@type":"EntryPoint","urlTemplate":"https:\/\/yesilyurtyay.com.tr\/en\/?s={search_term_string}"},"query-input":"required name=search_term_string"}],"inLanguage":"ar"}]}},"_links":{"self":[{"href":"https:\/\/yesilyurtyay.com.tr\/ar\/wp-json\/wp\/v2\/product\/40"}],"collection":[{"href":"https:\/\/yesilyurtyay.com.tr\/ar\/wp-json\/wp\/v2\/product"}],"about":[{"href":"https:\/\/yesilyurtyay.com.tr\/ar\/wp-json\/wp\/v2\/types\/product"}],"replies":[{"embeddable":true,"href":"https:\/\/yesilyurtyay.com.tr\/ar\/wp-json\/wp\/v2\/comments?post=40"}],"wp:featuredmedia":[{"embeddable":true,"href":"https:\/\/yesilyurtyay.com.tr\/ar\/wp-json\/wp\/v2\/media\/1010"}],"wp:attachment":[{"href":"https:\/\/yesilyurtyay.com.tr\/ar\/wp-json\/wp\/v2\/media?parent=40"}],"wp:term":[{"taxonomy":"product_cat","embeddable":true,"href":"https:\/\/yesilyurtyay.com.tr\/ar\/wp-json\/wp\/v2\/product_cat?post=40"},{"taxonomy":"product_tag","embeddable":true,"href":"https:\/\/yesilyurtyay.com.tr\/ar\/wp-json\/wp\/v2\/product_tag?post=40"}],"curies":[{"name":"wp","href":"https:\/\/api.w.org\/{rel}","templated":true}]}}