{"id":1187,"date":"2020-03-02T16:48:35","date_gmt":"2020-03-02T13:48:35","guid":{"rendered":"https:\/\/yesilyurtyay.com.tr\/?page_id=1187"},"modified":"2020-03-02T16:48:35","modified_gmt":"2020-03-02T13:48:35","slug":"yaylar","status":"publish","type":"page","link":"https:\/\/yesilyurtyay.com.tr\/ar\/yaylar\/","title":{"rendered":"(T\u00fcrk\u00e7e) Yaylar"},"content":{"rendered":"<p class=\"qtranxs-available-languages-message qtranxs-available-languages-message-ar\">\u0639\u0641\u0648\u0627\u060c \u0647\u0630\u0647 \u0627\u0644\u0645\u062f\u062e\u0644\u0629 \u0645\u0648\u062c\u0648\u062f\u0629 \u0641\u0642\u0637 \u0641\u064a <a href=\"https:\/\/yesilyurtyay.com.tr\/tr\/wp-json\/wp\/v2\/pages\/1187\" class=\"qtranxs-available-language-link qtranxs-available-language-link-tr\" title=\"T\u00fcrk\u00e7e\">\u0627\u0644\u062a\u0631\u0643\u064a\u0629<\/a>.<\/p>","protected":false},"excerpt":{"rendered":"<p>\u0639\u0641\u0648\u0627\u060c \u0647\u0630\u0647 \u0627\u0644\u0645\u062f\u062e\u0644\u0629 \u0645\u0648\u062c\u0648\u062f\u0629 \u0641\u0642\u0637 \u0641\u064a \u0627\u0644\u062a\u0631\u0643\u064a\u0629.<\/p>\n","protected":false},"author":1,"featured_media":0,"parent":0,"menu_order":0,"comment_status":"closed","ping_status":"closed","template":"","meta":{"footnotes":"","_joinchat":[]},"yoast_head":"<!-- This site is optimized with the Yoast SEO plugin v21.5 - https:\/\/yoast.com\/wordpress\/plugins\/seo\/ -->\n<title>(T\u00fcrk\u00e7e) Yaylar - Ye\u015fil Yurt Yay<\/title>\n<meta name=\"robots\" content=\"index, follow, max-snippet:-1, max-image-preview:large, max-video-preview:-1\" \/>\n<link rel=\"canonical\" href=\"https:\/\/yesilyurtyay.com.tr\/en\/yaylar\/\" \/>\n<meta property=\"og:locale\" content=\"ar_AR\" \/>\n<meta property=\"og:type\" content=\"article\" \/>\n<meta property=\"og:title\" content=\"(T\u00fcrk\u00e7e) Yaylar - Ye\u015fil Yurt Yay\" \/>\n<meta property=\"og:description\" content=\"\u0639\u0641\u0648\u0627\u060c \u0647\u0630\u0647 \u0627\u0644\u0645\u062f\u062e\u0644\u0629 \u0645\u0648\u062c\u0648\u062f\u0629 \u0641\u0642\u0637 \u0641\u064a \u0627\u0644\u062a\u0631\u0643\u064a\u0629.\" \/>\n<meta property=\"og:url\" content=\"https:\/\/yesilyurtyay.com.tr\/en\/yaylar\/\" \/>\n<meta property=\"og:site_name\" content=\"Ye\u015fil Yurt Yay\" \/>\n<meta property=\"og:image\" content=\"https:\/\/yesilyurtyay.com.tr\/wp-content\/uploads\/2020\/02\/tab-images-1.png\" \/>\n<meta name=\"twitter:card\" content=\"summary_large_image\" \/>\n<meta name=\"twitter:label1\" content=\"\u0648\u0642\u062a \u0627\u0644\u0642\u0631\u0627\u0621\u0629 \u0627\u0644\u0645\u064f\u0642\u062f\u0651\u0631\" \/>\n\t<meta name=\"twitter:data1\" content=\"4 \u062f\u0642\u0627\u0626\u0642\" \/>\n<script type=\"application\/ld+json\" class=\"yoast-schema-graph\">{\"@context\":\"https:\/\/schema.org\",\"@graph\":[{\"@type\":\"WebPage\",\"@id\":\"https:\/\/yesilyurtyay.com.tr\/en\/yaylar\/\",\"url\":\"https:\/\/yesilyurtyay.com.tr\/en\/yaylar\/\",\"name\":\"(T\u00fcrk\u00e7e) Yaylar - Ye\u015fil Yurt Yay\",\"isPartOf\":{\"@id\":\"https:\/\/yesilyurtyay.com.tr\/en\/#website\"},\"datePublished\":\"2020-03-02T13:48:35+00:00\",\"dateModified\":\"2020-03-02T13:48:35+00:00\",\"breadcrumb\":{\"@id\":\"https:\/\/yesilyurtyay.com.tr\/en\/yaylar\/#breadcrumb\"},\"inLanguage\":\"ar\",\"potentialAction\":[{\"@type\":\"ReadAction\",\"target\":[\"https:\/\/yesilyurtyay.com.tr\/en\/yaylar\/\"]}]},{\"@type\":\"BreadcrumbList\",\"@id\":\"https:\/\/yesilyurtyay.com.tr\/en\/yaylar\/#breadcrumb\",\"itemListElement\":[{\"@type\":\"ListItem\",\"position\":1,\"name\":\"Ana sayfa\",\"item\":\"https:\/\/yesilyurtyay.com.tr\/en\/\"},{\"@type\":\"ListItem\",\"position\":2,\"name\":\"(Turkish) Yaylar\"}]},{\"@type\":\"WebSite\",\"@id\":\"https:\/\/yesilyurtyay.com.tr\/en\/#website\",\"url\":\"https:\/\/yesilyurtyay.com.tr\/en\/\",\"name\":\"Ye\u015fil Yurt Yay\",\"description\":\"Yayl\u0131 Kalite\",\"potentialAction\":[{\"@type\":\"SearchAction\",\"target\":{\"@type\":\"EntryPoint\",\"urlTemplate\":\"https:\/\/yesilyurtyay.com.tr\/en\/?s={search_term_string}\"},\"query-input\":\"required name=search_term_string\"}],\"inLanguage\":\"ar\"}]}<\/script>\n<!-- \/ Yoast SEO plugin. -->","yoast_head_json":{"title":"(T\u00fcrk\u00e7e) Yaylar - Ye\u015fil Yurt Yay","robots":{"index":"index","follow":"follow","max-snippet":"max-snippet:-1","max-image-preview":"max-image-preview:large","max-video-preview":"max-video-preview:-1"},"canonical":"https:\/\/yesilyurtyay.com.tr\/en\/yaylar\/","og_locale":"ar_AR","og_type":"article","og_title":"(T\u00fcrk\u00e7e) Yaylar - Ye\u015fil Yurt Yay","og_description":"\u0639\u0641\u0648\u0627\u060c \u0647\u0630\u0647 \u0627\u0644\u0645\u062f\u062e\u0644\u0629 \u0645\u0648\u062c\u0648\u062f\u0629 \u0641\u0642\u0637 \u0641\u064a \u0627\u0644\u062a\u0631\u0643\u064a\u0629.","og_url":"https:\/\/yesilyurtyay.com.tr\/en\/yaylar\/","og_site_name":"Ye\u015fil Yurt Yay","og_image":[{"url":"https:\/\/yesilyurtyay.com.tr\/wp-content\/uploads\/2020\/02\/tab-images-1.png"}],"twitter_card":"summary_large_image","twitter_misc":{"\u0648\u0642\u062a \u0627\u0644\u0642\u0631\u0627\u0621\u0629 \u0627\u0644\u0645\u064f\u0642\u062f\u0651\u0631":"4 \u062f\u0642\u0627\u0626\u0642"},"schema":{"@context":"https:\/\/schema.org","@graph":[{"@type":"WebPage","@id":"https:\/\/yesilyurtyay.com.tr\/en\/yaylar\/","url":"https:\/\/yesilyurtyay.com.tr\/en\/yaylar\/","name":"(T\u00fcrk\u00e7e) Yaylar - Ye\u015fil Yurt Yay","isPartOf":{"@id":"https:\/\/yesilyurtyay.com.tr\/en\/#website"},"datePublished":"2020-03-02T13:48:35+00:00","dateModified":"2020-03-02T13:48:35+00:00","breadcrumb":{"@id":"https:\/\/yesilyurtyay.com.tr\/en\/yaylar\/#breadcrumb"},"inLanguage":"ar","potentialAction":[{"@type":"ReadAction","target":["https:\/\/yesilyurtyay.com.tr\/en\/yaylar\/"]}]},{"@type":"BreadcrumbList","@id":"https:\/\/yesilyurtyay.com.tr\/en\/yaylar\/#breadcrumb","itemListElement":[{"@type":"ListItem","position":1,"name":"Ana sayfa","item":"https:\/\/yesilyurtyay.com.tr\/en\/"},{"@type":"ListItem","position":2,"name":"(Turkish) Yaylar"}]},{"@type":"WebSite","@id":"https:\/\/yesilyurtyay.com.tr\/en\/#website","url":"https:\/\/yesilyurtyay.com.tr\/en\/","name":"Ye\u015fil Yurt Yay","description":"Yayl\u0131 Kalite","potentialAction":[{"@type":"SearchAction","target":{"@type":"EntryPoint","urlTemplate":"https:\/\/yesilyurtyay.com.tr\/en\/?s={search_term_string}"},"query-input":"required name=search_term_string"}],"inLanguage":"ar"}]}},"_links":{"self":[{"href":"https:\/\/yesilyurtyay.com.tr\/ar\/wp-json\/wp\/v2\/pages\/1187"}],"collection":[{"href":"https:\/\/yesilyurtyay.com.tr\/ar\/wp-json\/wp\/v2\/pages"}],"about":[{"href":"https:\/\/yesilyurtyay.com.tr\/ar\/wp-json\/wp\/v2\/types\/page"}],"author":[{"embeddable":true,"href":"https:\/\/yesilyurtyay.com.tr\/ar\/wp-json\/wp\/v2\/users\/1"}],"replies":[{"embeddable":true,"href":"https:\/\/yesilyurtyay.com.tr\/ar\/wp-json\/wp\/v2\/comments?post=1187"}],"version-history":[{"count":1,"href":"https:\/\/yesilyurtyay.com.tr\/ar\/wp-json\/wp\/v2\/pages\/1187\/revisions"}],"predecessor-version":[{"id":1188,"href":"https:\/\/yesilyurtyay.com.tr\/ar\/wp-json\/wp\/v2\/pages\/1187\/revisions\/1188"}],"wp:attachment":[{"href":"https:\/\/yesilyurtyay.com.tr\/ar\/wp-json\/wp\/v2\/media?parent=1187"}],"curies":[{"name":"wp","href":"https:\/\/api.w.org\/{rel}","templated":true}]}}