{"id":117,"date":"2015-07-18T09:24:53","date_gmt":"2015-07-18T09:24:53","guid":{"rendered":"https:\/\/yesilyurtyay.com.tr\/?page_id=117"},"modified":"2022-10-17T11:18:16","modified_gmt":"2022-10-17T08:18:16","slug":"iletisim","status":"publish","type":"page","link":"https:\/\/yesilyurtyay.com.tr\/ar\/iletisim\/","title":{"rendered":"\u0645\u0639\u0646\u0627\u00a0\u062a\u0648\u0627\u0635\u0644"},"content":{"rendered":"<section class=\"wpb-content-wrapper\"><p>[vc_row layout=&#8221;boxed&#8221; parallax_style=&#8221;none&#8221; parallax_scroll_effect=&#8221;fixed&#8221; el_class=&#8221;margin-bottom-90&#8243;][vc_column width=&#8221;1\/3&#8243; el_class=&#8221;col-md-4 col-sm-12&#8243;]\t\t\t<div\n\t\t\t\tclass=\"darna-icon-box style4 \" >\n\t\t\t\t<a class=\"ibox-icon\" title=\"\"\n\t\t\t\t   target=\"_self\" href=\"#\">\n\t\t\t\t\t\t\t\t\t\t\t<i class=\"fa fa-road\"><\/i>\n\t\t\t\t\t\t\t\t\t<\/a>\n\t\t\t\t\t\t\t\t\t<h3><a title=\"\" target=\"_self\"\n\t\t\t\t\t       href=\"#\">Adres<\/a><\/h3>\n\t\t\t\t\t\t\t\t\t<p>K\u00f6\u015fkl\u00fc \u00c7e\u015fme Mah, Yeni ba\u011fdat cad.<br \/>\nNo:132 41400<br \/>\nGebze\/Kocaeli<\/p>\n\t\t\t\t\t\t\t<\/div>\n\t\t\t[\/vc_column][vc_column width=&#8221;1\/3&#8243; el_class=&#8221;col-md-4 col-sm-12&#8243;]\t\t\t<div\n\t\t\t\tclass=\"darna-icon-box style4 \" >\n\t\t\t\t<a class=\"ibox-icon\" title=\"\"\n\t\t\t\t   target=\"_self\" href=\"#\">\n\t\t\t\t\t\t\t\t\t\t\t<i class=\"fa fa-phone\"><\/i>\n\t\t\t\t\t\t\t\t\t<\/a>\n\t\t\t\t\t\t\t\t\t<h3><a title=\"\" target=\"_self\"\n\t\t\t\t\t       href=\"#\">Telefon<\/a><\/h3>\n\t\t\t\t\t\t\t\t\t<p>0262 643 21 85<\/p>\n\t\t\t\t\t\t\t<\/div>\n\t\t\t[\/vc_column][vc_column width=&#8221;1\/3&#8243; el_class=&#8221;col-md-4 col-sm-12&#8243;]\t\t\t<div\n\t\t\t\tclass=\"darna-icon-box style4 \" >\n\t\t\t\t<a class=\"ibox-icon\" title=\"\"\n\t\t\t\t   target=\"_self\" href=\"#\">\n\t\t\t\t\t\t\t\t\t\t\t<i class=\"fa fa-envelope\"><\/i>\n\t\t\t\t\t\t\t\t\t<\/a>\n\t\t\t\t\t\t\t\t\t<h3><a title=\"\" target=\"_self\"\n\t\t\t\t\t       href=\"#\">e-mail<\/a><\/h3>\n\t\t\t\t\t\t\t\t\t<p>info@yesilyurtyay.com.tr<br \/>\nsatis@yesilyurtyay.com.tr<br \/>\nmuhasebe@yesilyurtyay.com.tr<br \/>\nteknik@yesilyurtyay.com.tr<\/p>\n\t\t\t\t\t\t\t<\/div>\n\t\t\t[\/vc_column][\/vc_row][vc_row parallax_style=&#8221;none&#8221; parallax_scroll_effect=&#8221;fixed&#8221; el_class=&#8221;margin-bottom-100&#8243;][vc_column][vc_gmaps link=&#8221;#E-8_JTNDaWZyYW1lJTIwc3JjJTNEJTIyaHR0cHMlM0ElMkYlMkZ3d3cuZ29vZ2xlLmNvbSUyRm1hcHMlMkZlbWJlZCUzRnBiJTNEJTIxMW0xOCUyMTFtMTIlMjExbTMlMjExZDMwMjAuNDU4ODM0ODAwMDEwNyUyMTJkMjkuMzk2OTI2MzE1MzY3NjM3JTIxM2Q0MC43OTU5MDk5NzkzMjI5MzYlMjEybTMlMjExZjAlMjEyZjAlMjEzZjAlMjEzbTIlMjExaTEwMjQlMjEyaTc2OCUyMTRmMTMuMSUyMTNtMyUyMTFtMiUyMTFzMHgxNGNhZGY5OTk1OWFiMGVmJTI1M0EweDkxZmFkNGY0OTYyOWQ4YzclMjEyelM4TzJ4WjlyYk1POElNT0haY1dmYldVc0lGbGxibWtnUW1IRW4yUmhkQ0JEWkM0Z1RtODZNVE15TENBME1UUXdNQ0JIWldKNlpTOUxiMk5oWld4cCUyMTVlMCUyMTNtMiUyMTFzdHIlMjEyc3RyJTIxNHYxNTgxNjA5MTQxMDUzJTIxNW0yJTIxMXN0ciUyMTJzdHIlMjIlMjB3aWR0aCUzRCUyMjYwMCUyMiUyMGhlaWdodCUzRCUyMjQ1MCUyMiUyMGZyYW1lYm9yZGVyJTNEJTIyMCUyMiUyMHN0eWxlJTNEJTIyYm9yZGVyJTNBMCUzQiUyMiUyMGFsbG93ZnVsbHNjcmVlbiUzRCUyMiUyMiUzRSUzQyUyRmlmcmFtZSUzRQ==&#8221; size=&#8221;540&#8243;][\/vc_column][\/vc_row][vc_row layout=&#8221;boxed&#8221; parallax_style=&#8221;none&#8221; parallax_scroll_effect=&#8221;fixed&#8221; el_class=&#8221;margin-bottom-100&#8243;][vc_column]\t\t\t<div\n\t\t\t\tclass=\"darna-heading style1 margin-bottom-40\" >\n\t\t\t\t\t\t\t\t\t<h2>\u0623\u0631\u0633\u0644 \u0631\u0633\u0627\u0644\u0629<\/h2>\n\t\t\t\t\t\t\t\t\t\t\t\t\t<p>Ye\u015fil Yurt Yay<\/p>\n\t\t\t\t\t\t\t<\/div>\n\t\t\t[vc_row_inner parallax_style=&#8221;none&#8221; video_link=&#8221;&#8221; parallax_scroll_effect=&#8221;fixed&#8221;][vc_column_inner el_class=&#8221;col-md-8 col-md-push-2&#8243;][captainform id=&#8221;1305335&#8243;][\/vc_column_inner][\/vc_row_inner][\/vc_column][\/vc_row]<\/p>\n<\/section>","protected":false},"excerpt":{"rendered":"<p>[vc_row layout=&#8221;boxed&#8221; parallax_style=&#8221;none&#8221; parallax_scroll_effect=&#8221;fixed&#8221; el_class=&#8221;margin-bottom-90&#8243;][vc_column width=&#8221;1\/3&#8243; el_class=&#8221;col-md-4 col-sm-12&#8243;][\/vc_column][vc_column width=&#8221;1\/3&#8243; el_class=&#8221;col-md-4 col-sm-12&#8243;][\/vc_column][vc_column width=&#8221;1\/3&#8243; el_class=&#8221;col-md-4 col-sm-12&#8243;][\/vc_column][\/vc_row][vc_row parallax_style=&#8221;none&#8221; parallax_scroll_effect=&#8221;fixed&#8221; el_class=&#8221;margin-bottom-100&#8243;][vc_column][vc_gmaps link=&#8221;#E-8_JTNDaWZyYW1lJTIwc3JjJTNEJTIyaHR0cHMlM0ElMkYlMkZ3d3cuZ29vZ2xlLmNvbSUyRm1hcHMlMkZlbWJlZCUzRnBiJTNEJTIxMW0xOCUyMTFtMTIlMjExbTMlMjExZDMwMjAuNDU4ODM0ODAwMDEwNyUyMTJkMjkuMzk2OTI2MzE1MzY3NjM3JTIxM2Q0MC43OTU5MDk5NzkzMjI5MzYlMjEybTMlMjExZjAlMjEyZjAlMjEzZjAlMjEzbTIlMjExaTEwMjQlMjEyaTc2OCUyMTRmMTMuMSUyMTNtMyUyMTFtMiUyMTFzMHgxNGNhZGY5OTk1OWFiMGVmJTI1M0EweDkxZmFkNGY0OTYyOWQ4YzclMjEyelM4TzJ4WjlyYk1POElNT0haY1dmYldVc0lGbGxibWtnUW1IRW4yUmhkQ0JEWkM0Z1RtODZNVE15TENBME1UUXdNQ0JIWldKNlpTOUxiMk5oWld4cCUyMTVlMCUyMTNtMiUyMTFzdHIlMjEyc3RyJTIxNHYxNTgxNjA5MTQxMDUzJTIxNW0yJTIxMXN0ciUyMTJzdHIlMjIlMjB3aWR0aCUzRCUyMjYwMCUyMiUyMGhlaWdodCUzRCUyMjQ1MCUyMiUyMGZyYW1lYm9yZGVyJTNEJTIyMCUyMiUyMHN0eWxlJTNEJTIyYm9yZGVyJTNBMCUzQiUyMiUyMGFsbG93ZnVsbHNjcmVlbiUzRCUyMiUyMiUzRSUzQyUyRmlmcmFtZSUzRQ==&#8221; size=&#8221;540&#8243;][\/vc_column][\/vc_row][vc_row layout=&#8221;boxed&#8221; parallax_style=&#8221;none&#8221; parallax_scroll_effect=&#8221;fixed&#8221; el_class=&#8221;margin-bottom-100&#8243;][vc_column][vc_row_inner parallax_style=&#8221;none&#8221; video_link=&#8221;&#8221; parallax_scroll_effect=&#8221;fixed&#8221;][vc_column_inner el_class=&#8221;col-md-8 col-md-push-2&#8243;][captainform id=&#8221;1305335&#8243;][\/vc_column_inner][\/vc_row_inner][\/vc_column][\/vc_row]<\/p>\n","protected":false},"author":1,"featured_media":0,"parent":0,"menu_order":0,"comment_status":"closed","ping_status":"closed","template":"","meta":{"footnotes":"","_joinchat":[]},"yoast_head":"<!-- This site is optimized with the Yoast SEO plugin v21.5 - https:\/\/yoast.com\/wordpress\/plugins\/seo\/ -->\n<title>\u0645\u0639\u0646\u0627\u00a0\u062a\u0648\u0627\u0635\u0644 - Ye\u015fil Yurt Yay<\/title>\n<meta name=\"robots\" content=\"index, follow, max-snippet:-1, max-image-preview:large, max-video-preview:-1\" \/>\n<link rel=\"canonical\" href=\"https:\/\/yesilyurtyay.com.tr\/iletisim\/\" \/>\n<meta property=\"og:locale\" content=\"ar_AR\" \/>\n<meta property=\"og:type\" content=\"article\" \/>\n<meta property=\"og:title\" content=\"\u0645\u0639\u0646\u0627\u00a0\u062a\u0648\u0627\u0635\u0644 - Ye\u015fil Yurt Yay\" \/>\n<meta property=\"og:description\" content=\"[vc_row layout=&#8221;boxed&#8221; parallax_style=&#8221;none&#8221; parallax_scroll_effect=&#8221;fixed&#8221; el_class=&#8221;margin-bottom-90&#8243;][vc_column width=&#8221;1\/3&#8243; el_class=&#8221;col-md-4 col-sm-12&#8243;][\/vc_column][vc_column width=&#8221;1\/3&#8243; el_class=&#8221;col-md-4 col-sm-12&#8243;][\/vc_column][vc_column width=&#8221;1\/3&#8243; el_class=&#8221;col-md-4 col-sm-12&#8243;][\/vc_column][\/vc_row][vc_row parallax_style=&#8221;none&#8221; parallax_scroll_effect=&#8221;fixed&#8221; el_class=&#8221;margin-bottom-100&#8243;][vc_column][vc_gmaps link=&#8221;#E-8_JTNDaWZyYW1lJTIwc3JjJTNEJTIyaHR0cHMlM0ElMkYlMkZ3d3cuZ29vZ2xlLmNvbSUyRm1hcHMlMkZlbWJlZCUzRnBiJTNEJTIxMW0xOCUyMTFtMTIlMjExbTMlMjExZDMwMjAuNDU4ODM0ODAwMDEwNyUyMTJkMjkuMzk2OTI2MzE1MzY3NjM3JTIxM2Q0MC43OTU5MDk5NzkzMjI5MzYlMjEybTMlMjExZjAlMjEyZjAlMjEzZjAlMjEzbTIlMjExaTEwMjQlMjEyaTc2OCUyMTRmMTMuMSUyMTNtMyUyMTFtMiUyMTFzMHgxNGNhZGY5OTk1OWFiMGVmJTI1M0EweDkxZmFkNGY0OTYyOWQ4YzclMjEyelM4TzJ4WjlyYk1POElNT0haY1dmYldVc0lGbGxibWtnUW1IRW4yUmhkQ0JEWkM0Z1RtODZNVE15TENBME1UUXdNQ0JIWldKNlpTOUxiMk5oWld4cCUyMTVlMCUyMTNtMiUyMTFzdHIlMjEyc3RyJTIxNHYxNTgxNjA5MTQxMDUzJTIxNW0yJTIxMXN0ciUyMTJzdHIlMjIlMjB3aWR0aCUzRCUyMjYwMCUyMiUyMGhlaWdodCUzRCUyMjQ1MCUyMiUyMGZyYW1lYm9yZGVyJTNEJTIyMCUyMiUyMHN0eWxlJTNEJTIyYm9yZGVyJTNBMCUzQiUyMiUyMGFsbG93ZnVsbHNjcmVlbiUzRCUyMiUyMiUzRSUzQyUyRmlmcmFtZSUzRQ==&#8221; size=&#8221;540&#8243;][\/vc_column][\/vc_row][vc_row layout=&#8221;boxed&#8221; parallax_style=&#8221;none&#8221; parallax_scroll_effect=&#8221;fixed&#8221; el_class=&#8221;margin-bottom-100&#8243;][vc_column][vc_row_inner parallax_style=&#8221;none&#8221; video_link=&#8221;&#8221; parallax_scroll_effect=&#8221;fixed&#8221;][vc_column_inner el_class=&#8221;col-md-8 col-md-push-2&#8243;][captainform id=&#8221;1305335&#8243;][\/vc_column_inner][\/vc_row_inner][\/vc_column][\/vc_row]\" \/>\n<meta property=\"og:url\" content=\"https:\/\/yesilyurtyay.com.tr\/iletisim\/\" \/>\n<meta property=\"og:site_name\" content=\"Ye\u015fil Yurt Yay\" \/>\n<meta property=\"article:modified_time\" content=\"2022-10-17T08:18:16+00:00\" \/>\n<meta name=\"twitter:card\" content=\"summary_large_image\" \/>\n<meta name=\"twitter:label1\" content=\"\u0648\u0642\u062a \u0627\u0644\u0642\u0631\u0627\u0621\u0629 \u0627\u0644\u0645\u064f\u0642\u062f\u0651\u0631\" \/>\n\t<meta name=\"twitter:data1\" content=\"4 \u062f\u0642\u0627\u0626\u0642\" \/>\n<script type=\"application\/ld+json\" class=\"yoast-schema-graph\">{\"@context\":\"https:\/\/schema.org\",\"@graph\":[{\"@type\":\"WebPage\",\"@id\":\"https:\/\/yesilyurtyay.com.tr\/iletisim\/\",\"url\":\"https:\/\/yesilyurtyay.com.tr\/iletisim\/\",\"name\":\"\u0645\u0639\u0646\u0627\u00a0\u062a\u0648\u0627\u0635\u0644 - Ye\u015fil Yurt Yay\",\"isPartOf\":{\"@id\":\"https:\/\/yesilyurtyay.com.tr\/en\/#website\"},\"datePublished\":\"2015-07-18T09:24:53+00:00\",\"dateModified\":\"2022-10-17T08:18:16+00:00\",\"breadcrumb\":{\"@id\":\"https:\/\/yesilyurtyay.com.tr\/iletisim\/#breadcrumb\"},\"inLanguage\":\"ar\",\"potentialAction\":[{\"@type\":\"ReadAction\",\"target\":[\"https:\/\/yesilyurtyay.com.tr\/iletisim\/\"]}]},{\"@type\":\"BreadcrumbList\",\"@id\":\"https:\/\/yesilyurtyay.com.tr\/iletisim\/#breadcrumb\",\"itemListElement\":[{\"@type\":\"ListItem\",\"position\":1,\"name\":\"Ana sayfa\",\"item\":\"https:\/\/yesilyurtyay.com.tr\/en\/\"},{\"@type\":\"ListItem\",\"position\":2,\"name\":\"\u0130leti\u015fim\"}]},{\"@type\":\"WebSite\",\"@id\":\"https:\/\/yesilyurtyay.com.tr\/en\/#website\",\"url\":\"https:\/\/yesilyurtyay.com.tr\/en\/\",\"name\":\"Ye\u015fil Yurt Yay\",\"description\":\"Yayl\u0131 Kalite\",\"potentialAction\":[{\"@type\":\"SearchAction\",\"target\":{\"@type\":\"EntryPoint\",\"urlTemplate\":\"https:\/\/yesilyurtyay.com.tr\/en\/?s={search_term_string}\"},\"query-input\":\"required name=search_term_string\"}],\"inLanguage\":\"ar\"}]}<\/script>\n<!-- \/ Yoast SEO plugin. -->","yoast_head_json":{"title":"\u0645\u0639\u0646\u0627\u00a0\u062a\u0648\u0627\u0635\u0644 - Ye\u015fil Yurt Yay","robots":{"index":"index","follow":"follow","max-snippet":"max-snippet:-1","max-image-preview":"max-image-preview:large","max-video-preview":"max-video-preview:-1"},"canonical":"https:\/\/yesilyurtyay.com.tr\/iletisim\/","og_locale":"ar_AR","og_type":"article","og_title":"\u0645\u0639\u0646\u0627\u00a0\u062a\u0648\u0627\u0635\u0644 - Ye\u015fil Yurt Yay","og_description":"[vc_row layout=&#8221;boxed&#8221; parallax_style=&#8221;none&#8221; parallax_scroll_effect=&#8221;fixed&#8221; el_class=&#8221;margin-bottom-90&#8243;][vc_column width=&#8221;1\/3&#8243; el_class=&#8221;col-md-4 col-sm-12&#8243;][\/vc_column][vc_column width=&#8221;1\/3&#8243; el_class=&#8221;col-md-4 col-sm-12&#8243;][\/vc_column][vc_column width=&#8221;1\/3&#8243; el_class=&#8221;col-md-4 col-sm-12&#8243;][\/vc_column][\/vc_row][vc_row parallax_style=&#8221;none&#8221; parallax_scroll_effect=&#8221;fixed&#8221; el_class=&#8221;margin-bottom-100&#8243;][vc_column][vc_gmaps link=&#8221;#E-8_JTNDaWZyYW1lJTIwc3JjJTNEJTIyaHR0cHMlM0ElMkYlMkZ3d3cuZ29vZ2xlLmNvbSUyRm1hcHMlMkZlbWJlZCUzRnBiJTNEJTIxMW0xOCUyMTFtMTIlMjExbTMlMjExZDMwMjAuNDU4ODM0ODAwMDEwNyUyMTJkMjkuMzk2OTI2MzE1MzY3NjM3JTIxM2Q0MC43OTU5MDk5NzkzMjI5MzYlMjEybTMlMjExZjAlMjEyZjAlMjEzZjAlMjEzbTIlMjExaTEwMjQlMjEyaTc2OCUyMTRmMTMuMSUyMTNtMyUyMTFtMiUyMTFzMHgxNGNhZGY5OTk1OWFiMGVmJTI1M0EweDkxZmFkNGY0OTYyOWQ4YzclMjEyelM4TzJ4WjlyYk1POElNT0haY1dmYldVc0lGbGxibWtnUW1IRW4yUmhkQ0JEWkM0Z1RtODZNVE15TENBME1UUXdNQ0JIWldKNlpTOUxiMk5oWld4cCUyMTVlMCUyMTNtMiUyMTFzdHIlMjEyc3RyJTIxNHYxNTgxNjA5MTQxMDUzJTIxNW0yJTIxMXN0ciUyMTJzdHIlMjIlMjB3aWR0aCUzRCUyMjYwMCUyMiUyMGhlaWdodCUzRCUyMjQ1MCUyMiUyMGZyYW1lYm9yZGVyJTNEJTIyMCUyMiUyMHN0eWxlJTNEJTIyYm9yZGVyJTNBMCUzQiUyMiUyMGFsbG93ZnVsbHNjcmVlbiUzRCUyMiUyMiUzRSUzQyUyRmlmcmFtZSUzRQ==&#8221; size=&#8221;540&#8243;][\/vc_column][\/vc_row][vc_row layout=&#8221;boxed&#8221; parallax_style=&#8221;none&#8221; parallax_scroll_effect=&#8221;fixed&#8221; el_class=&#8221;margin-bottom-100&#8243;][vc_column][vc_row_inner parallax_style=&#8221;none&#8221; video_link=&#8221;&#8221; parallax_scroll_effect=&#8221;fixed&#8221;][vc_column_inner el_class=&#8221;col-md-8 col-md-push-2&#8243;][captainform id=&#8221;1305335&#8243;][\/vc_column_inner][\/vc_row_inner][\/vc_column][\/vc_row]","og_url":"https:\/\/yesilyurtyay.com.tr\/iletisim\/","og_site_name":"Ye\u015fil Yurt Yay","article_modified_time":"2022-10-17T08:18:16+00:00","twitter_card":"summary_large_image","twitter_misc":{"\u0648\u0642\u062a \u0627\u0644\u0642\u0631\u0627\u0621\u0629 \u0627\u0644\u0645\u064f\u0642\u062f\u0651\u0631":"4 \u062f\u0642\u0627\u0626\u0642"},"schema":{"@context":"https:\/\/schema.org","@graph":[{"@type":"WebPage","@id":"https:\/\/yesilyurtyay.com.tr\/iletisim\/","url":"https:\/\/yesilyurtyay.com.tr\/iletisim\/","name":"\u0645\u0639\u0646\u0627\u00a0\u062a\u0648\u0627\u0635\u0644 - Ye\u015fil Yurt Yay","isPartOf":{"@id":"https:\/\/yesilyurtyay.com.tr\/en\/#website"},"datePublished":"2015-07-18T09:24:53+00:00","dateModified":"2022-10-17T08:18:16+00:00","breadcrumb":{"@id":"https:\/\/yesilyurtyay.com.tr\/iletisim\/#breadcrumb"},"inLanguage":"ar","potentialAction":[{"@type":"ReadAction","target":["https:\/\/yesilyurtyay.com.tr\/iletisim\/"]}]},{"@type":"BreadcrumbList","@id":"https:\/\/yesilyurtyay.com.tr\/iletisim\/#breadcrumb","itemListElement":[{"@type":"ListItem","position":1,"name":"Ana sayfa","item":"https:\/\/yesilyurtyay.com.tr\/en\/"},{"@type":"ListItem","position":2,"name":"\u0130leti\u015fim"}]},{"@type":"WebSite","@id":"https:\/\/yesilyurtyay.com.tr\/en\/#website","url":"https:\/\/yesilyurtyay.com.tr\/en\/","name":"Ye\u015fil Yurt Yay","description":"Yayl\u0131 Kalite","potentialAction":[{"@type":"SearchAction","target":{"@type":"EntryPoint","urlTemplate":"https:\/\/yesilyurtyay.com.tr\/en\/?s={search_term_string}"},"query-input":"required name=search_term_string"}],"inLanguage":"ar"}]}},"_links":{"self":[{"href":"https:\/\/yesilyurtyay.com.tr\/ar\/wp-json\/wp\/v2\/pages\/117"}],"collection":[{"href":"https:\/\/yesilyurtyay.com.tr\/ar\/wp-json\/wp\/v2\/pages"}],"about":[{"href":"https:\/\/yesilyurtyay.com.tr\/ar\/wp-json\/wp\/v2\/types\/page"}],"author":[{"embeddable":true,"href":"https:\/\/yesilyurtyay.com.tr\/ar\/wp-json\/wp\/v2\/users\/1"}],"replies":[{"embeddable":true,"href":"https:\/\/yesilyurtyay.com.tr\/ar\/wp-json\/wp\/v2\/comments?post=117"}],"version-history":[{"count":15,"href":"https:\/\/yesilyurtyay.com.tr\/ar\/wp-json\/wp\/v2\/pages\/117\/revisions"}],"predecessor-version":[{"id":1368,"href":"https:\/\/yesilyurtyay.com.tr\/ar\/wp-json\/wp\/v2\/pages\/117\/revisions\/1368"}],"wp:attachment":[{"href":"https:\/\/yesilyurtyay.com.tr\/ar\/wp-json\/wp\/v2\/media?parent=117"}],"curies":[{"name":"wp","href":"https:\/\/api.w.org\/{rel}","templated":true}]}}