{"id":115,"date":"2015-07-18T09:24:26","date_gmt":"2015-07-18T09:24:26","guid":{"rendered":"https:\/\/yesilyurtyay.com.tr\/?page_id=115"},"modified":"2020-03-20T19:24:47","modified_gmt":"2020-03-20T16:24:47","slug":"hakkimizda","status":"publish","type":"page","link":"https:\/\/yesilyurtyay.com.tr\/ar\/hakkimizda\/","title":{"rendered":"\u0646\u062d\u0646\u00a0\u0645\u0646"},"content":{"rendered":"<section class=\"wpb-content-wrapper\"><p>[vc_row layout=&#8221;boxed&#8221; parallax_style=&#8221;none&#8221; parallax_scroll_effect=&#8221;fixed&#8221; el_class=&#8221;margin-bottom-100&#8243;][vc_column width=&#8221;1\/2&#8243;][vc_row_inner parallax_style=&#8221;none&#8221; video_link=&#8221;&#8221; parallax_scroll_effect=&#8221;fixed&#8221;][vc_column_inner width=&#8221;1\/2&#8243;][vc_single_image image=&#8221;973&#8243; img_size=&#8221;full&#8221; alignment=&#8221;center&#8221; el_class=&#8221;darna-single-image-style xs-margin-bottom-15&#8243;][\/vc_column_inner][vc_column_inner width=&#8221;1\/2&#8243;][vc_single_image image=&#8221;975&#8243; img_size=&#8221;full&#8221; alignment=&#8221;center&#8221; el_class=&#8221;darna-single-image-style&#8221; css=&#8221;.vc_custom_1581275571188{margin-bottom: 18px !important;}&#8221;][vc_single_image image=&#8221;974&#8243; img_size=&#8221;full&#8221; alignment=&#8221;center&#8221; el_class=&#8221;darna-single-image-style xs-margin-bottom-15&#8243;][\/vc_column_inner][\/vc_row_inner][\/vc_column][vc_column width=&#8221;1\/2&#8243;]\t\t\t<div\n\t\t\t\tclass=\"darna-icon-box style3 \" >\n\t\t\t\t<a class=\"ibox-icon\" title=\"\"\n\t\t\t\t   target=\"_self\" href=\"#\">\n\t\t\t\t\t\t\t\t\t\t\t<i class=\"fa fa-suitcase\"><\/i>\n\t\t\t\t\t\t\t\t\t<\/a>\n\t\t\t\t\t\t\t\t\t<h3><a title=\"\" target=\"_self\"\n\t\t\t\t\t       href=\"#\"> \u0645\u0646 \u0646\u062d\u0646 <\/a><\/h3>\n\t\t\t\t\t\t\t\t\t<p>\u0662\u0660\u0660\u0660 \u0639\u0627\u0645 \u0641\u064a (\u062c\u0628\u0632\u0629\/\u0643\u0648\u062c\u0627\u0644\u064a) \u0645\u062f\u064a\u0646\u0629 \u0641\u064a \u0635\u063a\u064a\u0631 \u0645\u0639\u0645\u0644 \u0641\u064a \u0634\u0631\u0643\u062a\u0646\u0627 \u062a\u0623\u0633\u0633\u062a<br \/>\n\u0627\u0644\u0648\u0631\u0634\u0629 \u0627\u0633\u062a\u0628\u062f\u0627\u0644 \u062a\u0645 \u0648\u0627\u0644\u0622\u0646 \u062c\u062f\u0627 \u0642\u0635\u064a\u0631 \u0648\u0642\u062a \u0641\u064a Alper Ye\u015filyurt \u0627\u0644\u0633\u064a\u062f \u0628\u0631\u0622\u0633\u0629 .\u0627\u0644\u0643\u0631\u0627\u0645 \u0628\u0641\u0636\u0644\u0632\u0628\u0627\u0626\u0646\u0646\u0627 \u0648\u0630\u0644\u0643 \u0645\u0631\u0628\u0639 \u0645\u062a\u0631 \u0668\u0665\u0660\u0645\u0633\u0627\u062d\u062a\u0647 \u0645\u0639\u0645\u0644\u0628 \u0627\u0644\u0635\u063a\u064a\u0631\u0629<br \/>\n\u0641\u064a \u0627\u0644\u0631\u0628\u0639 \u0627\u0644\u0627\u062e\u064a\u0631 \u0645\u0646 \u0639\u0627\u0645 \u0662\u0660\u0661\u0669 \u0646\u062c\u062d\u062a \u0634\u0631\u0643\u062a\u0646\u0627 \u0627\u0644\u062a\u064a \u0639\u0632\u0632\u062a \u0627\u0646\u062a\u0627\u062c\u0647\u0627 \u0641\u064a \u0627\u0644\u0645\u0646\u0637\u0642\u0629 \u0627\u0646\u062a\u0627\u062c\u0627\u062a \u062c\u062f\u064a\u062f\u0629 \u0628\u0645\u0633\u0627\u062d\u0629 \u0645\u063a\u0644\u0642\u0629 \u0642\u062f\u0631\u0647\u0627\u0663\u0660\u0660\u0660 \u0645\u062a\u0631 \u0645\u0631\u0628\u0639 \u0648\u0644\u062a\u062d\u0642\u064a\u0642 \u0646\u062c\u0627\u062d\u0627\u062a \u0627\u0643\u0628\u0631 \u062a\u0645 \u062f\u0639\u0645 \u0627\u0644\u0637\u0627\u0642\u0645 \u0627\u0644\u0645\u062e\u062a\u0635 \u0628\u0627\u0644\u0646\u0648\u0627\u0628\u0636 \u0627\u0644\u0630\u064a\u0646 \u064a\u0645\u0644\u0643\u0648\u0646 \u0627\u0644\u062d\u0631\u0643\u0629 \u0648\u0627\u0644\u062d\u064a\u0648\u064a\u0629 \u0627\u0644\u0644\u0627\u0632\u0645\u0629.\u0644\u0644\u0627\u0646\u062a\u0627\u062c \u0628\u0648\u0642\u062a \u0627\u0642\u0644 \u0648\u0628\u062f\u0642\u0629 \u0639\u0627\u0644\u064a\u0629 \u0648\u062a\u0645 \u0627\u064a\u0638\u0627 \u062a\u062d\u0633\u064a\u0646 \u0648\u062a\u0637\u0648\u064a\u0631 \u062a\u0646\u0648\u0644\u0648\u062c\u064a\u0627 \u0627\u0644\u0627\u062c\u0647\u0632\u0629 \u0627\u0644\u062a\u064a \u062a\u0645\u062a\u0644\u0643\u0647\u0627 \u0627\u0644\u0634\u0631\u0643\u0629.<br \/>\n\u0644\u0642\u062f \u0627\u0639\u062a\u0645\u062f\u062a \u0634\u0631\u0643\u062a\u0646\u0627 \u0645\u0628\u062f\u0623 \u0635\u0646\u0639 \u0627\u0644\u0627\u0646\u062a\u0627\u062c \u0641\u064a \u0627\u0644\u0648\u0642\u062a \u0627\u0644\u0645\u0646\u0627\u0633\u0628 \u0645\u0639 \u0627\u0644\u062d\u062f \u0627\u0644\u0627\u062f\u0646\u0649 \u0645\u0646 \u0627\u0644\u062e\u0637\u0623 \u0648\u0641\u0642 \u0645\u0639\u0627\u064a\u064a\u0631 TSE ISO 9001-2015 \u0642\u064a \u0627\u062d\u062f\u062b \u0622\u0644\u0627\u062a \u062a\u0635\u0646\u064a\u0639 CNC<br \/>\n<\/p>\n\t\t\t\t\t\t\t<\/div>\n\t\t\t\t\t\t\t\t\t<a class=\"darna-button size-sm style1 icon-left  margin-right-7 xs-margin-bottom-15\"\n\t\t\t   href=\"#\"\n\t\t\t   title=\"PROJELER\u0130M\u0130Z\"\n\t\t\t   target=\"_self\"\n\t\t\t\t>\n\t\t\t\tPROJELER\u0130M\u0130Z\t\t\t<\/a>\n\t\t\t\t\t\t\t\t\t\t\t<a class=\"darna-button size-sm style4 icon-left  xs-margin-bottom-15\"\n\t\t\t   href=\"https:\/\/yesilyurtyay.com.tr\/iletisim\/\"\n\t\t\t   title=\"\u0130LET\u0130\u015e\u0130ME GE\u00c7\u0130N\"\n\t\t\t   target=\"_self\"\n\t\t\t\t>\n\t\t\t\t\u0130LET\u0130\u015e\u0130ME GE\u00c7\u0130N\t\t\t<\/a>\n\t\t\t\t\t[\/vc_column][\/vc_row][vc_row parallax_style=&#8221;none&#8221; parallax_scroll_effect=&#8221;fixed&#8221; css=&#8221;.vc_custom_1581271511261{background-image: url(https:\/\/yesilyurtyay.com.tr\/wp-content\/uploads\/2020\/02\/yay-imalati.jpg?id=947) !important;background-position: center !important;background-repeat: no-repeat !important;background-size: cover !important;}&#8221;][vc_column]\t\t\t<div\n\t\t\t\tclass=\"darna-heading style2 margin-bottom-40 margin-top-100\" >\n\t\t\t\t\t\t\t\t\t<h2>M\u00dc\u015eTER\u0130 YORUMLARI<\/h2>\n\t\t\t\t\t\t\t\t\t\t\t\t\t<p>YE\u015e\u0130L YURT YAY<\/p>\n\t\t\t\t\t\t\t<\/div>\n\t\t\t\t\t\t<div data-plugin-options='{&quot;navigation&quot;:true,&quot;pagination&quot;:false,&quot;singleItem&quot;:true,&quot;transitionStyle&quot;:&quot;fade&quot;,&quot;stopOnHover&quot;:false,&quot;autoHeight&quot;:false,&quot;autoPlay&quot;:true}'\n\t\t\t     class=\"darna-testimonial style1 owl-carousel  margin-bottom-100\" >\n\t\t\t\t\t\t\t<div class=\"darna-testimonial-item\">\n\t\t\t\t<p>Donec nec justo eget felis facilisis fermentum. Aliquam porttitor mauris sit amet orci. Aenean dignissim pellentesque felis. Morbi in sem quis dui placerat ornare. Pellentesque odio nisi, euis. Cras consequat.<\/p>\n\t\t\t\t\t\t\t\t\t<h6>MARK HENRY<\/h6>\n\t\t\t\t\t\t\t\t\t<span>G5 - ROME - ITALIA<\/span>\n\t\t\t\t\t\t\t<\/div>\n\t\t\t\t\t\t<div class=\"darna-testimonial-item\">\n\t\t\t\t<p>Donec nec justo eget felis facilisis fermentum. Aliquam porttitor mauris sit amet orci. Aenean dignissim pellentesque felis. Morbi in sem quis dui placerat ornare. Pellentesque odio nisi, euis. Cras consequat.<\/p>\n\t\t\t\t\t\t\t\t\t<h6>HARRY DUFF<\/h6>\n\t\t\t\t\t\t\t\t\t<span>JVC- NEW JERSEY - USA<\/span>\n\t\t\t\t\t\t\t<\/div>\n\t\t\t\t\t\t<div class=\"darna-testimonial-item\">\n\t\t\t\t<p>Donec nec justo eget felis facilisis fermentum. Aliquam porttitor mauris sit amet orci. Aenean dignissim pellentesque felis. Morbi in sem quis dui placerat ornare. Pellentesque odio nisi, euis. Cras consequat.<\/p>\n\t\t\t\t\t\t\t\t\t<h6>TAYLOR<\/h6>\n\t\t\t\t\t\t\t\t\t<span>SINGLE - WASHINGTON - USA<\/span>\n\t\t\t\t\t\t\t<\/div>\n\t\t\t\t\t\t<\/div>\n\t\t\t[\/vc_column][\/vc_row][vc_row layout=&#8221;boxed&#8221; parallax_style=&#8221;none&#8221; parallax_scroll_effect=&#8221;fixed&#8221; el_class=&#8221;bg-gray&#8221;][vc_column width=&#8221;1\/2&#8243; el_class=&#8221;margin-top-100 md-margin-bottom-100 col-md-6 col-sm-12 col-xs-12&#8243;][vc_tta_tabs shape=&#8221;square&#8221; color=&#8221;white&#8221; spacing=&#8221;&#8221; active_section=&#8221;1&#8243; title=&#8221;NEDEN YE\u015e\u0130LYURT YAY&#8221;][vc_tta_section title=&#8221;Y\u00f6netim&#8221; tab_id=&#8221;1444103651337-71628a74-5509&#8243;][vc_column_text]<\/p>\n<div class=\"darna-content-right\"><img loading=\"lazy\" decoding=\"async\" class=\"alignnone size-full wp-image-977\" src=\"https:\/\/yesilyurtyay.com.tr\/wp-content\/uploads\/2020\/02\/tab-images-1.png\" alt=\"\" width=\"167\" height=\"167\" srcset=\"https:\/\/yesilyurtyay.com.tr\/wp-content\/uploads\/2020\/02\/tab-images-1.png 167w, https:\/\/yesilyurtyay.com.tr\/wp-content\/uploads\/2020\/02\/tab-images-1-150x150.png 150w, https:\/\/yesilyurtyay.com.tr\/wp-content\/uploads\/2020\/02\/tab-images-1-100x100.png 100w\" sizes=\"(max-width: 167px) 100vw, 167px\" \/><\/div>\n<div class=\"darna-content-right\"><\/div>\n<p>[\/vc_column_text][\/vc_tta_section][vc_tta_section title=&#8221;Destek&#8221; tab_id=&#8221;1444103691601-d09efe5d-f35a&#8221;][vc_column_text]<\/p>\n<div class=\"darna-content-right\"><img loading=\"lazy\" decoding=\"async\" class=\"alignnone size-full wp-image-978\" src=\"https:\/\/yesilyurtyay.com.tr\/wp-content\/uploads\/2020\/02\/tab-images-1-1.png\" alt=\"\" width=\"167\" height=\"167\" srcset=\"https:\/\/yesilyurtyay.com.tr\/wp-content\/uploads\/2020\/02\/tab-images-1-1.png 167w, https:\/\/yesilyurtyay.com.tr\/wp-content\/uploads\/2020\/02\/tab-images-1-1-150x150.png 150w, https:\/\/yesilyurtyay.com.tr\/wp-content\/uploads\/2020\/02\/tab-images-1-1-100x100.png 100w\" sizes=\"(max-width: 167px) 100vw, 167px\" \/><\/div>\n<div class=\"darna-content-right\"><\/div>\n<p>[\/vc_column_text][\/vc_tta_section][vc_tta_section title=&#8221;\u00c7\u00f6z\u00fcm&#8221; tab_id=&#8221;1444103690080-e4d46e0a-4340&#8243;][vc_column_text]<\/p>\n<div class=\"darna-content-left\"><\/div>\n<div class=\"darna-content-right\"><img loading=\"lazy\" decoding=\"async\" class=\"alignnone size-full wp-image-979\" src=\"https:\/\/yesilyurtyay.com.tr\/wp-content\/uploads\/2020\/02\/tab-images-1-2.png\" alt=\"\" width=\"167\" height=\"167\" srcset=\"https:\/\/yesilyurtyay.com.tr\/wp-content\/uploads\/2020\/02\/tab-images-1-2.png 167w, https:\/\/yesilyurtyay.com.tr\/wp-content\/uploads\/2020\/02\/tab-images-1-2-150x150.png 150w, https:\/\/yesilyurtyay.com.tr\/wp-content\/uploads\/2020\/02\/tab-images-1-2-100x100.png 100w\" sizes=\"(max-width: 167px) 100vw, 167px\" \/><\/div>\n<div class=\"darna-content-right\"><\/div>\n<p>[\/vc_column_text][\/vc_tta_section][\/vc_tta_tabs][\/vc_column][vc_column width=&#8221;1\/2&#8243; el_class=&#8221;margin-top-100 margin-bottom-100 col-md-6 col-sm-12 col-xs-12&#8243;][vc_tta_accordion shape=&#8221;square&#8221; color=&#8221;white&#8221; gap=&#8221;10&#8243; c_icon=&#8221;&#8221; active_section=&#8221;1&#8243; title=&#8221;EN SON TEKNOLOJ\u0130 \u0130LE KAL\u0130TEL\u0130 \u00dcRET\u0130M&#8221;][vc_tta_section i_icon_fontawesome=&#8221;fa fa-cog&#8221; add_icon=&#8221;true&#8221; title=&#8221;Construction&#8221; tab_id=&#8221;1444103863706-3a922692-8ed9&#8243;][vc_column_text]Lorem ipsum dolor sit amet, consectetur adipisicing elited do eiusmod tempor incididunt ut labore et dolore a le ad veniam, quis nostrud citation ullamco laboris. Lite amet, consectetur adipisicing elit.[\/vc_column_text][\/vc_tta_section][vc_tta_section i_icon_fontawesome=&#8221;fa fa-futbol-o&#8221; add_icon=&#8221;true&#8221; title=&#8221;Painting&#8221; tab_id=&#8221;1444103874575-08062cb4-6f8d&#8221;][vc_column_text]Lorem ipsum dolor sit amet, consectetur adipisicing elited do eiusmod tempor incididunt ut labore et dolore a le ad veniam, quis nostrud citation ullamco laboris. Lite amet, consectetur adipisicing elit.[\/vc_column_text][\/vc_tta_section][vc_tta_section i_icon_fontawesome=&#8221;fa fa-compass&#8221; add_icon=&#8221;true&#8221; title=&#8221;Decoration&#8221; tab_id=&#8221;1444103873449-3ab62325-480d&#8221;][vc_column_text]Lorem ipsum dolor sit amet, consectetur adipisicing elited do eiusmod tempor incididunt ut labore et dolore a le ad veniam, quis nostrud citation ullamco laboris. Lite amet, consectetur adipisicing elit.[\/vc_column_text][\/vc_tta_section][\/vc_tta_accordion][\/vc_column][\/vc_row][vc_row parallax_style=&#8221;none&#8221; parallax_scroll_effect=&#8221;fixed&#8221; css=&#8221;.vc_custom_1437797244022{background-color: #f8f8f8 !important;}&#8221;][vc_column][vc_row_inner layout=&#8221;boxed&#8221; parallax_style=&#8221;none&#8221; parallax_scroll_effect=&#8221;fixed&#8221;][vc_column_inner]\t\t\t<div class=\"darna-partner-carousel opacity80   wpb_animate_when_almost_visible g5plus-css-animation wpb_flipInX\" >\n\t\t\t    <div class=\"owl-carousel\" data-plugin-options='{\"items\" : 4, \"autoPlay\": false,\"pagination\": false,\"navigation\": false}'>\n                                        <div class=\"content-middle-inner\"><img loading=\"lazy\" decoding=\"async\" width=\"150\" height=\"131\" src=\"https:\/\/yesilyurtyay.com.tr\/wp-content\/uploads\/2020\/02\/honda-logo-150x131.png\" class=\"attachment-thumbnail\" alt=\"\" title=\"honda-logo\" \/><\/div>\n                                            <div class=\"content-middle-inner\"><img loading=\"lazy\" decoding=\"async\" width=\"150\" height=\"131\" src=\"https:\/\/yesilyurtyay.com.tr\/wp-content\/uploads\/2020\/02\/arcelik-150x131.png\" class=\"attachment-thumbnail\" alt=\"\" title=\"arcelik\" \/><\/div>\n                                            <div class=\"content-middle-inner\"><img loading=\"lazy\" decoding=\"async\" width=\"150\" height=\"131\" src=\"https:\/\/yesilyurtyay.com.tr\/wp-content\/uploads\/2020\/02\/dogus-cay-150x131.png\" class=\"attachment-thumbnail\" alt=\"\" title=\"dogus-cay\" \/><\/div>\n                                            <div class=\"content-middle-inner\"><img loading=\"lazy\" decoding=\"async\" width=\"150\" height=\"131\" src=\"https:\/\/yesilyurtyay.com.tr\/wp-content\/uploads\/2020\/02\/pelsan-150x131.png\" class=\"attachment-thumbnail\" alt=\"\" title=\"pelsan\" \/><\/div>\n                                            <div class=\"content-middle-inner\"><img loading=\"lazy\" decoding=\"async\" width=\"150\" height=\"131\" src=\"https:\/\/yesilyurtyay.com.tr\/wp-content\/uploads\/2020\/02\/sisecam-150x131.png\" class=\"attachment-thumbnail\" alt=\"\" title=\"sisecam\" \/><\/div>\n                                            <div class=\"content-middle-inner\"><img loading=\"lazy\" decoding=\"async\" width=\"150\" height=\"131\" src=\"https:\/\/yesilyurtyay.com.tr\/wp-content\/uploads\/2020\/02\/flormar-150x131.png\" class=\"attachment-thumbnail\" alt=\"\" title=\"flormar\" \/><\/div>\n                                            <div class=\"content-middle-inner\"><img loading=\"lazy\" decoding=\"async\" width=\"150\" height=\"131\" src=\"https:\/\/yesilyurtyay.com.tr\/wp-content\/uploads\/2020\/02\/yucel-boru-150x131.png\" class=\"attachment-thumbnail\" alt=\"\" title=\"yucel-boru\" \/><\/div>\n                                            <div class=\"content-middle-inner\"><img loading=\"lazy\" decoding=\"async\" width=\"150\" height=\"131\" src=\"https:\/\/yesilyurtyay.com.tr\/wp-content\/uploads\/2020\/02\/zf-sa-150x131.png\" class=\"attachment-thumbnail\" alt=\"\" title=\"zf-sa\" \/><\/div>\n                                            <div class=\"content-middle-inner\"><img loading=\"lazy\" decoding=\"async\" width=\"150\" height=\"109\" src=\"https:\/\/yesilyurtyay.com.tr\/wp-content\/uploads\/2020\/02\/piksel-vadisi-1-150x109.png\" class=\"attachment-thumbnail\" alt=\"\" title=\"piksel-vadisi\" \/><\/div>\n                    \t\t\t    <\/div>\n            <\/div>\n            [\/vc_column_inner][\/vc_row_inner][\/vc_column][\/vc_row]<\/p>\n<\/section>","protected":false},"excerpt":{"rendered":"<p>[vc_row layout=&#8221;boxed&#8221; parallax_style=&#8221;none&#8221; parallax_scroll_effect=&#8221;fixed&#8221; el_class=&#8221;margin-bottom-100&#8243;][vc_column width=&#8221;1\/2&#8243;][vc_row_inner parallax_style=&#8221;none&#8221; video_link=&#8221;&#8221; parallax_scroll_effect=&#8221;fixed&#8221;][vc_column_inner width=&#8221;1\/2&#8243;][vc_single_image image=&#8221;973&#8243; img_size=&#8221;full&#8221; alignment=&#8221;center&#8221; el_class=&#8221;darna-single-image-style xs-margin-bottom-15&#8243;][\/vc_column_inner][vc_column_inner width=&#8221;1\/2&#8243;][vc_single_image image=&#8221;975&#8243; img_size=&#8221;full&#8221; alignment=&#8221;center&#8221; el_class=&#8221;darna-single-image-style&#8221; css=&#8221;.vc_custom_1581275571188{margin-bottom: 18px !important;}&#8221;][vc_single_image image=&#8221;974&#8243; img_size=&#8221;full&#8221; alignment=&#8221;center&#8221; el_class=&#8221;darna-single-image-style xs-margin-bottom-15&#8243;][\/vc_column_inner][\/vc_row_inner][\/vc_column][vc_column width=&#8221;1\/2&#8243;][\/vc_column][\/vc_row][vc_row parallax_style=&#8221;none&#8221; parallax_scroll_effect=&#8221;fixed&#8221; css=&#8221;.vc_custom_1581271511261{background-image: url(https:\/\/yesilyurtyay.com.tr\/wp-content\/uploads\/2020\/02\/yay-imalati.jpg?id=947) !important;background-position: center !important;background-repeat: no-repeat !important;background-size: cover !important;}&#8221;][vc_column][\/vc_column][\/vc_row][vc_row layout=&#8221;boxed&#8221; parallax_style=&#8221;none&#8221; parallax_scroll_effect=&#8221;fixed&#8221; el_class=&#8221;bg-gray&#8221;][vc_column width=&#8221;1\/2&#8243; el_class=&#8221;margin-top-100 md-margin-bottom-100 col-md-6 col-sm-12 col-xs-12&#8243;][vc_tta_tabs shape=&#8221;square&#8221; color=&#8221;white&#8221; spacing=&#8221;&#8221; active_section=&#8221;1&#8243; title=&#8221;NEDEN [&hellip;]<\/p>\n","protected":false},"author":1,"featured_media":0,"parent":0,"menu_order":0,"comment_status":"closed","ping_status":"closed","template":"","meta":{"footnotes":"","_joinchat":[]},"yoast_head":"<!-- This site is optimized with the Yoast SEO plugin v21.5 - https:\/\/yoast.com\/wordpress\/plugins\/seo\/ -->\n<title>\u0646\u062d\u0646\u00a0\u0645\u0646 - Ye\u015fil Yurt Yay<\/title>\n<meta name=\"robots\" content=\"index, follow, max-snippet:-1, max-image-preview:large, max-video-preview:-1\" \/>\n<link rel=\"canonical\" href=\"https:\/\/yesilyurtyay.com.tr\/en\/hakkimizda\/\" \/>\n<meta property=\"og:locale\" content=\"ar_AR\" \/>\n<meta property=\"og:type\" content=\"article\" \/>\n<meta property=\"og:title\" content=\"\u0646\u062d\u0646\u00a0\u0645\u0646 - Ye\u015fil Yurt Yay\" \/>\n<meta property=\"og:description\" content=\"[vc_row layout=&#8221;boxed&#8221; parallax_style=&#8221;none&#8221; parallax_scroll_effect=&#8221;fixed&#8221; el_class=&#8221;margin-bottom-100&#8243;][vc_column width=&#8221;1\/2&#8243;][vc_row_inner parallax_style=&#8221;none&#8221; video_link=&#8221;&#8221; parallax_scroll_effect=&#8221;fixed&#8221;][vc_column_inner width=&#8221;1\/2&#8243;][vc_single_image image=&#8221;973&#8243; img_size=&#8221;full&#8221; alignment=&#8221;center&#8221; el_class=&#8221;darna-single-image-style xs-margin-bottom-15&#8243;][\/vc_column_inner][vc_column_inner width=&#8221;1\/2&#8243;][vc_single_image image=&#8221;975&#8243; img_size=&#8221;full&#8221; alignment=&#8221;center&#8221; el_class=&#8221;darna-single-image-style&#8221; css=&#8221;.vc_custom_1581275571188{margin-bottom: 18px !important;}&#8221;][vc_single_image image=&#8221;974&#8243; img_size=&#8221;full&#8221; alignment=&#8221;center&#8221; el_class=&#8221;darna-single-image-style xs-margin-bottom-15&#8243;][\/vc_column_inner][\/vc_row_inner][\/vc_column][vc_column width=&#8221;1\/2&#8243;][\/vc_column][\/vc_row][vc_row parallax_style=&#8221;none&#8221; parallax_scroll_effect=&#8221;fixed&#8221; css=&#8221;.vc_custom_1581271511261{background-image: url(https:\/\/yesilyurtyay.com.tr\/wp-content\/uploads\/2020\/02\/yay-imalati.jpg?id=947) !important;background-position: center !important;background-repeat: no-repeat !important;background-size: cover !important;}&#8221;][vc_column][\/vc_column][\/vc_row][vc_row layout=&#8221;boxed&#8221; parallax_style=&#8221;none&#8221; parallax_scroll_effect=&#8221;fixed&#8221; el_class=&#8221;bg-gray&#8221;][vc_column width=&#8221;1\/2&#8243; el_class=&#8221;margin-top-100 md-margin-bottom-100 col-md-6 col-sm-12 col-xs-12&#8243;][vc_tta_tabs shape=&#8221;square&#8221; color=&#8221;white&#8221; spacing=&#8221;&#8221; active_section=&#8221;1&#8243; title=&#8221;NEDEN [&hellip;]\" \/>\n<meta property=\"og:url\" content=\"https:\/\/yesilyurtyay.com.tr\/en\/hakkimizda\/\" \/>\n<meta property=\"og:site_name\" content=\"Ye\u015fil Yurt Yay\" \/>\n<meta property=\"article:modified_time\" content=\"2020-03-20T16:24:47+00:00\" \/>\n<meta property=\"og:image\" content=\"https:\/\/yesilyurtyay.com.tr\/wp-content\/uploads\/2020\/02\/tab-images-1.png\" \/>\n<meta name=\"twitter:card\" content=\"summary_large_image\" \/>\n<meta name=\"twitter:label1\" content=\"\u0648\u0642\u062a \u0627\u0644\u0642\u0631\u0627\u0621\u0629 \u0627\u0644\u0645\u064f\u0642\u062f\u0651\u0631\" \/>\n\t<meta name=\"twitter:data1\" content=\"11 \u062f\u0642\u064a\u0642\u0629\" \/>\n<script type=\"application\/ld+json\" class=\"yoast-schema-graph\">{\"@context\":\"https:\/\/schema.org\",\"@graph\":[{\"@type\":\"WebPage\",\"@id\":\"https:\/\/yesilyurtyay.com.tr\/en\/hakkimizda\/\",\"url\":\"https:\/\/yesilyurtyay.com.tr\/en\/hakkimizda\/\",\"name\":\"\u0646\u062d\u0646\u00a0\u0645\u0646 - Ye\u015fil Yurt Yay\",\"isPartOf\":{\"@id\":\"https:\/\/yesilyurtyay.com.tr\/en\/#website\"},\"datePublished\":\"2015-07-18T09:24:26+00:00\",\"dateModified\":\"2020-03-20T16:24:47+00:00\",\"breadcrumb\":{\"@id\":\"https:\/\/yesilyurtyay.com.tr\/en\/hakkimizda\/#breadcrumb\"},\"inLanguage\":\"ar\",\"potentialAction\":[{\"@type\":\"ReadAction\",\"target\":[\"https:\/\/yesilyurtyay.com.tr\/en\/hakkimizda\/\"]}]},{\"@type\":\"BreadcrumbList\",\"@id\":\"https:\/\/yesilyurtyay.com.tr\/en\/hakkimizda\/#breadcrumb\",\"itemListElement\":[{\"@type\":\"ListItem\",\"position\":1,\"name\":\"Ana sayfa\",\"item\":\"https:\/\/yesilyurtyay.com.tr\/en\/\"},{\"@type\":\"ListItem\",\"position\":2,\"name\":\"About us\"}]},{\"@type\":\"WebSite\",\"@id\":\"https:\/\/yesilyurtyay.com.tr\/en\/#website\",\"url\":\"https:\/\/yesilyurtyay.com.tr\/en\/\",\"name\":\"Ye\u015fil Yurt Yay\",\"description\":\"Yayl\u0131 Kalite\",\"potentialAction\":[{\"@type\":\"SearchAction\",\"target\":{\"@type\":\"EntryPoint\",\"urlTemplate\":\"https:\/\/yesilyurtyay.com.tr\/en\/?s={search_term_string}\"},\"query-input\":\"required name=search_term_string\"}],\"inLanguage\":\"ar\"}]}<\/script>\n<!-- \/ Yoast SEO plugin. -->","yoast_head_json":{"title":"\u0646\u062d\u0646\u00a0\u0645\u0646 - Ye\u015fil Yurt Yay","robots":{"index":"index","follow":"follow","max-snippet":"max-snippet:-1","max-image-preview":"max-image-preview:large","max-video-preview":"max-video-preview:-1"},"canonical":"https:\/\/yesilyurtyay.com.tr\/en\/hakkimizda\/","og_locale":"ar_AR","og_type":"article","og_title":"\u0646\u062d\u0646\u00a0\u0645\u0646 - Ye\u015fil Yurt Yay","og_description":"[vc_row layout=&#8221;boxed&#8221; parallax_style=&#8221;none&#8221; parallax_scroll_effect=&#8221;fixed&#8221; el_class=&#8221;margin-bottom-100&#8243;][vc_column width=&#8221;1\/2&#8243;][vc_row_inner parallax_style=&#8221;none&#8221; video_link=&#8221;&#8221; parallax_scroll_effect=&#8221;fixed&#8221;][vc_column_inner width=&#8221;1\/2&#8243;][vc_single_image image=&#8221;973&#8243; img_size=&#8221;full&#8221; alignment=&#8221;center&#8221; el_class=&#8221;darna-single-image-style xs-margin-bottom-15&#8243;][\/vc_column_inner][vc_column_inner width=&#8221;1\/2&#8243;][vc_single_image image=&#8221;975&#8243; img_size=&#8221;full&#8221; alignment=&#8221;center&#8221; el_class=&#8221;darna-single-image-style&#8221; css=&#8221;.vc_custom_1581275571188{margin-bottom: 18px !important;}&#8221;][vc_single_image image=&#8221;974&#8243; img_size=&#8221;full&#8221; alignment=&#8221;center&#8221; el_class=&#8221;darna-single-image-style xs-margin-bottom-15&#8243;][\/vc_column_inner][\/vc_row_inner][\/vc_column][vc_column width=&#8221;1\/2&#8243;][\/vc_column][\/vc_row][vc_row parallax_style=&#8221;none&#8221; parallax_scroll_effect=&#8221;fixed&#8221; css=&#8221;.vc_custom_1581271511261{background-image: url(https:\/\/yesilyurtyay.com.tr\/wp-content\/uploads\/2020\/02\/yay-imalati.jpg?id=947) !important;background-position: center !important;background-repeat: no-repeat !important;background-size: cover !important;}&#8221;][vc_column][\/vc_column][\/vc_row][vc_row layout=&#8221;boxed&#8221; parallax_style=&#8221;none&#8221; parallax_scroll_effect=&#8221;fixed&#8221; el_class=&#8221;bg-gray&#8221;][vc_column width=&#8221;1\/2&#8243; el_class=&#8221;margin-top-100 md-margin-bottom-100 col-md-6 col-sm-12 col-xs-12&#8243;][vc_tta_tabs shape=&#8221;square&#8221; color=&#8221;white&#8221; spacing=&#8221;&#8221; active_section=&#8221;1&#8243; title=&#8221;NEDEN [&hellip;]","og_url":"https:\/\/yesilyurtyay.com.tr\/en\/hakkimizda\/","og_site_name":"Ye\u015fil Yurt Yay","article_modified_time":"2020-03-20T16:24:47+00:00","og_image":[{"url":"https:\/\/yesilyurtyay.com.tr\/wp-content\/uploads\/2020\/02\/tab-images-1.png"}],"twitter_card":"summary_large_image","twitter_misc":{"\u0648\u0642\u062a \u0627\u0644\u0642\u0631\u0627\u0621\u0629 \u0627\u0644\u0645\u064f\u0642\u062f\u0651\u0631":"11 \u062f\u0642\u064a\u0642\u0629"},"schema":{"@context":"https:\/\/schema.org","@graph":[{"@type":"WebPage","@id":"https:\/\/yesilyurtyay.com.tr\/en\/hakkimizda\/","url":"https:\/\/yesilyurtyay.com.tr\/en\/hakkimizda\/","name":"\u0646\u062d\u0646\u00a0\u0645\u0646 - Ye\u015fil Yurt Yay","isPartOf":{"@id":"https:\/\/yesilyurtyay.com.tr\/en\/#website"},"datePublished":"2015-07-18T09:24:26+00:00","dateModified":"2020-03-20T16:24:47+00:00","breadcrumb":{"@id":"https:\/\/yesilyurtyay.com.tr\/en\/hakkimizda\/#breadcrumb"},"inLanguage":"ar","potentialAction":[{"@type":"ReadAction","target":["https:\/\/yesilyurtyay.com.tr\/en\/hakkimizda\/"]}]},{"@type":"BreadcrumbList","@id":"https:\/\/yesilyurtyay.com.tr\/en\/hakkimizda\/#breadcrumb","itemListElement":[{"@type":"ListItem","position":1,"name":"Ana sayfa","item":"https:\/\/yesilyurtyay.com.tr\/en\/"},{"@type":"ListItem","position":2,"name":"About us"}]},{"@type":"WebSite","@id":"https:\/\/yesilyurtyay.com.tr\/en\/#website","url":"https:\/\/yesilyurtyay.com.tr\/en\/","name":"Ye\u015fil Yurt Yay","description":"Yayl\u0131 Kalite","potentialAction":[{"@type":"SearchAction","target":{"@type":"EntryPoint","urlTemplate":"https:\/\/yesilyurtyay.com.tr\/en\/?s={search_term_string}"},"query-input":"required name=search_term_string"}],"inLanguage":"ar"}]}},"_links":{"self":[{"href":"https:\/\/yesilyurtyay.com.tr\/ar\/wp-json\/wp\/v2\/pages\/115"}],"collection":[{"href":"https:\/\/yesilyurtyay.com.tr\/ar\/wp-json\/wp\/v2\/pages"}],"about":[{"href":"https:\/\/yesilyurtyay.com.tr\/ar\/wp-json\/wp\/v2\/types\/page"}],"author":[{"embeddable":true,"href":"https:\/\/yesilyurtyay.com.tr\/ar\/wp-json\/wp\/v2\/users\/1"}],"replies":[{"embeddable":true,"href":"https:\/\/yesilyurtyay.com.tr\/ar\/wp-json\/wp\/v2\/comments?post=115"}],"version-history":[{"count":43,"href":"https:\/\/yesilyurtyay.com.tr\/ar\/wp-json\/wp\/v2\/pages\/115\/revisions"}],"predecessor-version":[{"id":1342,"href":"https:\/\/yesilyurtyay.com.tr\/ar\/wp-json\/wp\/v2\/pages\/115\/revisions\/1342"}],"wp:attachment":[{"href":"https:\/\/yesilyurtyay.com.tr\/ar\/wp-json\/wp\/v2\/media?parent=115"}],"curies":[{"name":"wp","href":"https:\/\/api.w.org\/{rel}","templated":true}]}}